{"id":1285,"date":"2024-01-19T12:06:16","date_gmt":"2024-01-19T11:06:16","guid":{"rendered":"https:\/\/padredamian.onlinevalles.club\/?page_id=1285"},"modified":"2024-10-29T12:23:53","modified_gmt":"2024-10-29T11:23:53","slug":"antics-alumnes","status":"publish","type":"page","link":"https:\/\/padredamian.onlinevalles.club\/en\/el-col%c2%b7legi\/antics-alumnes\/","title":{"rendered":"Alumni"},"content":{"rendered":"<style>.kb-row-layout-id1285_c53f01-6b > .kt-row-column-wrap{align-content:center;}:where(.kb-row-layout-id1285_c53f01-6b > .kt-row-column-wrap) > .wp-block-kadence-column{justify-content:center;}.kb-row-layout-id1285_c53f01-6b > .kt-row-column-wrap{column-gap:var(--global-kb-gap-md, 2rem);row-gap:var(--global-kb-gap-md, 2rem);max-width:var( --global-content-width, 1290px );padding-left:var(--global-content-edge-padding);padding-right:var(--global-content-edge-padding);padding-top:var(--global-kb-spacing-lg, 3rem);padding-bottom:var(--global-kb-spacing-lg, 3rem);min-height:400px;grid-template-columns:minmax(0, 1fr);}.kb-row-layout-id1285_c53f01-6b{background-image:url('https:\/\/padredamian.onlinevalles.club\/wp-content\/uploads\/2024\/10\/foto_exalumnes.jpg');background-size:cover;background-position:50% 72%;background-attachment:scroll;background-repeat:no-repeat;}.kb-row-layout-id1285_c53f01-6b > .kt-row-layout-overlay{opacity:0.30;background-color:var(--global-palette3, #1A202C);mix-blend-mode:multiply;}.kb-row-layout-id1285_c53f01-6b ,.kb-row-layout-id1285_c53f01-6b h1,.kb-row-layout-id1285_c53f01-6b h2,.kb-row-layout-id1285_c53f01-6b h3,.kb-row-layout-id1285_c53f01-6b h4,.kb-row-layout-id1285_c53f01-6b h5,.kb-row-layout-id1285_c53f01-6b h6{color:var(--global-palette9, #ffffff);}.kb-row-layout-id1285_c53f01-6b a{color:var(--global-palette9, #ffffff);}.kb-row-layout-id1285_c53f01-6b a:hover{color:var(--global-palette8, #F7FAFC);}@media all and (max-width: 1024px){.kb-row-layout-id1285_c53f01-6b > .kt-row-column-wrap{grid-template-columns:minmax(0, 1fr);}}@media all and (max-width: 767px){.kb-row-layout-id1285_c53f01-6b > .kt-row-column-wrap{grid-template-columns:minmax(0, 1fr);}}.kb-row-layout-id1285_c53f01-6b {text-align: center;}<\/style><div class=\"kb-row-layout-wrap kb-row-layout-id1285_c53f01-6b alignnone has-theme-palette1-background-color kt-row-has-bg page-title wp-block-kadence-rowlayout\"><div class=\"kt-row-layout-overlay kt-row-overlay-normal\"><\/div><div class=\"kt-row-column-wrap kt-has-1-columns kt-row-layout-equal kt-tab-layout-inherit kt-mobile-layout-row kt-row-valign-middle kb-theme-content-width\">\n<style>.kadence-column1285_97dc88-99 > .kt-inside-inner-col,.kadence-column1285_97dc88-99 > .kt-inside-inner-col:before{border-top-left-radius:0px;border-top-right-radius:0px;border-bottom-right-radius:0px;border-bottom-left-radius:0px;}.kadence-column1285_97dc88-99 > .kt-inside-inner-col{column-gap:var(--global-kb-gap-sm, 1rem);}.kadence-column1285_97dc88-99 > .kt-inside-inner-col{flex-direction:column;}.kadence-column1285_97dc88-99 > .kt-inside-inner-col > .aligncenter{width:100%;}.kadence-column1285_97dc88-99 > .kt-inside-inner-col:before{opacity:0.3;}.kadence-column1285_97dc88-99{position:relative;}@media all and (max-width: 1024px){.kadence-column1285_97dc88-99 > .kt-inside-inner-col{flex-direction:column;}}@media all and (max-width: 767px){.kadence-column1285_97dc88-99 > .kt-inside-inner-col{flex-direction:column;}}<\/style>\n<div class=\"wp-block-kadence-column kadence-column1285_97dc88-99\"><div class=\"kt-inside-inner-col\"><style>.wp-block-kadence-advancedheading.kt-adv-heading1285_8a3788-1a, .wp-block-kadence-advancedheading.kt-adv-heading1285_8a3788-1a[data-kb-block=\"kb-adv-heading1285_8a3788-1a\"]{margin-bottom:var(--global-kb-spacing-xs, 1rem);text-align:center;font-size:var(--global-kb-font-size-xxl, 4rem);font-style:normal;}.wp-block-kadence-advancedheading.kt-adv-heading1285_8a3788-1a mark.kt-highlight, .wp-block-kadence-advancedheading.kt-adv-heading1285_8a3788-1a[data-kb-block=\"kb-adv-heading1285_8a3788-1a\"] mark.kt-highlight{font-style:normal;color:#f76a0c;padding-top:0px;padding-right:0px;padding-bottom:0px;padding-left:0px;}<\/style>\n<h1 class=\"kt-adv-heading1285_8a3788-1a wp-block-kadence-advancedheading\" data-kb-block=\"kb-adv-heading1285_8a3788-1a\">Alumni<\/h1>\n\n\n<nav id=\"kadence-breadcrumbs\" aria-label=\"Breadcrumbs\"  class=\"kadence-breadcrumbs\"><div class=\"kadence-breadcrumb-container\"><span><a href=\"https:\/\/padredamian.onlinevalles.club\/en\/\" title=\"Home\" itemprop=\"url\" class=\"kadence-bc-home kadence-bc-home-icon\" ><span><span class=\"kadence-svg-iconset svg-baseline\"><svg aria-hidden=\"true\" class=\"kadence-svg-icon kadence-home-svg\" fill=\"currentColor\" version=\"1.1\" xmlns=\"http:\/\/www.w3.org\/2000\/svg\" width=\"24\" height=\"24\" viewbox=\"0 0 24 24\"><title>Home<\/title><path d=\"M9.984 20.016h-4.969v-8.016h-3l9.984-9 9.984 9h-3v8.016h-4.969v-6h-4.031v6z\"><\/path>\n\t\t\t\t<\/svg><\/span><\/span><\/a><\/span> <span class=\"bc-delimiter\">\/<\/span> <span class=\"kadence-bread-current\">Alumni<\/span><\/div><\/nav>\n<\/div><\/div>\n\n<\/div><\/div>\n\n<style>.kb-row-layout-id1285_00225e-61 > .kt-row-column-wrap{align-content:start;}:where(.kb-row-layout-id1285_00225e-61 > .kt-row-column-wrap) > .wp-block-kadence-column{justify-content:start;}.kb-row-layout-id1285_00225e-61 > .kt-row-column-wrap{column-gap:var(--global-kb-gap-lg, 4rem);row-gap:var(--global-kb-gap-md, 2rem);max-width:var( --global-content-width, 1290px );padding-left:var(--global-content-edge-padding);padding-right:var(--global-content-edge-padding);padding-top:var(--global-kb-spacing-lg, 3rem);padding-bottom:var(--global-kb-spacing-xl, 4rem);grid-template-columns:minmax(0, calc(25% - ((var(--global-kb-gap-lg, 4rem) * 1 )\/2)))minmax(0, calc(75% - ((var(--global-kb-gap-lg, 4rem) * 1 )\/2)));}.kb-row-layout-id1285_00225e-61 > .kt-row-layout-overlay{opacity:0.30;}@media all and (max-width: 1024px){.kb-row-layout-id1285_00225e-61 > .kt-row-column-wrap{grid-template-columns:minmax(0, 1fr) minmax(0, 2fr);}}@media all and (max-width: 767px){.kb-row-layout-id1285_00225e-61 > .kt-row-column-wrap{grid-template-columns:minmax(0, 1fr);}.kb-row-layout-id1285_00225e-61 > .kt-row-column-wrap > .wp-block-kadence-column:nth-child(1){order:2;}.kb-row-layout-id1285_00225e-61 > .kt-row-column-wrap > .wp-block-kadence-column:nth-child(2){order:1;}.kb-row-layout-id1285_00225e-61 > .kt-row-column-wrap > .wp-block-kadence-column:nth-child(3){order:12;}.kb-row-layout-id1285_00225e-61 > .kt-row-column-wrap > .wp-block-kadence-column:nth-child(4){order:11;}.kb-row-layout-id1285_00225e-61 > .kt-row-column-wrap > .wp-block-kadence-column:nth-child(5){order:22;}.kb-row-layout-id1285_00225e-61 > .kt-row-column-wrap > .wp-block-kadence-column:nth-child(6){order:21;}.kb-row-layout-id1285_00225e-61 > .kt-row-column-wrap > .wp-block-kadence-column:nth-child(7){order:32;}.kb-row-layout-id1285_00225e-61 > .kt-row-column-wrap > .wp-block-kadence-column:nth-child(8){order:31;}}<\/style><div class=\"kb-row-layout-wrap kb-row-layout-id1285_00225e-61 alignnone wp-block-kadence-rowlayout\"><div class=\"kt-row-column-wrap kt-has-2-columns kt-row-layout-right-golden kt-tab-layout-inherit kt-mobile-layout-row kt-row-valign-top kb-theme-content-width\">\n<style>#wrapper.site{overflow:clip;}.kadence-column1285_f9779f-46{--kb-section-setting-offset:80px;}.kadence-column1285_f9779f-46 > .kt-inside-inner-col,.kadence-column1285_f9779f-46 > .kt-inside-inner-col:before{border-top-left-radius:0px;border-top-right-radius:0px;border-bottom-right-radius:0px;border-bottom-left-radius:0px;}.kadence-column1285_f9779f-46 > .kt-inside-inner-col{column-gap:var(--global-kb-gap-sm, 1rem);}.kadence-column1285_f9779f-46 > .kt-inside-inner-col{flex-direction:column;}.kadence-column1285_f9779f-46 > .kt-inside-inner-col > .aligncenter{width:100%;}.kadence-column1285_f9779f-46 > .kt-inside-inner-col:before{opacity:0.3;}.kadence-column1285_f9779f-46{position:relative;}@media all and (max-width: 1024px){.kadence-column1285_f9779f-46 > .kt-inside-inner-col{flex-direction:column;}}@media all and (max-width: 767px){.kadence-column1285_f9779f-46 > .kt-inside-inner-col{flex-direction:column;}}<\/style>\n<div class=\"wp-block-kadence-column kadence-column1285_f9779f-46 kb-section-is-sticky\"><div class=\"kt-inside-inner-col\"><div class=\"shortcode-menu\"><ul class=\"shortcode-menu\"><li class=\"\"><a href=\"https:\/\/padredamian.onlinevalles.club\/en\/el-col%c2%b7legi\/missio-visio-i-valors\/\">Purpose, values and culture<\/a><\/li><li class=\"\"><a href=\"https:\/\/padredamian.onlinevalles.club\/en\/el-col%c2%b7legi\/familia-sscc-congregacio-de-sagrats-cors\/\">SSCC family<\/a><\/li><li class=\"\"><a href=\"https:\/\/padredamian.onlinevalles.club\/en\/el-col%c2%b7legi\/historia\/\">history<\/a><\/li><li class=\"\"><a href=\"https:\/\/padredamian.onlinevalles.club\/en\/el-col%c2%b7legi\/la-nostra-escola-en-xifres\/\">The school in numbers<\/a><\/li><li class=\"\"><a href=\"https:\/\/padredamian.onlinevalles.club\/en\/el-col%c2%b7legi\/reconeixements\/\">acknowledgments<\/a><\/li><li class=\"active\"><a href=\"https:\/\/padredamian.onlinevalles.club\/en\/el-col%c2%b7legi\/antics-alumnes\/\">Alumni<\/a><\/li><li class=\"\"><a href=\"https:\/\/padredamian.onlinevalles.club\/en\/el-col%c2%b7legi\/afa\/\">AFA<\/a><\/li><li class=\"\"><a href=\"https:\/\/padredamian.onlinevalles.club\/en\/el-col%c2%b7legi\/instal%c2%b7lacions\/\">Facilities<\/a><\/li><\/ul><\/div>\n<\/div><\/div>\n\n\n<style>.kadence-column1285_8f8033-e2 > .kt-inside-inner-col,.kadence-column1285_8f8033-e2 > .kt-inside-inner-col:before{border-top-left-radius:0px;border-top-right-radius:0px;border-bottom-right-radius:0px;border-bottom-left-radius:0px;}.kadence-column1285_8f8033-e2 > .kt-inside-inner-col{column-gap:var(--global-kb-gap-sm, 1rem);}.kadence-column1285_8f8033-e2 > .kt-inside-inner-col{flex-direction:column;}.kadence-column1285_8f8033-e2 > .kt-inside-inner-col > .aligncenter{width:100%;}.kadence-column1285_8f8033-e2 > .kt-inside-inner-col:before{opacity:0.3;}.kadence-column1285_8f8033-e2{position:relative;}@media all and (max-width: 1024px){.kadence-column1285_8f8033-e2 > .kt-inside-inner-col{flex-direction:column;}}@media all and (max-width: 767px){.kadence-column1285_8f8033-e2 > .kt-inside-inner-col{flex-direction:column;}}<\/style>\n<div class=\"wp-block-kadence-column kadence-column1285_8f8033-e2\"><div class=\"kt-inside-inner-col\">\n<h2 class=\"wp-block-heading has-theme-palette-1-color has-text-color has-link-color wp-elements-227373abe73cd27076d8055838dcea1c\">SSCC alumni<\/h2>\n\n\n\n<p>Alumni or Former Students of the School are always welcome at the Padre Dami\u00e1n Sagrados Corazones School. The Alumni Association is a large family that fosters the bond and mutual help between all those people who have passed through our classrooms as well as the collaboration with the school and the Congregation of the Sacred Hearts.&nbsp;<\/p>\n\n\n\n<p>Alumni always have the doors of the school open. Many continue to participate in the life of the school in different ways. For example, we have alumni who are:<\/p>\n\n\n\n<ul class=\"wp-block-list\">\n<li>School families<\/li>\n\n\n\n<li>PAS members and teachers<\/li>\n\n\n\n<li>Extracurricular monitors, complementary activities and summer activities<\/li>\n\n\n\n<li>catechists <\/li>\n\n\n\n<li>Yard and dining room guards <\/li>\n\n\n\n<li>Testimonials for professional profiles within the academic and professional guidance of 4th ESO and baccalaureate<\/li>\n\n\n\n<li>Experts who give talks related to the educational project<\/li>\n<\/ul>\n\n\n\n<p>Annually, we celebrate the <strong>Alumni meeting<\/strong> open to all generations.  <\/p>\n\n\n\n<p>To receive all the information related to the <strong>SSCC Alumni<\/strong> you have to fill <a href=\"https:\/\/forms.gle\/KXYWU1qEFWzjP9zJ8\">this form<\/a>.&nbsp;<\/p>\n\n\n\n<p><\/p>\n<\/div><\/div>\n\n<\/div><\/div>","protected":false},"excerpt":{"rendered":"<p>Antics alumnes Alumni SSCC Els Alumni o Antics Alumnes del Col\u00b7legi s\u00f3n sempre benvinguts al Col\u00b7legi Padre Dami\u00e1n Sagrados Corazones. L\u2019Associaci\u00f3 d\u2019Antics Alumnes \u00e9s una gran fam\u00edlia que fomenta el lligam i ajuda m\u00fatua entre totes aquelles persones que han passat per les nostres aules aix\u00ed com&nbsp;la col\u00b7laboraci\u00f3 amb l\u2019escola i la Congregaci\u00f3 dels Sagrats&#8230;<\/p>","protected":false},"author":1,"featured_media":16773,"parent":1036,"menu_order":21,"comment_status":"closed","ping_status":"closed","template":"","meta":{"_acf_changed":false,"_kad_blocks_custom_css":"","_kad_blocks_head_custom_js":"","_kad_blocks_body_custom_js":"","_kad_blocks_footer_custom_js":"","_kadence_starter_templates_imported_post":false,"_kad_post_transparent":"","_kad_post_title":"hide","_kad_post_layout":"normal","_kad_post_sidebar_id":"","_kad_post_content_style":"unboxed","_kad_post_vertical_padding":"","_kad_post_feature":"","_kad_post_feature_position":"","_kad_post_header":false,"_kad_post_footer":false,"_joinchat":[],"footnotes":""},"class_list":["post-1285","page","type-page","status-publish","has-post-thumbnail","hentry"],"acf":[],"taxonomy_info":[],"featured_image_src_large":["https:\/\/padredamian.onlinevalles.club\/wp-content\/uploads\/2024\/02\/alumniweb-1024x445.jpg",1024,445,true],"author_info":{"display_name":"eloi","author_link":"https:\/\/padredamian.onlinevalles.club\/en\/author\/eloi\/"},"comment_info":0,"_links":{"self":[{"href":"https:\/\/padredamian.onlinevalles.club\/en\/wp-json\/wp\/v2\/pages\/1285","targetHints":{"allow":["GET"]}}],"collection":[{"href":"https:\/\/padredamian.onlinevalles.club\/en\/wp-json\/wp\/v2\/pages"}],"about":[{"href":"https:\/\/padredamian.onlinevalles.club\/en\/wp-json\/wp\/v2\/types\/page"}],"author":[{"embeddable":true,"href":"https:\/\/padredamian.onlinevalles.club\/en\/wp-json\/wp\/v2\/users\/1"}],"replies":[{"embeddable":true,"href":"https:\/\/padredamian.onlinevalles.club\/en\/wp-json\/wp\/v2\/comments?post=1285"}],"version-history":[{"count":9,"href":"https:\/\/padredamian.onlinevalles.club\/en\/wp-json\/wp\/v2\/pages\/1285\/revisions"}],"predecessor-version":[{"id":18777,"href":"https:\/\/padredamian.onlinevalles.club\/en\/wp-json\/wp\/v2\/pages\/1285\/revisions\/18777"}],"up":[{"embeddable":true,"href":"https:\/\/padredamian.onlinevalles.club\/en\/wp-json\/wp\/v2\/pages\/1036"}],"wp:featuredmedia":[{"embeddable":true,"href":"https:\/\/padredamian.onlinevalles.club\/en\/wp-json\/wp\/v2\/media\/16773"}],"wp:attachment":[{"href":"https:\/\/padredamian.onlinevalles.club\/en\/wp-json\/wp\/v2\/media?parent=1285"}],"curies":[{"name":"wp","href":"https:\/\/api.w.org\/{rel}","templated":true}]}}