{"id":16321,"date":"2024-01-31T08:20:00","date_gmt":"2024-01-31T07:20:00","guid":{"rendered":"https:\/\/padredamian.onlinevalles.club\/?page_id=16321"},"modified":"2024-06-06T13:17:19","modified_gmt":"2024-06-06T11:17:19","slug":"perfil-de-lalumne","status":"publish","type":"page","link":"https:\/\/padredamian.onlinevalles.club\/en\/projecte-educatiu\/perfil-de-lalumne\/","title":{"rendered":"Student profile"},"content":{"rendered":"<style>.kb-row-layout-id16321_a059eb-4c > .kt-row-column-wrap{align-content:center;}:where(.kb-row-layout-id16321_a059eb-4c > .kt-row-column-wrap) > .wp-block-kadence-column{justify-content:center;}.kb-row-layout-id16321_a059eb-4c > .kt-row-column-wrap{column-gap:var(--global-kb-gap-md, 2rem);row-gap:var(--global-kb-gap-md, 2rem);max-width:var( --global-content-width, 1290px );padding-left:var(--global-content-edge-padding);padding-right:var(--global-content-edge-padding);padding-top:var(--global-kb-spacing-lg, 3rem);padding-bottom:var(--global-kb-spacing-lg, 3rem);min-height:400px;grid-template-columns:minmax(0, 1fr);}.kb-row-layout-id16321_a059eb-4c{background-image:url('https:\/\/padredamian.onlinevalles.club\/wp-content\/uploads\/2024\/02\/perfil-alumne.jpg');background-size:cover;background-position:50% 43%;background-attachment:scroll;background-repeat:no-repeat;}.kb-row-layout-id16321_a059eb-4c > .kt-row-layout-overlay{opacity:0.30;background-color:var(--global-palette3, #1A202C);mix-blend-mode:multiply;}.kb-row-layout-id16321_a059eb-4c ,.kb-row-layout-id16321_a059eb-4c h1,.kb-row-layout-id16321_a059eb-4c h2,.kb-row-layout-id16321_a059eb-4c h3,.kb-row-layout-id16321_a059eb-4c h4,.kb-row-layout-id16321_a059eb-4c h5,.kb-row-layout-id16321_a059eb-4c h6{color:var(--global-palette9, #ffffff);}.kb-row-layout-id16321_a059eb-4c a{color:var(--global-palette9, #ffffff);}.kb-row-layout-id16321_a059eb-4c a:hover{color:var(--global-palette8, #F7FAFC);}@media all and (max-width: 1024px){.kb-row-layout-id16321_a059eb-4c > .kt-row-column-wrap{grid-template-columns:minmax(0, 1fr);}}@media all and (max-width: 767px){.kb-row-layout-id16321_a059eb-4c > .kt-row-column-wrap{grid-template-columns:minmax(0, 1fr);}}.kb-row-layout-id16321_a059eb-4c {text-align: center;}<\/style><div class=\"kb-row-layout-wrap kb-row-layout-id16321_a059eb-4c alignnone has-theme-palette1-background-color kt-row-has-bg page-title wp-block-kadence-rowlayout\"><div class=\"kt-row-layout-overlay kt-row-overlay-normal\"><\/div><div class=\"kt-row-column-wrap kt-has-1-columns kt-row-layout-equal kt-tab-layout-inherit kt-mobile-layout-row kt-row-valign-middle kb-theme-content-width\">\n<style>.kadence-column16321_f40059-b1 > .kt-inside-inner-col,.kadence-column16321_f40059-b1 > .kt-inside-inner-col:before{border-top-left-radius:0px;border-top-right-radius:0px;border-bottom-right-radius:0px;border-bottom-left-radius:0px;}.kadence-column16321_f40059-b1 > .kt-inside-inner-col{column-gap:var(--global-kb-gap-sm, 1rem);}.kadence-column16321_f40059-b1 > .kt-inside-inner-col{flex-direction:column;}.kadence-column16321_f40059-b1 > .kt-inside-inner-col > .aligncenter{width:100%;}.kadence-column16321_f40059-b1 > .kt-inside-inner-col:before{opacity:0.3;}.kadence-column16321_f40059-b1{position:relative;}@media all and (max-width: 1024px){.kadence-column16321_f40059-b1 > .kt-inside-inner-col{flex-direction:column;}}@media all and (max-width: 767px){.kadence-column16321_f40059-b1 > .kt-inside-inner-col{flex-direction:column;}}<\/style>\n<div class=\"wp-block-kadence-column kadence-column16321_f40059-b1\"><div class=\"kt-inside-inner-col\"><style>.wp-block-kadence-advancedheading.kt-adv-heading16321_4f53c9-d6, .wp-block-kadence-advancedheading.kt-adv-heading16321_4f53c9-d6[data-kb-block=\"kb-adv-heading16321_4f53c9-d6\"]{margin-bottom:var(--global-kb-spacing-xs, 1rem);text-align:center;font-size:var(--global-kb-font-size-xxl, 4rem);font-style:normal;}.wp-block-kadence-advancedheading.kt-adv-heading16321_4f53c9-d6 mark.kt-highlight, .wp-block-kadence-advancedheading.kt-adv-heading16321_4f53c9-d6[data-kb-block=\"kb-adv-heading16321_4f53c9-d6\"] mark.kt-highlight{font-style:normal;color:#f76a0c;padding-top:0px;padding-right:0px;padding-bottom:0px;padding-left:0px;}<\/style>\n<h1 class=\"kt-adv-heading16321_4f53c9-d6 wp-block-kadence-advancedheading\" data-kb-block=\"kb-adv-heading16321_4f53c9-d6\">Student profile<\/h1>\n\n\n<nav id=\"kadence-breadcrumbs\" aria-label=\"Breadcrumbs\"  class=\"kadence-breadcrumbs\"><div class=\"kadence-breadcrumb-container\"><span><a href=\"https:\/\/padredamian.onlinevalles.club\/en\/\" title=\"Home\" itemprop=\"url\" class=\"kadence-bc-home kadence-bc-home-icon\" ><span><span class=\"kadence-svg-iconset svg-baseline\"><svg aria-hidden=\"true\" class=\"kadence-svg-icon kadence-home-svg\" fill=\"currentColor\" version=\"1.1\" xmlns=\"http:\/\/www.w3.org\/2000\/svg\" width=\"24\" height=\"24\" viewbox=\"0 0 24 24\"><title>Home<\/title><path d=\"M9.984 20.016h-4.969v-8.016h-3l9.984-9 9.984 9h-3v8.016h-4.969v-6h-4.031v6z\"><\/path>\n\t\t\t\t<\/svg><\/span><\/span><\/a><\/span> <span class=\"bc-delimiter\">\/<\/span> <span class=\"kadence-bread-current\">Student profile<\/span><\/div><\/nav>\n<\/div><\/div>\n\n<\/div><\/div>\n\n<style>.kb-row-layout-id16321_6f9d4c-bb > .kt-row-column-wrap{align-content:start;}:where(.kb-row-layout-id16321_6f9d4c-bb > .kt-row-column-wrap) > .wp-block-kadence-column{justify-content:start;}.kb-row-layout-id16321_6f9d4c-bb > .kt-row-column-wrap{column-gap:var(--global-kb-gap-lg, 4rem);row-gap:var(--global-kb-gap-md, 2rem);max-width:var( --global-content-width, 1290px );padding-left:var(--global-content-edge-padding);padding-right:var(--global-content-edge-padding);padding-top:var(--global-kb-spacing-lg, 3rem);padding-bottom:var(--global-kb-spacing-xl, 4rem);grid-template-columns:minmax(0, calc(25% - ((var(--global-kb-gap-lg, 4rem) * 1 )\/2)))minmax(0, calc(75% - ((var(--global-kb-gap-lg, 4rem) * 1 )\/2)));}.kb-row-layout-id16321_6f9d4c-bb > .kt-row-layout-overlay{opacity:0.30;}@media all and (max-width: 1024px){.kb-row-layout-id16321_6f9d4c-bb > .kt-row-column-wrap{grid-template-columns:minmax(0, 1fr) minmax(0, 2fr);}}@media all and (max-width: 767px){.kb-row-layout-id16321_6f9d4c-bb > .kt-row-column-wrap{grid-template-columns:minmax(0, 1fr);}.kb-row-layout-id16321_6f9d4c-bb > .kt-row-column-wrap > .wp-block-kadence-column:nth-child(1){order:2;}.kb-row-layout-id16321_6f9d4c-bb > .kt-row-column-wrap > .wp-block-kadence-column:nth-child(2){order:1;}.kb-row-layout-id16321_6f9d4c-bb > .kt-row-column-wrap > .wp-block-kadence-column:nth-child(3){order:12;}.kb-row-layout-id16321_6f9d4c-bb > .kt-row-column-wrap > .wp-block-kadence-column:nth-child(4){order:11;}.kb-row-layout-id16321_6f9d4c-bb > .kt-row-column-wrap > .wp-block-kadence-column:nth-child(5){order:22;}.kb-row-layout-id16321_6f9d4c-bb > .kt-row-column-wrap > .wp-block-kadence-column:nth-child(6){order:21;}.kb-row-layout-id16321_6f9d4c-bb > .kt-row-column-wrap > .wp-block-kadence-column:nth-child(7){order:32;}.kb-row-layout-id16321_6f9d4c-bb > .kt-row-column-wrap > .wp-block-kadence-column:nth-child(8){order:31;}}<\/style><div class=\"kb-row-layout-wrap kb-row-layout-id16321_6f9d4c-bb alignnone wp-block-kadence-rowlayout\"><div class=\"kt-row-column-wrap kt-has-2-columns kt-row-layout-right-golden kt-tab-layout-inherit kt-mobile-layout-row kt-row-valign-top kb-theme-content-width\">\n<style>#wrapper.site{overflow:clip;}.kadence-column16321_aa7446-06{--kb-section-setting-offset:80px;}.kadence-column16321_aa7446-06 > .kt-inside-inner-col,.kadence-column16321_aa7446-06 > .kt-inside-inner-col:before{border-top-left-radius:0px;border-top-right-radius:0px;border-bottom-right-radius:0px;border-bottom-left-radius:0px;}.kadence-column16321_aa7446-06 > .kt-inside-inner-col{column-gap:var(--global-kb-gap-sm, 1rem);}.kadence-column16321_aa7446-06 > .kt-inside-inner-col{flex-direction:column;}.kadence-column16321_aa7446-06 > .kt-inside-inner-col > .aligncenter{width:100%;}.kadence-column16321_aa7446-06 > .kt-inside-inner-col:before{opacity:0.3;}.kadence-column16321_aa7446-06{position:relative;}@media all and (max-width: 1024px){.kadence-column16321_aa7446-06 > .kt-inside-inner-col{flex-direction:column;}}@media all and (max-width: 767px){.kadence-column16321_aa7446-06 > .kt-inside-inner-col{flex-direction:column;}}<\/style>\n<div class=\"wp-block-kadence-column kadence-column16321_aa7446-06 kb-section-is-sticky\"><div class=\"kt-inside-inner-col\"><div class=\"shortcode-menu\"><ul class=\"shortcode-menu\"><li class=\"active\"><a href=\"https:\/\/padredamian.onlinevalles.club\/en\/projecte-educatiu\/perfil-de-lalumne\/\">Student profile<\/a><\/li><li class=\"\"><a href=\"https:\/\/padredamian.onlinevalles.club\/en\/projecte-educatiu\/excellencia-academica\/\">Academic excellence<\/a><\/li><li class=\"\"><a href=\"https:\/\/padredamian.onlinevalles.club\/en\/projecte-educatiu\/model-educatiu\/\">Educational model<\/a><\/li><li class=\"\"><a href=\"https:\/\/padredamian.onlinevalles.club\/en\/projecte-educatiu\/col%c2%b7legi-multilingue\/\">Multilingual school<\/a><\/li><li class=\"\"><a href=\"https:\/\/padredamian.onlinevalles.club\/en\/projecte-educatiu\/col%c2%b7legi-musical\/\">Music school<\/a><\/li><li class=\"\"><a href=\"https:\/\/padredamian.onlinevalles.club\/en\/projecte-educatiu\/estrategia-digital-de-centre\/\">Center Digital Strategy<\/a><\/li><li class=\"\"><a href=\"https:\/\/padredamian.onlinevalles.club\/en\/projecte-educatiu\/projecte-dinterioritat\/\">Interior project<\/a><\/li><li class=\"\"><a href=\"https:\/\/padredamian.onlinevalles.club\/en\/projecte-educatiu\/atencio-personalitzada\/\">Personal support<\/a><\/li><\/ul><\/div>\n<\/div><\/div>\n\n\n<style>.kadence-column16321_03bb9b-9f > .kt-inside-inner-col,.kadence-column16321_03bb9b-9f > .kt-inside-inner-col:before{border-top-left-radius:0px;border-top-right-radius:0px;border-bottom-right-radius:0px;border-bottom-left-radius:0px;}.kadence-column16321_03bb9b-9f > .kt-inside-inner-col{column-gap:var(--global-kb-gap-sm, 1rem);}.kadence-column16321_03bb9b-9f > .kt-inside-inner-col{flex-direction:column;}.kadence-column16321_03bb9b-9f > .kt-inside-inner-col > .aligncenter{width:100%;}.kadence-column16321_03bb9b-9f > .kt-inside-inner-col:before{opacity:0.3;}.kadence-column16321_03bb9b-9f{position:relative;}@media all and (max-width: 1024px){.kadence-column16321_03bb9b-9f > .kt-inside-inner-col{flex-direction:column;}}@media all and (max-width: 767px){.kadence-column16321_03bb9b-9f > .kt-inside-inner-col{flex-direction:column;}}<\/style>\n<div class=\"wp-block-kadence-column kadence-column16321_03bb9b-9f\"><div class=\"kt-inside-inner-col\">\n<h2 class=\"wp-block-heading has-theme-palette-1-color has-text-color has-link-color wp-elements-445539f0ad9826b0c8c4fb3dff1f6ad0\">Educating from the heart for a better world<\/h2>\n\n\n\n<p>At the school we are firm advocates that the best teaching model is one based on motivation, cooperation and the formation of critical thinking to promote meaningful, diversified and authentic learning.&nbsp;<\/p>\n\n\n\n<p>With this aim, we have developed the<strong> <\/strong><a href=\"https:\/\/padredamiansscc.org\/wp-content\/uploads\/2018\/10\/Perfil_de_l_alumne.pdf\"><strong>Student profile<\/strong><\/a>, a reference document that sets out the profile of the ideal student, in relation to the transversal and common aspects, considering the technical and professional skills that are worked on in the various subjects, the tools necessary to achieve it. The student described is the model example after completing the Baccalaureate at the school. The aim of our teaching is to define a differentiating educational model in which our students not only integrate the skills set by the law, but also those set by the profile.<\/p>\n\n\n\n<p>Based on this profile, we work so that our students, when they leave school, are <strong>independent people<\/strong> with <strong>initiative and freedom<\/strong>, committed to the society in which they live, with the desire to build a better world thanks to the development of their <strong>spirituality<\/strong>. We want them to maximize their potential <strong>creativity<\/strong> and be <strong>innovative<\/strong>, with a conscience<strong> sustainable<\/strong> and one <strong>intercultural dimension<\/strong>l. It is very important to us that you purchase one<strong> solid intellectual training<\/strong> with a strong<strong> sense of belonging<\/strong>, that they feel at home at school, that they are happy to develop their talents to the maximum. we want <strong>educate the heart, from the heart<\/strong> for them to be <strong>empathic people<\/strong>, close to others with a <strong>healthy and healthy life<\/strong>.&nbsp;<\/p>\n\n\n<style>.kb-image16321_3db48e-47 .kb-image-has-overlay:after{opacity:0.3;}<\/style>\n<figure class=\"wp-block-kadence-image kb-image16321_3db48e-47 size-full\"><img loading=\"lazy\" decoding=\"async\" width=\"2000\" height=\"1434\" src=\"https:\/\/padredamian.onlinevalles.club\/wp-content\/uploads\/2024\/02\/Perfil_de_l_alumne.jpg\" alt=\"\" class=\"kb-img wp-image-16780\" srcset=\"https:\/\/padredamian.onlinevalles.club\/wp-content\/uploads\/2024\/02\/Perfil_de_l_alumne.jpg 2000w, https:\/\/padredamian.onlinevalles.club\/wp-content\/uploads\/2024\/02\/Perfil_de_l_alumne-300x215.jpg 300w, https:\/\/padredamian.onlinevalles.club\/wp-content\/uploads\/2024\/02\/Perfil_de_l_alumne-1024x734.jpg 1024w, https:\/\/padredamian.onlinevalles.club\/wp-content\/uploads\/2024\/02\/Perfil_de_l_alumne-768x551.jpg 768w, https:\/\/padredamian.onlinevalles.club\/wp-content\/uploads\/2024\/02\/Perfil_de_l_alumne-1536x1101.jpg 1536w\" sizes=\"auto, (max-width: 2000px) 100vw, 2000px\" \/><\/figure>\n<\/div><\/div>\n\n<\/div><\/div>","protected":false},"excerpt":{"rendered":"<p>Perfil de l&#8217;alumne Educant des del cor per un m\u00f3n millor A l\u2019escola som ferms defensors que el millor model d\u2019ensenyament \u00e9s aquell basat en la motivaci\u00f3, la cooperaci\u00f3 i la formaci\u00f3 del pensament cr\u00edtic per potenciar un aprenentatge significatiu, diversificat i aut\u00e8ntic.&nbsp; Amb aquest objectiu, hem desenvolupat el Perfil de l&#8217;Alumne, un document refer\u00e8ncia&#8230;<\/p>","protected":false},"author":1,"featured_media":16782,"parent":1037,"menu_order":48,"comment_status":"closed","ping_status":"closed","template":"","meta":{"_acf_changed":false,"_kad_blocks_custom_css":"","_kad_blocks_head_custom_js":"","_kad_blocks_body_custom_js":"","_kad_blocks_footer_custom_js":"","_kadence_starter_templates_imported_post":false,"_kad_post_transparent":"","_kad_post_title":"hide","_kad_post_layout":"fullwidth","_kad_post_sidebar_id":"","_kad_post_content_style":"unboxed","_kad_post_vertical_padding":"","_kad_post_feature":"","_kad_post_feature_position":"","_kad_post_header":false,"_kad_post_footer":false,"_joinchat":[],"footnotes":""},"class_list":["post-16321","page","type-page","status-publish","has-post-thumbnail","hentry"],"acf":[],"taxonomy_info":[],"featured_image_src_large":["https:\/\/padredamian.onlinevalles.club\/wp-content\/uploads\/2024\/02\/perfil-alumne-1024x683.jpg",1024,683,true],"author_info":{"display_name":"eloi","author_link":"https:\/\/padredamian.onlinevalles.club\/en\/author\/eloi\/"},"comment_info":0,"_links":{"self":[{"href":"https:\/\/padredamian.onlinevalles.club\/en\/wp-json\/wp\/v2\/pages\/16321","targetHints":{"allow":["GET"]}}],"collection":[{"href":"https:\/\/padredamian.onlinevalles.club\/en\/wp-json\/wp\/v2\/pages"}],"about":[{"href":"https:\/\/padredamian.onlinevalles.club\/en\/wp-json\/wp\/v2\/types\/page"}],"author":[{"embeddable":true,"href":"https:\/\/padredamian.onlinevalles.club\/en\/wp-json\/wp\/v2\/users\/1"}],"replies":[{"embeddable":true,"href":"https:\/\/padredamian.onlinevalles.club\/en\/wp-json\/wp\/v2\/comments?post=16321"}],"version-history":[{"count":7,"href":"https:\/\/padredamian.onlinevalles.club\/en\/wp-json\/wp\/v2\/pages\/16321\/revisions"}],"predecessor-version":[{"id":17887,"href":"https:\/\/padredamian.onlinevalles.club\/en\/wp-json\/wp\/v2\/pages\/16321\/revisions\/17887"}],"up":[{"embeddable":true,"href":"https:\/\/padredamian.onlinevalles.club\/en\/wp-json\/wp\/v2\/pages\/1037"}],"wp:featuredmedia":[{"embeddable":true,"href":"https:\/\/padredamian.onlinevalles.club\/en\/wp-json\/wp\/v2\/media\/16782"}],"wp:attachment":[{"href":"https:\/\/padredamian.onlinevalles.club\/en\/wp-json\/wp\/v2\/media?parent=16321"}],"curies":[{"name":"wp","href":"https:\/\/api.w.org\/{rel}","templated":true}]}}