{"id":16354,"date":"2024-01-31T08:40:54","date_gmt":"2024-01-31T07:40:54","guid":{"rendered":"https:\/\/padredamian.onlinevalles.club\/?page_id=16354"},"modified":"2024-10-10T16:11:33","modified_gmt":"2024-10-10T14:11:33","slug":"infermeria","status":"publish","type":"page","link":"https:\/\/padredamian.onlinevalles.club\/en\/serveis\/infermeria\/","title":{"rendered":"nursing"},"content":{"rendered":"<style>.kb-row-layout-id16354_60a7f0-04 > .kt-row-column-wrap{align-content:center;}:where(.kb-row-layout-id16354_60a7f0-04 > .kt-row-column-wrap) > .wp-block-kadence-column{justify-content:center;}.kb-row-layout-id16354_60a7f0-04 > .kt-row-column-wrap{column-gap:var(--global-kb-gap-md, 2rem);row-gap:var(--global-kb-gap-md, 2rem);max-width:var( --global-content-width, 1290px );padding-left:var(--global-content-edge-padding);padding-right:var(--global-content-edge-padding);padding-top:var(--global-kb-spacing-lg, 3rem);padding-bottom:var(--global-kb-spacing-lg, 3rem);min-height:400px;grid-template-columns:minmax(0, 1fr);}.kb-row-layout-id16354_60a7f0-04{background-image:url('https:\/\/padredamian.onlinevalles.club\/wp-content\/uploads\/2024\/05\/IMG_8675-scaled.jpg');background-size:cover;background-position:46% 37%;background-attachment:scroll;background-repeat:no-repeat;}.kb-row-layout-id16354_60a7f0-04 > .kt-row-layout-overlay{opacity:0.30;background-color:var(--global-palette3, #1A202C);mix-blend-mode:multiply;}.kb-row-layout-id16354_60a7f0-04 ,.kb-row-layout-id16354_60a7f0-04 h1,.kb-row-layout-id16354_60a7f0-04 h2,.kb-row-layout-id16354_60a7f0-04 h3,.kb-row-layout-id16354_60a7f0-04 h4,.kb-row-layout-id16354_60a7f0-04 h5,.kb-row-layout-id16354_60a7f0-04 h6{color:var(--global-palette9, #ffffff);}.kb-row-layout-id16354_60a7f0-04 a{color:var(--global-palette9, #ffffff);}.kb-row-layout-id16354_60a7f0-04 a:hover{color:var(--global-palette8, #F7FAFC);}@media all and (max-width: 1024px){.kb-row-layout-id16354_60a7f0-04 > .kt-row-column-wrap{grid-template-columns:minmax(0, 1fr);}}@media all and (max-width: 767px){.kb-row-layout-id16354_60a7f0-04 > .kt-row-column-wrap{grid-template-columns:minmax(0, 1fr);}}.kb-row-layout-id16354_60a7f0-04 {text-align: center;}<\/style><div class=\"kb-row-layout-wrap kb-row-layout-id16354_60a7f0-04 alignnone has-theme-palette1-background-color kt-row-has-bg page-title wp-block-kadence-rowlayout\"><div class=\"kt-row-layout-overlay kt-row-overlay-normal\"><\/div><div class=\"kt-row-column-wrap kt-has-1-columns kt-row-layout-equal kt-tab-layout-inherit kt-mobile-layout-row kt-row-valign-middle kb-theme-content-width\">\n<style>.kadence-column16354_4b2328-f2 > .kt-inside-inner-col,.kadence-column16354_4b2328-f2 > .kt-inside-inner-col:before{border-top-left-radius:0px;border-top-right-radius:0px;border-bottom-right-radius:0px;border-bottom-left-radius:0px;}.kadence-column16354_4b2328-f2 > .kt-inside-inner-col{column-gap:var(--global-kb-gap-sm, 1rem);}.kadence-column16354_4b2328-f2 > .kt-inside-inner-col{flex-direction:column;}.kadence-column16354_4b2328-f2 > .kt-inside-inner-col > .aligncenter{width:100%;}.kadence-column16354_4b2328-f2 > .kt-inside-inner-col:before{opacity:0.3;}.kadence-column16354_4b2328-f2{position:relative;}@media all and (max-width: 1024px){.kadence-column16354_4b2328-f2 > .kt-inside-inner-col{flex-direction:column;}}@media all and (max-width: 767px){.kadence-column16354_4b2328-f2 > .kt-inside-inner-col{flex-direction:column;}}<\/style>\n<div class=\"wp-block-kadence-column kadence-column16354_4b2328-f2\"><div class=\"kt-inside-inner-col\"><style>.wp-block-kadence-advancedheading.kt-adv-heading16354_4d338a-4d, .wp-block-kadence-advancedheading.kt-adv-heading16354_4d338a-4d[data-kb-block=\"kb-adv-heading16354_4d338a-4d\"]{margin-bottom:var(--global-kb-spacing-xs, 1rem);text-align:center;font-size:var(--global-kb-font-size-xxl, 4rem);font-style:normal;}.wp-block-kadence-advancedheading.kt-adv-heading16354_4d338a-4d mark.kt-highlight, .wp-block-kadence-advancedheading.kt-adv-heading16354_4d338a-4d[data-kb-block=\"kb-adv-heading16354_4d338a-4d\"] mark.kt-highlight{font-style:normal;color:#f76a0c;padding-top:0px;padding-right:0px;padding-bottom:0px;padding-left:0px;}<\/style>\n<h1 class=\"kt-adv-heading16354_4d338a-4d wp-block-kadence-advancedheading\" data-kb-block=\"kb-adv-heading16354_4d338a-4d\">nursing<\/h1>\n\n\n<nav id=\"kadence-breadcrumbs\" aria-label=\"Breadcrumbs\"  class=\"kadence-breadcrumbs\"><div class=\"kadence-breadcrumb-container\"><span><a href=\"https:\/\/padredamian.onlinevalles.club\/en\/\" title=\"Home\" itemprop=\"url\" class=\"kadence-bc-home kadence-bc-home-icon\" ><span><span class=\"kadence-svg-iconset svg-baseline\"><svg aria-hidden=\"true\" class=\"kadence-svg-icon kadence-home-svg\" fill=\"currentColor\" version=\"1.1\" xmlns=\"http:\/\/www.w3.org\/2000\/svg\" width=\"24\" height=\"24\" viewbox=\"0 0 24 24\"><title>Home<\/title><path d=\"M9.984 20.016h-4.969v-8.016h-3l9.984-9 9.984 9h-3v8.016h-4.969v-6h-4.031v6z\"><\/path>\n\t\t\t\t<\/svg><\/span><\/span><\/a><\/span> <span class=\"bc-delimiter\">\/<\/span> <span class=\"kadence-bread-current\">nursing<\/span><\/div><\/nav>\n<\/div><\/div>\n\n<\/div><\/div>\n\n<style>.kb-row-layout-id16354_0241d7-47 > .kt-row-column-wrap{align-content:start;}:where(.kb-row-layout-id16354_0241d7-47 > .kt-row-column-wrap) > .wp-block-kadence-column{justify-content:start;}.kb-row-layout-id16354_0241d7-47 > .kt-row-column-wrap{column-gap:var(--global-kb-gap-lg, 4rem);row-gap:var(--global-kb-gap-md, 2rem);max-width:var( --global-content-width, 1290px );padding-left:var(--global-content-edge-padding);padding-right:var(--global-content-edge-padding);padding-top:var(--global-kb-spacing-lg, 3rem);padding-bottom:var(--global-kb-spacing-xl, 4rem);grid-template-columns:minmax(0, calc(25% - ((var(--global-kb-gap-lg, 4rem) * 1 )\/2)))minmax(0, calc(75% - ((var(--global-kb-gap-lg, 4rem) * 1 )\/2)));}.kb-row-layout-id16354_0241d7-47 > .kt-row-layout-overlay{opacity:0.30;}@media all and (max-width: 1024px){.kb-row-layout-id16354_0241d7-47 > .kt-row-column-wrap{grid-template-columns:minmax(0, 1fr) minmax(0, 2fr);}}@media all and (max-width: 767px){.kb-row-layout-id16354_0241d7-47 > .kt-row-column-wrap{grid-template-columns:minmax(0, 1fr);}.kb-row-layout-id16354_0241d7-47 > .kt-row-column-wrap > .wp-block-kadence-column:nth-child(1){order:2;}.kb-row-layout-id16354_0241d7-47 > .kt-row-column-wrap > .wp-block-kadence-column:nth-child(2){order:1;}.kb-row-layout-id16354_0241d7-47 > .kt-row-column-wrap > .wp-block-kadence-column:nth-child(3){order:12;}.kb-row-layout-id16354_0241d7-47 > .kt-row-column-wrap > .wp-block-kadence-column:nth-child(4){order:11;}.kb-row-layout-id16354_0241d7-47 > .kt-row-column-wrap > .wp-block-kadence-column:nth-child(5){order:22;}.kb-row-layout-id16354_0241d7-47 > .kt-row-column-wrap > .wp-block-kadence-column:nth-child(6){order:21;}.kb-row-layout-id16354_0241d7-47 > .kt-row-column-wrap > .wp-block-kadence-column:nth-child(7){order:32;}.kb-row-layout-id16354_0241d7-47 > .kt-row-column-wrap > .wp-block-kadence-column:nth-child(8){order:31;}}<\/style><div class=\"kb-row-layout-wrap kb-row-layout-id16354_0241d7-47 alignnone wp-block-kadence-rowlayout\"><div class=\"kt-row-column-wrap kt-has-2-columns kt-row-layout-right-golden kt-tab-layout-inherit kt-mobile-layout-row kt-row-valign-top kb-theme-content-width\">\n<style>#wrapper.site{overflow:clip;}.kadence-column16354_b37766-cb{--kb-section-setting-offset:80px;}.kadence-column16354_b37766-cb > .kt-inside-inner-col,.kadence-column16354_b37766-cb > .kt-inside-inner-col:before{border-top-left-radius:0px;border-top-right-radius:0px;border-bottom-right-radius:0px;border-bottom-left-radius:0px;}.kadence-column16354_b37766-cb > .kt-inside-inner-col{column-gap:var(--global-kb-gap-sm, 1rem);}.kadence-column16354_b37766-cb > .kt-inside-inner-col{flex-direction:column;}.kadence-column16354_b37766-cb > .kt-inside-inner-col > .aligncenter{width:100%;}.kadence-column16354_b37766-cb > .kt-inside-inner-col:before{opacity:0.3;}.kadence-column16354_b37766-cb{position:relative;}@media all and (max-width: 1024px){.kadence-column16354_b37766-cb > .kt-inside-inner-col{flex-direction:column;}}@media all and (max-width: 767px){.kadence-column16354_b37766-cb > .kt-inside-inner-col{flex-direction:column;}}<\/style>\n<div class=\"wp-block-kadence-column kadence-column16354_b37766-cb kb-section-is-sticky\"><div class=\"kt-inside-inner-col\"><div class=\"shortcode-menu\"><ul class=\"shortcode-menu\"><li class=\"\"><a href=\"https:\/\/padredamian.onlinevalles.club\/en\/serveis\/acolliment-i-permanencia\/\">Reception and stay<\/a><\/li><li class=\"\"><a href=\"https:\/\/padredamian.onlinevalles.club\/en\/serveis\/menjador\/\">dining room<\/a><\/li><li class=\"active\"><a href=\"https:\/\/padredamian.onlinevalles.club\/en\/serveis\/infermeria\/\">nursing<\/a><\/li><li class=\"\"><a href=\"https:\/\/padredamian.onlinevalles.club\/en\/serveis\/transport-escolar\/\">School transport<\/a><\/li><li class=\"\"><a href=\"https:\/\/padredamian.onlinevalles.club\/en\/serveis\/compra-de-llibres-i-material\/\">Purchase of books and material<\/a><\/li><li class=\"\"><a href=\"https:\/\/padredamian.onlinevalles.club\/en\/serveis\/uniformes\/\">uniforms<\/a><\/li><li class=\"\"><a href=\"https:\/\/padredamian.onlinevalles.club\/en\/serveis\/cantina\/\">canteen<\/a><\/li><li class=\"\"><a href=\"https:\/\/padredamian.onlinevalles.club\/en\/serveis\/logopedia\/\">speech therapy<\/a><\/li><\/ul><\/div>\n<\/div><\/div>\n\n\n<style>.kadence-column16354_15494f-30 > .kt-inside-inner-col,.kadence-column16354_15494f-30 > .kt-inside-inner-col:before{border-top-left-radius:0px;border-top-right-radius:0px;border-bottom-right-radius:0px;border-bottom-left-radius:0px;}.kadence-column16354_15494f-30 > .kt-inside-inner-col{column-gap:var(--global-kb-gap-sm, 1rem);}.kadence-column16354_15494f-30 > .kt-inside-inner-col{flex-direction:column;}.kadence-column16354_15494f-30 > .kt-inside-inner-col > .aligncenter{width:100%;}.kadence-column16354_15494f-30 > .kt-inside-inner-col:before{opacity:0.3;}.kadence-column16354_15494f-30{position:relative;}@media all and (max-width: 1024px){.kadence-column16354_15494f-30 > .kt-inside-inner-col{flex-direction:column;}}@media all and (max-width: 767px){.kadence-column16354_15494f-30 > .kt-inside-inner-col{flex-direction:column;}}<\/style>\n<div class=\"wp-block-kadence-column kadence-column16354_15494f-30\"><div class=\"kt-inside-inner-col\"><style>.wp-block-kadence-advancedheading.kt-adv-heading16354_badfe8-56, .wp-block-kadence-advancedheading.kt-adv-heading16354_badfe8-56[data-kb-block=\"kb-adv-heading16354_badfe8-56\"]{font-style:normal;}.wp-block-kadence-advancedheading.kt-adv-heading16354_badfe8-56 mark.kt-highlight, .wp-block-kadence-advancedheading.kt-adv-heading16354_badfe8-56[data-kb-block=\"kb-adv-heading16354_badfe8-56\"] mark.kt-highlight{font-style:normal;color:#f76a0c;padding-top:0px;padding-right:0px;padding-bottom:0px;padding-left:0px;}<\/style>\n<h2 class=\"kt-adv-heading16354_badfe8-56 wp-block-kadence-advancedheading has-theme-palette-1-color has-text-color\" data-kb-block=\"kb-adv-heading16354_badfe8-56\">The physical and emotional well-being of our children is a fundamental pillar of our educational project<\/h2>\n\n\n\n<p>For this reason, the school has a nursing service run by a Registered Nurse and different health education programs and initiatives.<\/p>\n\n\n\n<p>The infirmary&#039;s opening hours are from 11:00 a.m. to 5:00 p.m. and its contact email is: r.esteban@padredamiansscc.net. <\/p>\n\n\n\n<p>We also have a First Aid training program for teachers, students and families that we present below: <\/p>\n\n\n<style>.kb-image16354_1595f8-4c .kb-image-has-overlay:after{opacity:0.3;}<\/style>\n<figure class=\"wp-block-kadence-image kb-image16354_1595f8-4c size-full\"><img loading=\"lazy\" decoding=\"async\" width=\"2000\" height=\"2830\" src=\"https:\/\/padredamian.onlinevalles.club\/wp-content\/uploads\/2024\/03\/infermeria.png\" alt=\"\" class=\"kb-img wp-image-16814\" srcset=\"https:\/\/padredamian.onlinevalles.club\/wp-content\/uploads\/2024\/03\/infermeria.png 2000w, https:\/\/padredamian.onlinevalles.club\/wp-content\/uploads\/2024\/03\/infermeria-212x300.png 212w, https:\/\/padredamian.onlinevalles.club\/wp-content\/uploads\/2024\/03\/infermeria-724x1024.png 724w, https:\/\/padredamian.onlinevalles.club\/wp-content\/uploads\/2024\/03\/infermeria-768x1087.png 768w, https:\/\/padredamian.onlinevalles.club\/wp-content\/uploads\/2024\/03\/infermeria-1086x1536.png 1086w, https:\/\/padredamian.onlinevalles.club\/wp-content\/uploads\/2024\/03\/infermeria-1447x2048.png 1447w\" sizes=\"auto, (max-width: 2000px) 100vw, 2000px\" \/><\/figure>\n\n\n<style>.kadence-video-popup16354_044d84-a7 .kadence-video-popup-wrap .kadence-video-overlay{opacity:0.3;;mix-blend-mode:none;;background:#000000;;}.kadence-video-popup16354_044d84-a7 .kadence-video-popup-wrap:hover .kadence-video-overlay{opacity:0.5;;}.kadence-video-popup16354_044d84-a7 .kadence-video-popup-wrap{border-top-color:rgba(255,255,255,0.8);border-top-style:solid;border-right-color:rgba(255,255,255,0.8);border-right-style:solid;border-bottom-color:rgba(255,255,255,0.8);border-bottom-style:solid;border-left-color:rgba(255,255,255,0.8);border-left-style:solid;}.kadence-video-popup16354_044d84-a7 .kadence-video-popup-wrap .kt-video-svg-icon{color:#ffffff;}.kadence-video-popup16354_044d84-a7 .kadence-video-popup-wrap .kt-video-svg-icon > svg{stroke-width:2;}.glightbox-kadence-dark.kadence-popup-16354_044d84-a7 .goverlay{background:#000000;opacity:0.8;}.glightbox-container.kadence-popup-16354_044d84-a7 .gclose path, .glightbox-container.kadence-popup-16354_044d84-a7 .gnext path, .glightbox-container.kadence-popup-16354_044d84-a7 .gprev path{fill:#ffffff;}.glightbox-container.kadence-popup-16354_044d84-a7 .gslide-video, .glightbox-container.kadence-popup-16354_044d84-a7 .gvideo-local{max-width:900px !important;}@media all and (max-width: 1024px){.kadence-video-popup16354_044d84-a7 .kadence-video-popup-wrap{border-top-color:rgba(255,255,255,0.8);border-top-style:solid;border-right-color:rgba(255,255,255,0.8);border-right-style:solid;border-bottom-color:rgba(255,255,255,0.8);border-bottom-style:solid;border-left-color:rgba(255,255,255,0.8);border-left-style:solid;}}@media all and (max-width: 767px){.kadence-video-popup16354_044d84-a7 .kadence-video-popup-wrap{border-top-color:rgba(255,255,255,0.8);border-top-style:solid;border-right-color:rgba(255,255,255,0.8);border-right-style:solid;border-bottom-color:rgba(255,255,255,0.8);border-bottom-style:solid;border-left-color:rgba(255,255,255,0.8);border-left-style:solid;}}<\/style>\n<div class=\"wp-block-kadence-videopopup kadence-video-popup16354_044d84-a7\"><div class=\"kadence-video-popup-wrap kadence-video-noshadow\"><div class=\"kadence-video-intrinsic\"><img loading=\"lazy\" decoding=\"async\" src=\"https:\/\/padredamian.onlinevalles.club\/wp-content\/uploads\/2024\/03\/infermeria-video-1.jpg\" alt=\"\" width=\"1280\" height=\"720\" class=\"kadence-video-poster wp-image-16820\" srcset=\"https:\/\/padredamian.onlinevalles.club\/wp-content\/uploads\/2024\/03\/infermeria-video-1.jpg 1280w, https:\/\/padredamian.onlinevalles.club\/wp-content\/uploads\/2024\/03\/infermeria-video-1-300x169.jpg 300w, https:\/\/padredamian.onlinevalles.club\/wp-content\/uploads\/2024\/03\/infermeria-video-1-1024x576.jpg 1024w, https:\/\/padredamian.onlinevalles.club\/wp-content\/uploads\/2024\/03\/infermeria-video-1-768x432.jpg 768w\" sizes=\"auto, (max-width: 1280px) 100vw, 1280px\" \/><div class=\"kadence-video-overlay\"><\/div><a class=\"kadence-video-popup-link kadence-video-type-external\" href=\"https:\/\/www.youtube.com\/watch?v=KaeyDqbo6ys\" role=\"button\" data-popup-class=\"kadence-popup-16354_044d84-a7\" data-effect=\"none\" data-popup-id=\"kadence-local-video-16354_044d84-a7\" data-popup-auto=\"true\" data-youtube-cookies=\"true\"><span class=\"kb-svg-icon-wrap kb-svg-icon-fas_play kt-video-svg-icon kt-video-svg-icon-style-default kt-video-svg-icon-fas play kt-video-play-animation-none kt-video-svg-icon-size-auto\"><svg viewbox=\"0 0 448 512\"  fill=\"currentColor\" xmlns=\"http:\/\/www.w3.org\/2000\/svg\"  role=\"img\"><title>Play<\/title><path d=\"M424.4 214.7L72.4 6.6C43.8-10.3 0 6.1 0 47.9V464c0 37.5 40.7 60.1 72.4 41.3l352-208c31.4-18.5 31.5-64.1 0-82.6z\"\/><\/svg><\/span><\/a><\/div><\/div><\/div>\n<\/div><\/div>\n\n<\/div><\/div>","protected":false},"excerpt":{"rendered":"<p>Infermeria El benestar f\u00edsic i emocional dels nostres infants \u00e9s un pilar fonamental del nostre projecte educatiu Per aix\u00f2, el col\u00b7legi compta amb un servei d\u2019infermeria que funciona a c\u00e0rrec d\u2019una Infermera Diplomada i diferents programes i iniciatives d&#8217;educaci\u00f3 per a la Salut. L&#8217;horari de l&#8217;infermeria \u00e9s d&#8217;11:00h a 17:00h i el seu correu de&#8230;<\/p>","protected":false},"author":1,"featured_media":17307,"parent":16359,"menu_order":30,"comment_status":"closed","ping_status":"closed","template":"","meta":{"_acf_changed":false,"_kad_blocks_custom_css":"","_kad_blocks_head_custom_js":"","_kad_blocks_body_custom_js":"","_kad_blocks_footer_custom_js":"","_kadence_starter_templates_imported_post":false,"_kad_post_transparent":"","_kad_post_title":"hide","_kad_post_layout":"fullwidth","_kad_post_sidebar_id":"","_kad_post_content_style":"unboxed","_kad_post_vertical_padding":"","_kad_post_feature":"","_kad_post_feature_position":"","_kad_post_header":false,"_kad_post_footer":false,"_joinchat":[],"footnotes":""},"class_list":["post-16354","page","type-page","status-publish","has-post-thumbnail","hentry"],"acf":[],"taxonomy_info":[],"featured_image_src_large":["https:\/\/padredamian.onlinevalles.club\/wp-content\/uploads\/2024\/05\/IMG_8675-1024x683.jpg",1024,683,true],"author_info":{"display_name":"eloi","author_link":"https:\/\/padredamian.onlinevalles.club\/en\/author\/eloi\/"},"comment_info":0,"_links":{"self":[{"href":"https:\/\/padredamian.onlinevalles.club\/en\/wp-json\/wp\/v2\/pages\/16354","targetHints":{"allow":["GET"]}}],"collection":[{"href":"https:\/\/padredamian.onlinevalles.club\/en\/wp-json\/wp\/v2\/pages"}],"about":[{"href":"https:\/\/padredamian.onlinevalles.club\/en\/wp-json\/wp\/v2\/types\/page"}],"author":[{"embeddable":true,"href":"https:\/\/padredamian.onlinevalles.club\/en\/wp-json\/wp\/v2\/users\/1"}],"replies":[{"embeddable":true,"href":"https:\/\/padredamian.onlinevalles.club\/en\/wp-json\/wp\/v2\/comments?post=16354"}],"version-history":[{"count":9,"href":"https:\/\/padredamian.onlinevalles.club\/en\/wp-json\/wp\/v2\/pages\/16354\/revisions"}],"predecessor-version":[{"id":18604,"href":"https:\/\/padredamian.onlinevalles.club\/en\/wp-json\/wp\/v2\/pages\/16354\/revisions\/18604"}],"up":[{"embeddable":true,"href":"https:\/\/padredamian.onlinevalles.club\/en\/wp-json\/wp\/v2\/pages\/16359"}],"wp:featuredmedia":[{"embeddable":true,"href":"https:\/\/padredamian.onlinevalles.club\/en\/wp-json\/wp\/v2\/media\/17307"}],"wp:attachment":[{"href":"https:\/\/padredamian.onlinevalles.club\/en\/wp-json\/wp\/v2\/media?parent=16354"}],"curies":[{"name":"wp","href":"https:\/\/api.w.org\/{rel}","templated":true}]}}