{"id":17652,"date":"2024-06-04T08:46:28","date_gmt":"2024-06-04T06:46:28","guid":{"rendered":"https:\/\/padredamian.onlinevalles.club\/?page_id=17652"},"modified":"2024-07-10T13:43:07","modified_gmt":"2024-07-10T11:43:07","slug":"classroom","status":"publish","type":"page","link":"https:\/\/padredamian.onlinevalles.club\/en\/dia-a-dia\/classroom\/","title":{"rendered":"Classroom"},"content":{"rendered":"<style>.kb-row-layout-id17652_c0f703-2a > .kt-row-column-wrap{align-content:center;}:where(.kb-row-layout-id17652_c0f703-2a > .kt-row-column-wrap) > .wp-block-kadence-column{justify-content:center;}.kb-row-layout-id17652_c0f703-2a > .kt-row-column-wrap{column-gap:var(--global-kb-gap-md, 2rem);row-gap:var(--global-kb-gap-md, 2rem);max-width:var( --global-content-width, 1290px );padding-left:var(--global-content-edge-padding);padding-right:var(--global-content-edge-padding);padding-top:var(--global-kb-spacing-lg, 3rem);padding-bottom:var(--global-kb-spacing-lg, 3rem);min-height:400px;grid-template-columns:minmax(0, 1fr);}.kb-row-layout-id17652_c0f703-2a{background-image:url('https:\/\/padredamian.onlinevalles.club\/wp-content\/uploads\/2024\/01\/1J2A5237.jpg');background-size:cover;background-position:57.99999999999999% 100%;background-attachment:scroll;background-repeat:no-repeat;}.kb-row-layout-id17652_c0f703-2a > .kt-row-layout-overlay{opacity:0.30;background-color:var(--global-palette3, #1A202C);mix-blend-mode:multiply;}.kb-row-layout-id17652_c0f703-2a ,.kb-row-layout-id17652_c0f703-2a h1,.kb-row-layout-id17652_c0f703-2a h2,.kb-row-layout-id17652_c0f703-2a h3,.kb-row-layout-id17652_c0f703-2a h4,.kb-row-layout-id17652_c0f703-2a h5,.kb-row-layout-id17652_c0f703-2a h6{color:var(--global-palette9, #ffffff);}.kb-row-layout-id17652_c0f703-2a a{color:var(--global-palette9, #ffffff);}.kb-row-layout-id17652_c0f703-2a a:hover{color:var(--global-palette8, #F7FAFC);}@media all and (max-width: 1024px){.kb-row-layout-id17652_c0f703-2a > .kt-row-column-wrap{grid-template-columns:minmax(0, 1fr);}}@media all and (max-width: 767px){.kb-row-layout-id17652_c0f703-2a > .kt-row-column-wrap{grid-template-columns:minmax(0, 1fr);}}.kb-row-layout-id17652_c0f703-2a {text-align: center;}<\/style><div class=\"kb-row-layout-wrap kb-row-layout-id17652_c0f703-2a alignnone has-theme-palette1-background-color kt-row-has-bg page-title wp-block-kadence-rowlayout\"><div class=\"kt-row-layout-overlay kt-row-overlay-normal\"><\/div><div class=\"kt-row-column-wrap kt-has-1-columns kt-row-layout-equal kt-tab-layout-inherit kt-mobile-layout-row kt-row-valign-middle kb-theme-content-width\">\n<style>.kadence-column17652_b5bef2-cc > .kt-inside-inner-col,.kadence-column17652_b5bef2-cc > .kt-inside-inner-col:before{border-top-left-radius:0px;border-top-right-radius:0px;border-bottom-right-radius:0px;border-bottom-left-radius:0px;}.kadence-column17652_b5bef2-cc > .kt-inside-inner-col{column-gap:var(--global-kb-gap-sm, 1rem);}.kadence-column17652_b5bef2-cc > .kt-inside-inner-col{flex-direction:column;}.kadence-column17652_b5bef2-cc > .kt-inside-inner-col > .aligncenter{width:100%;}.kadence-column17652_b5bef2-cc > .kt-inside-inner-col:before{opacity:0.3;}.kadence-column17652_b5bef2-cc{position:relative;}@media all and (max-width: 1024px){.kadence-column17652_b5bef2-cc > .kt-inside-inner-col{flex-direction:column;}}@media all and (max-width: 767px){.kadence-column17652_b5bef2-cc > .kt-inside-inner-col{flex-direction:column;}}<\/style>\n<div class=\"wp-block-kadence-column kadence-column17652_b5bef2-cc\"><div class=\"kt-inside-inner-col\"><style>.wp-block-kadence-advancedheading.kt-adv-heading17652_c0bda8-2e, .wp-block-kadence-advancedheading.kt-adv-heading17652_c0bda8-2e[data-kb-block=\"kb-adv-heading17652_c0bda8-2e\"]{margin-bottom:var(--global-kb-spacing-xs, 1rem);text-align:center;font-size:var(--global-kb-font-size-xxl, 4rem);font-style:normal;}.wp-block-kadence-advancedheading.kt-adv-heading17652_c0bda8-2e mark.kt-highlight, .wp-block-kadence-advancedheading.kt-adv-heading17652_c0bda8-2e[data-kb-block=\"kb-adv-heading17652_c0bda8-2e\"] mark.kt-highlight{font-style:normal;color:#f76a0c;padding-top:0px;padding-right:0px;padding-bottom:0px;padding-left:0px;}<\/style>\n<h1 class=\"kt-adv-heading17652_c0bda8-2e wp-block-kadence-advancedheading\" data-kb-block=\"kb-adv-heading17652_c0bda8-2e\">Classroom<\/h1>\n\n\n<nav id=\"kadence-breadcrumbs\" aria-label=\"Breadcrumbs\"  class=\"kadence-breadcrumbs\"><div class=\"kadence-breadcrumb-container\"><span><a href=\"https:\/\/padredamian.onlinevalles.club\/en\/\" title=\"Home\" itemprop=\"url\" class=\"kadence-bc-home kadence-bc-home-icon\" ><span><span class=\"kadence-svg-iconset svg-baseline\"><svg aria-hidden=\"true\" class=\"kadence-svg-icon kadence-home-svg\" fill=\"currentColor\" version=\"1.1\" xmlns=\"http:\/\/www.w3.org\/2000\/svg\" width=\"24\" height=\"24\" viewbox=\"0 0 24 24\"><title>Home<\/title><path d=\"M9.984 20.016h-4.969v-8.016h-3l9.984-9 9.984 9h-3v8.016h-4.969v-6h-4.031v6z\"><\/path>\n\t\t\t\t<\/svg><\/span><\/span><\/a><\/span> <span class=\"bc-delimiter\">\/<\/span> <span class=\"kadence-bread-current\">Classroom<\/span><\/div><\/nav>\n<\/div><\/div>\n\n<\/div><\/div>\n\n<style>.kb-row-layout-id17652_2e7bef-bb > .kt-row-column-wrap{align-content:start;}:where(.kb-row-layout-id17652_2e7bef-bb > .kt-row-column-wrap) > .wp-block-kadence-column{justify-content:start;}.kb-row-layout-id17652_2e7bef-bb > .kt-row-column-wrap{column-gap:var(--global-kb-gap-lg, 4rem);row-gap:var(--global-kb-gap-md, 2rem);max-width:var( --global-content-width, 1290px );padding-left:var(--global-content-edge-padding);padding-right:var(--global-content-edge-padding);padding-top:var(--global-kb-spacing-lg, 3rem);padding-bottom:var(--global-kb-spacing-xl, 4rem);grid-template-columns:minmax(0, calc(25% - ((var(--global-kb-gap-lg, 4rem) * 1 )\/2)))minmax(0, calc(75% - ((var(--global-kb-gap-lg, 4rem) * 1 )\/2)));}.kb-row-layout-id17652_2e7bef-bb > .kt-row-layout-overlay{opacity:0.30;}@media all and (max-width: 1024px){.kb-row-layout-id17652_2e7bef-bb > .kt-row-column-wrap{grid-template-columns:minmax(0, 1fr) minmax(0, 2fr);}}@media all and (max-width: 767px){.kb-row-layout-id17652_2e7bef-bb > .kt-row-column-wrap{grid-template-columns:minmax(0, 1fr);}.kb-row-layout-id17652_2e7bef-bb > .kt-row-column-wrap > .wp-block-kadence-column:nth-child(1){order:2;}.kb-row-layout-id17652_2e7bef-bb > .kt-row-column-wrap > .wp-block-kadence-column:nth-child(2){order:1;}.kb-row-layout-id17652_2e7bef-bb > .kt-row-column-wrap > .wp-block-kadence-column:nth-child(3){order:12;}.kb-row-layout-id17652_2e7bef-bb > .kt-row-column-wrap > .wp-block-kadence-column:nth-child(4){order:11;}.kb-row-layout-id17652_2e7bef-bb > .kt-row-column-wrap > .wp-block-kadence-column:nth-child(5){order:22;}.kb-row-layout-id17652_2e7bef-bb > .kt-row-column-wrap > .wp-block-kadence-column:nth-child(6){order:21;}.kb-row-layout-id17652_2e7bef-bb > .kt-row-column-wrap > .wp-block-kadence-column:nth-child(7){order:32;}.kb-row-layout-id17652_2e7bef-bb > .kt-row-column-wrap > .wp-block-kadence-column:nth-child(8){order:31;}}<\/style><div class=\"kb-row-layout-wrap kb-row-layout-id17652_2e7bef-bb alignnone wp-block-kadence-rowlayout\"><div class=\"kt-row-column-wrap kt-has-2-columns kt-row-layout-right-golden kt-tab-layout-inherit kt-mobile-layout-row kt-row-valign-top kb-theme-content-width\">\n<style>#wrapper.site{overflow:clip;}.kadence-column17652_7fbc5c-43{--kb-section-setting-offset:80px;}.kadence-column17652_7fbc5c-43 > .kt-inside-inner-col,.kadence-column17652_7fbc5c-43 > .kt-inside-inner-col:before{border-top-left-radius:0px;border-top-right-radius:0px;border-bottom-right-radius:0px;border-bottom-left-radius:0px;}.kadence-column17652_7fbc5c-43 > .kt-inside-inner-col{column-gap:var(--global-kb-gap-sm, 1rem);}.kadence-column17652_7fbc5c-43 > .kt-inside-inner-col{flex-direction:column;}.kadence-column17652_7fbc5c-43 > .kt-inside-inner-col > .aligncenter{width:100%;}.kadence-column17652_7fbc5c-43 > .kt-inside-inner-col:before{opacity:0.3;}.kadence-column17652_7fbc5c-43{position:relative;}@media all and (max-width: 1024px){.kadence-column17652_7fbc5c-43 > .kt-inside-inner-col{flex-direction:column;}}@media all and (max-width: 767px){.kadence-column17652_7fbc5c-43 > .kt-inside-inner-col{flex-direction:column;}}<\/style>\n<div class=\"wp-block-kadence-column kadence-column17652_7fbc5c-43 kb-section-is-sticky\"><div class=\"kt-inside-inner-col\"><div class=\"shortcode-menu\"><ul class=\"shortcode-menu\"><li class=\"\"><a href=\"https:\/\/padredamian.onlinevalles.club\/en\/dia-a-dia\/calendari\/\">calendar<\/a><\/li><li class=\"\"><a href=\"https:\/\/padredamian.onlinevalles.club\/en\/dia-a-dia\/clickedu\/\">click<\/a><\/li><li class=\"active\"><a href=\"https:\/\/padredamian.onlinevalles.club\/en\/dia-a-dia\/classroom\/\">Classroom<\/a><\/li><li class=\"\"><a href=\"https:\/\/padredamian.onlinevalles.club\/en\/dia-a-dia\/menu\/\">menu\u00a0<\/a><\/li><\/ul><\/div>\n<\/div><\/div>\n\n\n<style>.kadence-column17652_d7875f-3a > .kt-inside-inner-col,.kadence-column17652_d7875f-3a > .kt-inside-inner-col:before{border-top-left-radius:0px;border-top-right-radius:0px;border-bottom-right-radius:0px;border-bottom-left-radius:0px;}.kadence-column17652_d7875f-3a > .kt-inside-inner-col{column-gap:var(--global-kb-gap-sm, 1rem);}.kadence-column17652_d7875f-3a > .kt-inside-inner-col{flex-direction:column;}.kadence-column17652_d7875f-3a > .kt-inside-inner-col > .aligncenter{width:100%;}.kadence-column17652_d7875f-3a > .kt-inside-inner-col:before{opacity:0.3;}.kadence-column17652_d7875f-3a{position:relative;}@media all and (max-width: 1024px){.kadence-column17652_d7875f-3a > .kt-inside-inner-col{flex-direction:column;}}@media all and (max-width: 767px){.kadence-column17652_d7875f-3a > .kt-inside-inner-col{flex-direction:column;}}<\/style>\n<div class=\"wp-block-kadence-column kadence-column17652_d7875f-3a\"><div class=\"kt-inside-inner-col\"><style>.wp-block-kadence-advancedheading.kt-adv-heading17652_1eda7b-56, .wp-block-kadence-advancedheading.kt-adv-heading17652_1eda7b-56[data-kb-block=\"kb-adv-heading17652_1eda7b-56\"]{text-align:center;font-style:normal;}.wp-block-kadence-advancedheading.kt-adv-heading17652_1eda7b-56 mark.kt-highlight, .wp-block-kadence-advancedheading.kt-adv-heading17652_1eda7b-56[data-kb-block=\"kb-adv-heading17652_1eda7b-56\"] mark.kt-highlight{font-style:normal;color:#f76a0c;padding-top:0px;padding-right:0px;padding-bottom:0px;padding-left:0px;}<\/style>\n<h2 class=\"kt-adv-heading17652_1eda7b-56 wp-block-kadence-advancedheading has-theme-palette-1-color has-text-color\" data-kb-block=\"kb-adv-heading17652_1eda7b-56\">Intelligent educational management platform<\/h2>\n\n\n\n<p class=\"has-text-align-center\">Fem servir Classroom al nostre centre educatiu per optimitzar la gesti\u00f3 de tasques i per millorar la col\u00b7laboraci\u00f3 i la comunicaci\u00f3. Classroom est\u00e0 disponible a la Web o com a aplicaci\u00f3 m\u00f2bil. Pots utilitzar Classroom amb moltes eines que ja facis servir, com Gmail, Documents de Google i Google Calendar.<\/p>\n\n\n<style>.wp-block-kadence-advancedbtn.kb-btns17652_3e8cf6-b3{gap:var(--global-kb-gap-xs, 0.5rem );justify-content:center;align-items:center;}.kt-btns17652_3e8cf6-b3 .kt-button{font-weight:normal;font-style:normal;}.kt-btns17652_3e8cf6-b3 .kt-btn-wrap-0{margin-right:5px;}.wp-block-kadence-advancedbtn.kt-btns17652_3e8cf6-b3 .kt-btn-wrap-0 .kt-button{color:#555555;border-color:#555555;}.wp-block-kadence-advancedbtn.kt-btns17652_3e8cf6-b3 .kt-btn-wrap-0 .kt-button:hover, .wp-block-kadence-advancedbtn.kt-btns17652_3e8cf6-b3 .kt-btn-wrap-0 .kt-button:focus{color:#ffffff;border-color:#444444;}.wp-block-kadence-advancedbtn.kt-btns17652_3e8cf6-b3 .kt-btn-wrap-0 .kt-button::before{display:none;}.wp-block-kadence-advancedbtn.kt-btns17652_3e8cf6-b3 .kt-btn-wrap-0 .kt-button:hover, .wp-block-kadence-advancedbtn.kt-btns17652_3e8cf6-b3 .kt-btn-wrap-0 .kt-button:focus{background:#444444;}<\/style>\n<div class=\"wp-block-kadence-advancedbtn kb-buttons-wrap kb-btns17652_3e8cf6-b3\"><style>ul.menu .wp-block-kadence-advancedbtn .kb-btn17652_de21f5-cc.kb-button{width:initial;}.wp-block-kadence-advancedbtn .kb-btn17652_de21f5-cc.kb-button{padding-top:var(--global-kb-spacing-xs, 1rem);padding-right:var(--global-kb-spacing-md, 2rem);padding-bottom:var(--global-kb-spacing-xs, 1rem);padding-left:var(--global-kb-spacing-md, 2rem);}@media all and (max-width: 1024px){.kb-btn17652_de21f5-cc.kb-button .kb-svg-icon-wrap{display:block;}}<\/style><a class=\"kb-button kt-button button kb-btn17652_de21f5-cc kt-btn-size-standard kt-btn-width-type-auto kb-btn-global-inherit kt-btn-has-text-true kt-btn-has-svg-false wp-block-button__link wp-block-kadence-singlebtn\" href=\"https:\/\/classroom.google.com\/\" target=\"_blank\" rel=\"noreferrer noopener\"><span class=\"kt-btn-inner-text\">Classroom<\/span><\/a><\/div>\n<\/div><\/div>\n\n<\/div><\/div>","protected":false},"excerpt":{"rendered":"<p>Classroom Plataforma de gesti\u00f3 educativa inteligent Fem servir Classroom al nostre centre educatiu per optimitzar la gesti\u00f3 de tasques i per millorar la col\u00b7laboraci\u00f3 i la comunicaci\u00f3. Classroom est\u00e0 disponible a la Web o com a aplicaci\u00f3 m\u00f2bil. Pots utilitzar Classroom amb moltes eines que ja facis servir, com Gmail, Documents de Google i Google&#8230;<\/p>","protected":false},"author":1,"featured_media":0,"parent":1038,"menu_order":43,"comment_status":"closed","ping_status":"closed","template":"","meta":{"_acf_changed":false,"_kad_blocks_custom_css":"","_kad_blocks_head_custom_js":"","_kad_blocks_body_custom_js":"","_kad_blocks_footer_custom_js":"","_kadence_starter_templates_imported_post":false,"_kad_post_transparent":"","_kad_post_title":"hide","_kad_post_layout":"fullwidth","_kad_post_sidebar_id":"","_kad_post_content_style":"unboxed","_kad_post_vertical_padding":"","_kad_post_feature":"","_kad_post_feature_position":"","_kad_post_header":false,"_kad_post_footer":false,"_joinchat":[],"footnotes":""},"class_list":["post-17652","page","type-page","status-publish","hentry"],"acf":[],"taxonomy_info":[],"featured_image_src_large":false,"author_info":{"display_name":"eloi","author_link":"https:\/\/padredamian.onlinevalles.club\/en\/author\/eloi\/"},"comment_info":0,"_links":{"self":[{"href":"https:\/\/padredamian.onlinevalles.club\/en\/wp-json\/wp\/v2\/pages\/17652","targetHints":{"allow":["GET"]}}],"collection":[{"href":"https:\/\/padredamian.onlinevalles.club\/en\/wp-json\/wp\/v2\/pages"}],"about":[{"href":"https:\/\/padredamian.onlinevalles.club\/en\/wp-json\/wp\/v2\/types\/page"}],"author":[{"embeddable":true,"href":"https:\/\/padredamian.onlinevalles.club\/en\/wp-json\/wp\/v2\/users\/1"}],"replies":[{"embeddable":true,"href":"https:\/\/padredamian.onlinevalles.club\/en\/wp-json\/wp\/v2\/comments?post=17652"}],"version-history":[{"count":3,"href":"https:\/\/padredamian.onlinevalles.club\/en\/wp-json\/wp\/v2\/pages\/17652\/revisions"}],"predecessor-version":[{"id":18295,"href":"https:\/\/padredamian.onlinevalles.club\/en\/wp-json\/wp\/v2\/pages\/17652\/revisions\/18295"}],"up":[{"embeddable":true,"href":"https:\/\/padredamian.onlinevalles.club\/en\/wp-json\/wp\/v2\/pages\/1038"}],"wp:attachment":[{"href":"https:\/\/padredamian.onlinevalles.club\/en\/wp-json\/wp\/v2\/media?parent=17652"}],"curies":[{"name":"wp","href":"https:\/\/api.w.org\/{rel}","templated":true}]}}