{"id":10,"date":"2023-12-14T17:01:00","date_gmt":"2023-12-14T17:01:00","guid":{"rendered":"https:\/\/padredamian.onlinevalles.club\/?page_id=10"},"modified":"2024-07-19T12:18:45","modified_gmt":"2024-07-19T10:18:45","slug":"politica-de-privacitat","status":"publish","type":"page","link":"https:\/\/padredamian.onlinevalles.club\/es\/politica-de-privacitat\/","title":{"rendered":"Pol\u00edtica de privacidad"},"content":{"rendered":"<style>.kb-row-layout-id10_df4f0c-34 > .kt-row-column-wrap{align-content:start;}:where(.kb-row-layout-id10_df4f0c-34 > .kt-row-column-wrap) > .wp-block-kadence-column{justify-content:start;}.kb-row-layout-id10_df4f0c-34 > .kt-row-column-wrap{column-gap:var(--global-kb-gap-lg, 4rem);row-gap:var(--global-kb-gap-md, 2rem);padding-top:0px;padding-bottom:var(--global-kb-spacing-lg, 3rem);grid-template-columns:minmax(0, calc(25% - ((var(--global-kb-gap-lg, 4rem) * 1 )\/2)))minmax(0, calc(75% - ((var(--global-kb-gap-lg, 4rem) * 1 )\/2)));}.kb-row-layout-id10_df4f0c-34 > .kt-row-layout-overlay{opacity:0.30;}@media all and (max-width: 1024px){.kb-row-layout-id10_df4f0c-34 > .kt-row-column-wrap{grid-template-columns:minmax(0, 1fr) minmax(0, 2fr);}}@media all and (max-width: 767px){.kb-row-layout-id10_df4f0c-34 > .kt-row-column-wrap{grid-template-columns:minmax(0, 1fr);}.kb-row-layout-id10_df4f0c-34 > .kt-row-column-wrap > .wp-block-kadence-column:nth-child(1){order:2;}.kb-row-layout-id10_df4f0c-34 > .kt-row-column-wrap > .wp-block-kadence-column:nth-child(2){order:1;}.kb-row-layout-id10_df4f0c-34 > .kt-row-column-wrap > .wp-block-kadence-column:nth-child(3){order:12;}.kb-row-layout-id10_df4f0c-34 > .kt-row-column-wrap > .wp-block-kadence-column:nth-child(4){order:11;}.kb-row-layout-id10_df4f0c-34 > .kt-row-column-wrap > .wp-block-kadence-column:nth-child(5){order:22;}.kb-row-layout-id10_df4f0c-34 > .kt-row-column-wrap > .wp-block-kadence-column:nth-child(6){order:21;}.kb-row-layout-id10_df4f0c-34 > .kt-row-column-wrap > .wp-block-kadence-column:nth-child(7){order:32;}.kb-row-layout-id10_df4f0c-34 > .kt-row-column-wrap > .wp-block-kadence-column:nth-child(8){order:31;}}<\/style><div class=\"kb-row-layout-wrap kb-row-layout-id10_df4f0c-34 alignnone wp-block-kadence-rowlayout\"><div class=\"kt-row-column-wrap kt-has-2-columns kt-row-layout-right-golden kt-tab-layout-inherit kt-mobile-layout-row kt-row-valign-top\">\n<style>#wrapper.site{overflow:clip;}.kadence-column10_031f09-6b{--kb-section-setting-offset:80px;}.kadence-column10_031f09-6b > .kt-inside-inner-col,.kadence-column10_031f09-6b > .kt-inside-inner-col:before{border-top-left-radius:0px;border-top-right-radius:0px;border-bottom-right-radius:0px;border-bottom-left-radius:0px;}.kadence-column10_031f09-6b > .kt-inside-inner-col{column-gap:var(--global-kb-gap-sm, 1rem);}.kadence-column10_031f09-6b > .kt-inside-inner-col{flex-direction:column;}.kadence-column10_031f09-6b > .kt-inside-inner-col > .aligncenter{width:100%;}.kadence-column10_031f09-6b > .kt-inside-inner-col:before{opacity:0.3;}.kadence-column10_031f09-6b{position:relative;}@media all and (max-width: 1024px){.kadence-column10_031f09-6b > .kt-inside-inner-col{flex-direction:column;}}@media all and (max-width: 767px){.kadence-column10_031f09-6b > .kt-inside-inner-col{flex-direction:column;}}<\/style>\n<div class=\"wp-block-kadence-column kadence-column10_031f09-6b kb-section-is-sticky\"><div class=\"kt-inside-inner-col\"><div class=\"shortcode-menu\"><div class=\"menu-avisos-legales-container\"><ul id=\"menu-avisos-legales\" class=\"menu avisos-legales\"><li id=\"menu-item-16584\" class=\"menu-item menu-item-type-post_type menu-item-object-page menu-item-16584\"><a href=\"https:\/\/padredamian.onlinevalles.club\/es\/aviso-legal\/\">Aviso legal<\/a><\/li>\n<li id=\"menu-item-16586\" class=\"menu-item menu-item-type-post_type menu-item-object-page menu-item-16586\"><a href=\"https:\/\/padredamian.onlinevalles.club\/es\/politica-de-privacitat\/\">Pol\u00edtica de privacidad<\/a><\/li>\n<li id=\"menu-item-16585\" class=\"menu-item menu-item-type-post_type menu-item-object-page menu-item-16585\"><a href=\"https:\/\/padredamian.onlinevalles.club\/es\/politica-de-cookies\/\">Pol\u00edtica de cookies<\/a><\/li>\n<li id=\"menu-item-16587\" class=\"menu-item menu-item-type-post_type menu-item-object-page menu-item-16587\"><a href=\"https:\/\/padredamian.onlinevalles.club\/es\/declaracion-de-accesibilidad\/\">Declaraci\u00f3n de accesibilidad<\/a><\/li>\n<li id=\"menu-item-16588\" class=\"menu-item menu-item-type-post_type menu-item-object-page menu-item-16588\"><a href=\"https:\/\/padredamian.onlinevalles.club\/es\/guia-de-estilo\/\">Gu\u00eda de estilo<\/a><\/li>\n<li id=\"menu-item-16589\" class=\"menu-item menu-item-type-post_type menu-item-object-page menu-item-16589\"><a href=\"https:\/\/padredamian.onlinevalles.club\/es\/mapa-web\/\">Mapa web<\/a><\/li>\n<\/ul><\/div><\/div>\n<\/div><\/div>\n\n\n<style>.kadence-column10_d275f7-c6 > .kt-inside-inner-col,.kadence-column10_d275f7-c6 > .kt-inside-inner-col:before{border-top-left-radius:0px;border-top-right-radius:0px;border-bottom-right-radius:0px;border-bottom-left-radius:0px;}.kadence-column10_d275f7-c6 > .kt-inside-inner-col{column-gap:var(--global-kb-gap-sm, 1rem);}.kadence-column10_d275f7-c6 > .kt-inside-inner-col{flex-direction:column;}.kadence-column10_d275f7-c6 > .kt-inside-inner-col > .aligncenter{width:100%;}.kadence-column10_d275f7-c6 > .kt-inside-inner-col:before{opacity:0.3;}.kadence-column10_d275f7-c6{position:relative;}@media all and (max-width: 1024px){.kadence-column10_d275f7-c6 > .kt-inside-inner-col{flex-direction:column;}}@media all and (max-width: 767px){.kadence-column10_d275f7-c6 > .kt-inside-inner-col{flex-direction:column;}}<\/style>\n<div class=\"wp-block-kadence-column kadence-column10_d275f7-c6\"><div class=\"kt-inside-inner-col\">\n<h2 class=\"wp-block-heading\">1. Responsable del tratamiento<\/h2>\n\n\n\n<p><strong>Identidad:<\/strong>&nbsp;Colegio Padre Dami\u00e1n Sagrados Corazones (en adelante, \u00abColegio Padre Dami\u00e1n\u00bb)<br><strong>CIF: R0800785H<\/strong><br><strong>Direcci\u00f3n postal:<\/strong>&nbsp;avenida Vallvidrera 10 (08017 Barcelona)<br><strong>Contacto del delegado de protecci\u00f3n de datos:<\/strong>&nbsp;<a href=\"mailto:dpd@padredamiansscc.net\">dpd@padredamiansscc.net<\/a><\/p>\n\n\n\n<p>Colegio Padre Dami\u00e1n, como responsable del sitio web, de conformidad con lo dispuesto en el Reglamento (UE) 2016\/679, de 27 de abril, relativo a la protecci\u00f3n de las personas f\u00edsicas en lo que se refiere al tratamiento de datos personales (en adelante, \u00abRGPD\u00bb), y la Ley 34\/2002, de 11 de julio, de informaci\u00f3n ha implantado las medidas de seguridad necesarias, de \u00edndole t\u00e9cnica y organizativa, para garantizar y proteger la confidencialidad, integridad y disponibilidad de los datos introducidos.<\/p>\n\n\n\n<h2 class=\"wp-block-heading\">2. Finalidad del tratamiento<\/h2>\n\n\n\n<p>Sus datos personales s\u00f3lo se utilizan para las siguientes finalidades:<\/p>\n\n\n\n<ul class=\"wp-block-list\">\n<li>&nbsp;Gestionar el env\u00edo de informaci\u00f3n sobre la oferta formativa del Colegio Padre Dami\u00e1n y saber su opini\u00f3n respecto a la informaci\u00f3n que le hemos facilitado.<\/li>\n\n\n\n<li>&nbsp;Gestionar el env\u00edo de informaci\u00f3n por los servicios ofrecidos por el Colegio Padre Dami\u00e1n, por la compra de los libros e inscripciones a las extraescolares.<\/li>\n\n\n\n<li>&nbsp;Gestionar la matr\u00edcula del interesado. La gesti\u00f3n de la matr\u00edcula significa la realizaci\u00f3n de todas las gestiones administrativas que sean necesarias con esta finalidad, como el acceso, en la que se revisa la documentaci\u00f3n que aporta el estudiante para que la validaci\u00f3n a realizar por el Colegio Padre Dami\u00e1n sea correcta; la atenci\u00f3n, en la que se facilitan y se ponen a disposici\u00f3n del estudiante los canales de comunicaci\u00f3n con el Colegio Padre Dami\u00e1n.<\/li>\n\n\n\n<li>Valorar las candidaturas enviadas para vacantes presentes o futuras a cubrir en nuestra organizaci\u00f3n.<\/li>\n<\/ul>\n\n\n\n<p>No tratamos sus datos personales con ninguna otra finalidad que los aqu\u00ed descritos excepto por obligaci\u00f3n legal o requerimiento judicial.<\/p>\n\n\n\n<h2 class=\"wp-block-heading\">3. Duraci\u00f3n<\/h2>\n\n\n\n<p>Los datos correspondientes a la matr\u00edcula se conservan durante el plazo de vigencia de \u00e9sta. Posteriormente, quedan bloqueadas hasta que transcurran los plazos de prescripci\u00f3n aplicables.<\/p>\n\n\n\n<p>Los datos correspondientes a la gesti\u00f3n del env\u00edo de informaci\u00f3n sobre la gesti\u00f3n formativa de en el \u00e1mbito formativo que se ha elegido se conservan durante el plazo necesario a efectos de llevar a cabo esta actividad. Posteriormente, quedan bloqueadas hasta que transcurran los plazos de prescripci\u00f3n aplicables.<\/p>\n\n\n\n<p>Los datos facilitados por el interesado para suscribirse al servicio de informaci\u00f3n sobre la oferta formativa del Colegio Padre Dami\u00e1n se conservan hasta que \u00e9ste manifieste su voluntad de suprimirlos.<\/p>\n\n\n\n<h2 class=\"wp-block-heading\">4. Legitimaci\u00f3n del tratamiento<\/h2>\n\n\n\n<p>La base legal para el tratamiento es el consentimiento del interesado y, en su caso, la derivada de la prestaci\u00f3n de un servicio educativo.<\/p>\n\n\n\n<h2 class=\"wp-block-heading\">5. Lugar donde se guarda la informaci\u00f3n<\/h2>\n\n\n\n<p>La informaci\u00f3n proporcionada se guarda en los servidores del Colegio Padre Dami\u00e1n o en proveedores y empresas encargados del tratamiento de datos que tengan los servidores en el territorio de la Uni\u00f3n Europea o est\u00e9n amparados por el Privacy Shield.<\/p>\n\n\n\n<h2 class=\"wp-block-heading\">6. Cesi\u00f3n y transferencia<\/h2>\n\n\n\n<p>Los datos facilitados se pueden ceder a empresas encargadas del tratamiento de datos (como proveedores de servicios: servicios de la gesti\u00f3n docente, servicios de env\u00edo de comunicaciones, servicios de mensajer\u00eda, agencias, servicios de generaci\u00f3n de audiencias similares, etc.).<\/p>\n\n\n\n<p>Tambi\u00e9n pueden producirse transferencias internacionales de acuerdo con el r\u00e9gimen de autorizaci\u00f3n y notificaci\u00f3n previa que establece la normativa vigente.<\/p>\n\n\n\n<h2 class=\"wp-block-heading\">7. Derechos de las personas interesadas<\/h2>\n\n\n\n<p>Puede solicitar el ejercicio de los siguientes derechos ante el Colegio Padre Dami\u00e1n presentando un escrito a la direcci\u00f3n postal del encabezamiento o enviando un mensaje electr\u00f3nico a\u00a0<a href=\"mailto:dpd@padredamiansscc.net\">dpd@padredamiansscc.net<\/a>.<\/p>\n\n\n\n<h2 class=\"wp-block-heading\">8. Derechos<\/h2>\n\n\n\n<p><strong>Derecho de acceso:<\/strong>&nbsp;permite al interesado saber y obtener informaci\u00f3n sobre los datos de car\u00e1cter personal sometidos a tratamiento.<\/p>\n\n\n\n<p><strong>Derecho de rectificaci\u00f3n o supresi\u00f3n:<\/strong>&nbsp;permite corregir errores y modificar los datos que sean inexactos o incompletos.<\/p>\n\n\n\n<p><strong>Derecho de cancelaci\u00f3n:<\/strong>&nbsp;permite que se supriman los datos que sean inadecuados o excesivos.<\/p>\n\n\n\n<p><strong>Derecho de oposici\u00f3n:<\/strong>&nbsp;derecho del interesado a que no se lleve a cabo el tratamiento de sus datos de car\u00e1cter personal o se cese el tratamiento de los mismos.<\/p>\n\n\n\n<p><strong>Limitaci\u00f3n del tratamiento:<\/strong>&nbsp;comporta el marcado de los datos personales que se conservan, con el fin de limitar su futuro tratamiento.<\/p>\n\n\n\n<p><strong>Portabilidad de los datos:<\/strong>&nbsp;facilitaci\u00f3n de los datos que son objeto de tratamiento al interesado, a fin de que los pueda transmitir a otro responsable sin impedimentos.<\/p>\n\n\n\n<p><strong>Derecho<\/strong>&nbsp;<strong>a no ser objeto de decisiones individuales automatizadas<\/strong>&nbsp;respecto a las que el interesado no haya expresado su consentimiento (incluida la elaboraci\u00f3n de perfiles).<\/p>\n\n\n\n<p><strong>Derecho a no ser objeto de una decisi\u00f3n basada en el tratamiento automatizado<\/strong>que produzca efectos o afecte significativamente.<\/p>\n\n\n\n<p><strong>Derecho a retirar el consentimiento<\/strong>&nbsp;prestado en cualquier momento.<\/p>\n\n\n\n<p>El interesado tambi\u00e9n tiene derecho a presentar una reclamaci\u00f3n ante el<a href=\"http:\/\/apdcat.gencat.cat\/ca\/inici\" target=\"_blank\" rel=\"noreferrer noopener\">autoridad de control<\/a>&nbsp;si considera que pueden haberse vulnerado sus derechos en relaci\u00f3n con la protecci\u00f3n de sus datos.<\/p>\n\n\n\n<h2 class=\"wp-block-heading\">9. Seguridad<\/h2>\n\n\n\n<p>El Colegio Padre Dami\u00e1n, en respuesta a la confianza depositada en nosotros y teniendo en cuenta la importancia en materia de protecci\u00f3n y confidencialidad que requieren los datos personales del usuario, le informa que ha adoptado todas las medidas t\u00e9cnicas y organizativas necesarias para salvaguardar su seguridad, tal y como exige la normativa vigente que regula el reglamento de medios de seguridad de los ficheros que contengan datos de car\u00e1cter.<\/p>\n\n\n\n<h2 class=\"wp-block-heading\">10. Galletas (<em>cookies<\/em>)<\/h2>\n\n\n\n<p>Consulte&nbsp;<a href=\"https:\/\/padredamian.onlinevalles.club\/es\/politica-de-cookies\/\" data-type=\"page\" data-id=\"11\">Pol\u00edtica de Cookies<\/a><\/p>\n\n\n\n<h2 class=\"wp-block-heading\">11. Cambios en esta pol\u00edtica de privacidad<\/h2>\n\n\n\n<p>El Colegio Padre Dami\u00e1n se reserva el derecho de modificar esta pol\u00edtica de privacidad para adaptarla a novedades legislativas o jurisprudenciales.<\/p>\n\n\n\n<h2 class=\"wp-block-heading\">12. M\u00e1s informaci\u00f3n<\/h2>\n\n\n\n<p>Consulte m\u00e1s sobre la&nbsp;<a href=\"https:\/\/padredamian.onlinevalles.club\/es\/politica-de-cookies\/\" data-type=\"page\" data-id=\"11\">m\u00e1s informaci\u00f3n sobre las-cookies<\/a><\/p>\n<\/div><\/div>\n\n<\/div><\/div>","protected":false},"excerpt":{"rendered":"<p>1. Responsable del tractament Identitat:&nbsp;Col\u00b7legi Padre Dami\u00e1n Sagrados Corazones (d\u2019ara endavant, \u00abCol\u00b7legi Padre Dami\u00e1n\u00bb)CIF: R0800785HAdre\u00e7a postal:&nbsp;avinguda Vallvidrera 10 (08017 Barcelona)Contacte del delegat de protecci\u00f3 de dades:&nbsp;dpd@padredamiansscc.net Col\u00b7legi Padre Dami\u00e1n, com a responsable del lloc web, de conformitat amb el que disposa el Reglament (UE) 2016\/679, de 27 d\u2019abril, relatiu a la protecci\u00f3 de les persones&#8230;<\/p>","protected":false},"author":1,"featured_media":0,"parent":0,"menu_order":76,"comment_status":"closed","ping_status":"closed","template":"","meta":{"_acf_changed":false,"_kad_blocks_custom_css":"","_kad_blocks_head_custom_js":"","_kad_blocks_body_custom_js":"","_kad_blocks_footer_custom_js":"","_kadence_starter_templates_imported_post":false,"_kad_post_transparent":"","_kad_post_title":"","_kad_post_layout":"","_kad_post_sidebar_id":"","_kad_post_content_style":"","_kad_post_vertical_padding":"","_kad_post_feature":"","_kad_post_feature_position":"","_kad_post_header":false,"_kad_post_footer":false,"_joinchat":[],"footnotes":""},"class_list":["post-10","page","type-page","status-publish","hentry"],"acf":[],"taxonomy_info":[],"featured_image_src_large":false,"author_info":{"display_name":"eloi","author_link":"https:\/\/padredamian.onlinevalles.club\/es\/author\/eloi\/"},"comment_info":0,"_links":{"self":[{"href":"https:\/\/padredamian.onlinevalles.club\/es\/wp-json\/wp\/v2\/pages\/10","targetHints":{"allow":["GET"]}}],"collection":[{"href":"https:\/\/padredamian.onlinevalles.club\/es\/wp-json\/wp\/v2\/pages"}],"about":[{"href":"https:\/\/padredamian.onlinevalles.club\/es\/wp-json\/wp\/v2\/types\/page"}],"author":[{"embeddable":true,"href":"https:\/\/padredamian.onlinevalles.club\/es\/wp-json\/wp\/v2\/users\/1"}],"replies":[{"embeddable":true,"href":"https:\/\/padredamian.onlinevalles.club\/es\/wp-json\/wp\/v2\/comments?post=10"}],"version-history":[{"count":6,"href":"https:\/\/padredamian.onlinevalles.club\/es\/wp-json\/wp\/v2\/pages\/10\/revisions"}],"predecessor-version":[{"id":18361,"href":"https:\/\/padredamian.onlinevalles.club\/es\/wp-json\/wp\/v2\/pages\/10\/revisions\/18361"}],"wp:attachment":[{"href":"https:\/\/padredamian.onlinevalles.club\/es\/wp-json\/wp\/v2\/media?parent=10"}],"curies":[{"name":"wp","href":"https:\/\/api.w.org\/{rel}","templated":true}]}}