{"id":12,"date":"2023-12-14T17:01:59","date_gmt":"2023-12-14T17:01:59","guid":{"rendered":"https:\/\/padredamian.onlinevalles.club\/?page_id=12"},"modified":"2024-01-31T12:34:27","modified_gmt":"2024-01-31T11:34:27","slug":"declaracion-de-accesibilidad","status":"publish","type":"page","link":"https:\/\/padredamian.onlinevalles.club\/es\/declaracion-de-accesibilidad\/","title":{"rendered":"Declaraci\u00f3n de accesibilidad"},"content":{"rendered":"<style>.kb-row-layout-id12_d38328-74 > .kt-row-column-wrap{align-content:start;}:where(.kb-row-layout-id12_d38328-74 > .kt-row-column-wrap) > .wp-block-kadence-column{justify-content:start;}.kb-row-layout-id12_d38328-74 > .kt-row-column-wrap{column-gap:var(--global-kb-gap-lg, 4rem);row-gap:var(--global-kb-gap-md, 2rem);padding-top:0px;padding-bottom:var(--global-kb-spacing-lg, 3rem);grid-template-columns:minmax(0, calc(25% - ((var(--global-kb-gap-lg, 4rem) * 1 )\/2)))minmax(0, calc(75% - ((var(--global-kb-gap-lg, 4rem) * 1 )\/2)));}.kb-row-layout-id12_d38328-74 > .kt-row-layout-overlay{opacity:0.30;}@media all and (max-width: 1024px){.kb-row-layout-id12_d38328-74 > .kt-row-column-wrap{grid-template-columns:minmax(0, 1fr) minmax(0, 2fr);}}@media all and (max-width: 767px){.kb-row-layout-id12_d38328-74 > .kt-row-column-wrap{grid-template-columns:minmax(0, 1fr);}.kb-row-layout-id12_d38328-74 > .kt-row-column-wrap > .wp-block-kadence-column:nth-child(1){order:2;}.kb-row-layout-id12_d38328-74 > .kt-row-column-wrap > .wp-block-kadence-column:nth-child(2){order:1;}.kb-row-layout-id12_d38328-74 > .kt-row-column-wrap > .wp-block-kadence-column:nth-child(3){order:12;}.kb-row-layout-id12_d38328-74 > .kt-row-column-wrap > .wp-block-kadence-column:nth-child(4){order:11;}.kb-row-layout-id12_d38328-74 > .kt-row-column-wrap > .wp-block-kadence-column:nth-child(5){order:22;}.kb-row-layout-id12_d38328-74 > .kt-row-column-wrap > .wp-block-kadence-column:nth-child(6){order:21;}.kb-row-layout-id12_d38328-74 > .kt-row-column-wrap > .wp-block-kadence-column:nth-child(7){order:32;}.kb-row-layout-id12_d38328-74 > .kt-row-column-wrap > .wp-block-kadence-column:nth-child(8){order:31;}}<\/style><div class=\"kb-row-layout-wrap kb-row-layout-id12_d38328-74 alignnone wp-block-kadence-rowlayout\"><div class=\"kt-row-column-wrap kt-has-2-columns kt-row-layout-right-golden kt-tab-layout-inherit kt-mobile-layout-row kt-row-valign-top\">\n<style>#wrapper.site{overflow:clip;}.kadence-column12_09add3-4e{--kb-section-setting-offset:80px;}.kadence-column12_09add3-4e > .kt-inside-inner-col,.kadence-column12_09add3-4e > .kt-inside-inner-col:before{border-top-left-radius:0px;border-top-right-radius:0px;border-bottom-right-radius:0px;border-bottom-left-radius:0px;}.kadence-column12_09add3-4e > .kt-inside-inner-col{column-gap:var(--global-kb-gap-sm, 1rem);}.kadence-column12_09add3-4e > .kt-inside-inner-col{flex-direction:column;}.kadence-column12_09add3-4e > .kt-inside-inner-col > .aligncenter{width:100%;}.kadence-column12_09add3-4e > .kt-inside-inner-col:before{opacity:0.3;}.kadence-column12_09add3-4e{position:relative;}@media all and (max-width: 1024px){.kadence-column12_09add3-4e > .kt-inside-inner-col{flex-direction:column;}}@media all and (max-width: 767px){.kadence-column12_09add3-4e > .kt-inside-inner-col{flex-direction:column;}}<\/style>\n<div class=\"wp-block-kadence-column kadence-column12_09add3-4e kb-section-is-sticky\"><div class=\"kt-inside-inner-col\"><div class=\"shortcode-menu\"><div class=\"menu-avisos-legales-container\"><ul id=\"menu-avisos-legales\" class=\"menu avisos-legales\"><li id=\"menu-item-16584\" class=\"menu-item menu-item-type-post_type menu-item-object-page menu-item-16584\"><a href=\"https:\/\/padredamian.onlinevalles.club\/es\/aviso-legal\/\">Aviso legal<\/a><\/li>\n<li id=\"menu-item-16586\" class=\"menu-item menu-item-type-post_type menu-item-object-page menu-item-16586\"><a href=\"https:\/\/padredamian.onlinevalles.club\/es\/politica-de-privacitat\/\">Pol\u00edtica de privacidad<\/a><\/li>\n<li id=\"menu-item-16585\" class=\"menu-item menu-item-type-post_type menu-item-object-page menu-item-16585\"><a href=\"https:\/\/padredamian.onlinevalles.club\/es\/politica-de-cookies\/\">Pol\u00edtica de cookies<\/a><\/li>\n<li id=\"menu-item-16587\" class=\"menu-item menu-item-type-post_type menu-item-object-page menu-item-16587\"><a href=\"https:\/\/padredamian.onlinevalles.club\/es\/declaracion-de-accesibilidad\/\">Declaraci\u00f3n de accesibilidad<\/a><\/li>\n<li id=\"menu-item-16588\" class=\"menu-item menu-item-type-post_type menu-item-object-page menu-item-16588\"><a href=\"https:\/\/padredamian.onlinevalles.club\/es\/guia-de-estilo\/\">Gu\u00eda de estilo<\/a><\/li>\n<li id=\"menu-item-16589\" class=\"menu-item menu-item-type-post_type menu-item-object-page menu-item-16589\"><a href=\"https:\/\/padredamian.onlinevalles.club\/es\/mapa-web\/\">Mapa web<\/a><\/li>\n<\/ul><\/div><\/div>\n<\/div><\/div>\n\n\n<style>.kadence-column12_21cdff-20 > .kt-inside-inner-col,.kadence-column12_21cdff-20 > .kt-inside-inner-col:before{border-top-left-radius:0px;border-top-right-radius:0px;border-bottom-right-radius:0px;border-bottom-left-radius:0px;}.kadence-column12_21cdff-20 > .kt-inside-inner-col{column-gap:var(--global-kb-gap-sm, 1rem);}.kadence-column12_21cdff-20 > .kt-inside-inner-col{flex-direction:column;}.kadence-column12_21cdff-20 > .kt-inside-inner-col > .aligncenter{width:100%;}.kadence-column12_21cdff-20 > .kt-inside-inner-col:before{opacity:0.3;}.kadence-column12_21cdff-20{position:relative;}@media all and (max-width: 1024px){.kadence-column12_21cdff-20 > .kt-inside-inner-col{flex-direction:column;}}@media all and (max-width: 767px){.kadence-column12_21cdff-20 > .kt-inside-inner-col{flex-direction:column;}}<\/style>\n<div class=\"wp-block-kadence-column kadence-column12_21cdff-20\"><div class=\"kt-inside-inner-col\">\n<p>Online Vall\u00e9s se ha comprometido a hacer accesible su sitio web, conforme al Real Decreto 1112\/2018, de 7 de septiembre, sobre accesibilidad de los sitios web y aplicaciones para dispositivos m\u00f3viles del sector p\u00fablico.<\/p>\n\n\n\n<p>Esta declaraci\u00f3n de accesibilidad se aplica a esta web.<\/p>\n\n\n\n<h2 class=\"wp-block-heading\">Situaci\u00f3n de cumplimiento<\/h2>\n\n\n\n<p>Este sitio web est\u00e1 desarrollado seg\u00fan el RD 1112\/2018<\/p>\n\n\n\n<h2 class=\"wp-block-heading\">Preparaci\u00f3n para la siguiente declaraci\u00f3n de accesibilidad<\/h2>\n\n\n\n<p>Esta declaraci\u00f3n fue preparada el 20 de abril de 2023.<\/p>\n\n\n\n<p>El m\u00e9todo empleado para preparar la declaraci\u00f3n ha sido una autoevaluaci\u00f3n.<\/p>\n\n\n\n<h2 class=\"wp-block-heading\">Observaciones y datos de contacto<\/h2>\n\n\n\n<p>Puede realizar comunicaciones sobre requisitos de accesibilidad (art\u00edculo 10.2.a del RD 1112\/2018) como:<\/p>\n\n\n\n<ul class=\"wp-block-list\">\n<li>Informar sobre cualquier posible incumplimiento por parte de este sitio web<\/li>\n\n\n\n<li>Transmitir otras dificultades de acceso al contenido<\/li>\n\n\n\n<li>Formular cualquier otra consulta o sugerencia de mejora relativa a la accesibilidad del sitio web a trav\u00e9s del formulario de contacto de este sitio web oa trav\u00e9s del n\u00famero de tel\u00e9fono&nbsp;<\/li>\n<\/ul>\n\n\n\n<p>Puede presentar:<\/p>\n\n\n\n<ul class=\"wp-block-list\">\n<li>Queja relativa al cumplimiento de los requisitos del RD 1112\/2018<\/li>\n\n\n\n<li>Solicitud de informaci\u00f3n accesible relativa a:\n<ul class=\"wp-block-list\">\n<li>Contenidos que est\u00e1n excluidos del \u00e1mbito de aplicaci\u00f3n del RD 1112\/2018 seg\u00fan lo que establece el art\u00edculo 3, apartado 4<\/li>\n\n\n\n<li>Contenidos que est\u00e1n exentos del cumplimiento de los requisitos de accesibilidad para imponer una carga desproporcionada<\/li>\n\n\n\n<li>En la Solicitud de informaci\u00f3n accesible, deben concretarse, con toda claridad, los hechos, las razones y la petici\u00f3n que permitan constatar que se trata de una solicitud razonable y leg\u00edtima.<\/li>\n<\/ul>\n<\/li>\n<\/ul>\n\n\n\n<p>Las quejas y reclamaciones sobre informaci\u00f3n accesible se realizar\u00e1n a trav\u00e9s de la sede electr\u00f3nica (https:\/\/sede.red.gob.es\/procedimientos\/quejas-y-sugerencias), y ser\u00e1n recibidas y tratadas por el \u00e1rea de Sistemas de la Informaci\u00f3n de Red.es.<\/p>\n\n\n\n<h2 class=\"wp-block-heading\">Contenido opcional<\/h2>\n\n\n\n<ul class=\"wp-block-list\">\n<li>Si desea cambiar el tama\u00f1o de letra del texto en los principales navegadores gr\u00e1ficos utilice los siguientes men\u00fas:<\/li>\n\n\n\n<li>Safari: Ver &gt; Hacer el texto m\u00e1s grande<\/li>\n\n\n\n<li>Chrome: Controla la p\u00e1gina actual &gt; Tama\u00f1o del texto<\/li>\n<\/ul>\n\n\n\n<p>Para modificar el tama\u00f1o de todo en la p\u00e1gina:<\/p>\n\n\n\n<ul class=\"wp-block-list\">\n<li>Ctrl++ para aumentarlo<\/li>\n\n\n\n<li>Ctrl + \u2013 para disminuirlo<\/li>\n\n\n\n<li>Ctrl + 0 restaura el tama\u00f1o original del texto<\/li>\n\n\n\n<li>Si lo que desea es anular la hoja de estilos o modificar el color del texto, puede consultar la p\u00e1gina How to Change Text Size o Colores de la WAI, que se puede leer traducido al espa\u00f1ol en \u00bfC\u00f3mo cambiar el tama\u00f1o del texto o colores?<\/li>\n<\/ul>\n<\/div><\/div>\n\n<\/div><\/div>","protected":false},"excerpt":{"rendered":"<p>Online Vall\u00e9s&nbsp;s\u2019ha comprom\u00e8s a fer accessible el seu lloc web, de conformitat amb el Reial decret 1112\/2018, de 7 de setembre, sobre accessibilitat dels llocs web i aplicacions per a dispositius m\u00f2bils del sector p\u00fablic. Aquesta declaraci\u00f3 d\u02bbaccessibilitat s\u02bbaplica a aquesta web. Situaci\u00f3 de compliment Aquest lloc web est\u00e0 desenvolupat segons el RD 1112\/2018 Preparaci\u00f3&#8230;<\/p>","protected":false},"author":1,"featured_media":0,"parent":0,"menu_order":77,"comment_status":"closed","ping_status":"closed","template":"","meta":{"_acf_changed":false,"_kad_blocks_custom_css":"","_kad_blocks_head_custom_js":"","_kad_blocks_body_custom_js":"","_kad_blocks_footer_custom_js":"","_kadence_starter_templates_imported_post":false,"_kad_post_transparent":"","_kad_post_title":"","_kad_post_layout":"","_kad_post_sidebar_id":"","_kad_post_content_style":"","_kad_post_vertical_padding":"","_kad_post_feature":"","_kad_post_feature_position":"","_kad_post_header":false,"_kad_post_footer":false,"_joinchat":[],"footnotes":""},"class_list":["post-12","page","type-page","status-publish","hentry"],"acf":[],"taxonomy_info":[],"featured_image_src_large":false,"author_info":{"display_name":"eloi","author_link":"https:\/\/padredamian.onlinevalles.club\/es\/author\/eloi\/"},"comment_info":0,"_links":{"self":[{"href":"https:\/\/padredamian.onlinevalles.club\/es\/wp-json\/wp\/v2\/pages\/12","targetHints":{"allow":["GET"]}}],"collection":[{"href":"https:\/\/padredamian.onlinevalles.club\/es\/wp-json\/wp\/v2\/pages"}],"about":[{"href":"https:\/\/padredamian.onlinevalles.club\/es\/wp-json\/wp\/v2\/types\/page"}],"author":[{"embeddable":true,"href":"https:\/\/padredamian.onlinevalles.club\/es\/wp-json\/wp\/v2\/users\/1"}],"replies":[{"embeddable":true,"href":"https:\/\/padredamian.onlinevalles.club\/es\/wp-json\/wp\/v2\/comments?post=12"}],"version-history":[{"count":3,"href":"https:\/\/padredamian.onlinevalles.club\/es\/wp-json\/wp\/v2\/pages\/12\/revisions"}],"predecessor-version":[{"id":16601,"href":"https:\/\/padredamian.onlinevalles.club\/es\/wp-json\/wp\/v2\/pages\/12\/revisions\/16601"}],"wp:attachment":[{"href":"https:\/\/padredamian.onlinevalles.club\/es\/wp-json\/wp\/v2\/media?parent=12"}],"curies":[{"name":"wp","href":"https:\/\/api.w.org\/{rel}","templated":true}]}}