{"id":16351,"date":"2024-01-31T08:37:24","date_gmt":"2024-01-31T07:37:24","guid":{"rendered":"https:\/\/padredamian.onlinevalles.club\/?page_id=16351"},"modified":"2024-10-02T10:27:49","modified_gmt":"2024-10-02T08:27:49","slug":"uniformes","status":"publish","type":"page","link":"https:\/\/padredamian.onlinevalles.club\/es\/serveis\/uniformes\/","title":{"rendered":"Uniformes"},"content":{"rendered":"<style>.kb-row-layout-id16351_ff6ccf-16 > .kt-row-column-wrap{align-content:center;}:where(.kb-row-layout-id16351_ff6ccf-16 > .kt-row-column-wrap) > .wp-block-kadence-column{justify-content:center;}.kb-row-layout-id16351_ff6ccf-16 > .kt-row-column-wrap{column-gap:var(--global-kb-gap-md, 2rem);row-gap:var(--global-kb-gap-md, 2rem);max-width:var( --global-content-width, 1290px );padding-left:var(--global-content-edge-padding);padding-right:var(--global-content-edge-padding);padding-top:var(--global-kb-spacing-lg, 3rem);padding-bottom:var(--global-kb-spacing-lg, 3rem);min-height:400px;grid-template-columns:minmax(0, 1fr);}.kb-row-layout-id16351_ff6ccf-16{background-image:url('https:\/\/padredamian.onlinevalles.club\/wp-content\/uploads\/2024\/05\/DSCF4243-scaled-e1716884967193.jpg');background-size:cover;background-position:46% 37%;background-attachment:scroll;background-repeat:no-repeat;}.kb-row-layout-id16351_ff6ccf-16 > .kt-row-layout-overlay{opacity:0.30;background-color:var(--global-palette3, #1A202C);mix-blend-mode:multiply;}.kb-row-layout-id16351_ff6ccf-16 ,.kb-row-layout-id16351_ff6ccf-16 h1,.kb-row-layout-id16351_ff6ccf-16 h2,.kb-row-layout-id16351_ff6ccf-16 h3,.kb-row-layout-id16351_ff6ccf-16 h4,.kb-row-layout-id16351_ff6ccf-16 h5,.kb-row-layout-id16351_ff6ccf-16 h6{color:var(--global-palette9, #ffffff);}.kb-row-layout-id16351_ff6ccf-16 a{color:var(--global-palette9, #ffffff);}.kb-row-layout-id16351_ff6ccf-16 a:hover{color:var(--global-palette8, #F7FAFC);}@media all and (max-width: 1024px){.kb-row-layout-id16351_ff6ccf-16 > .kt-row-column-wrap{grid-template-columns:minmax(0, 1fr);}}@media all and (max-width: 767px){.kb-row-layout-id16351_ff6ccf-16 > .kt-row-column-wrap{grid-template-columns:minmax(0, 1fr);}}.kb-row-layout-id16351_ff6ccf-16 {text-align: center;}<\/style><div class=\"kb-row-layout-wrap kb-row-layout-id16351_ff6ccf-16 alignnone has-theme-palette1-background-color kt-row-has-bg page-title wp-block-kadence-rowlayout\"><div class=\"kt-row-layout-overlay kt-row-overlay-normal\"><\/div><div class=\"kt-row-column-wrap kt-has-1-columns kt-row-layout-equal kt-tab-layout-inherit kt-mobile-layout-row kt-row-valign-middle kb-theme-content-width\">\n<style>.kadence-column16351_a5fdae-9e > .kt-inside-inner-col,.kadence-column16351_a5fdae-9e > .kt-inside-inner-col:before{border-top-left-radius:0px;border-top-right-radius:0px;border-bottom-right-radius:0px;border-bottom-left-radius:0px;}.kadence-column16351_a5fdae-9e > .kt-inside-inner-col{column-gap:var(--global-kb-gap-sm, 1rem);}.kadence-column16351_a5fdae-9e > .kt-inside-inner-col{flex-direction:column;}.kadence-column16351_a5fdae-9e > .kt-inside-inner-col > .aligncenter{width:100%;}.kadence-column16351_a5fdae-9e > .kt-inside-inner-col:before{opacity:0.3;}.kadence-column16351_a5fdae-9e{position:relative;}@media all and (max-width: 1024px){.kadence-column16351_a5fdae-9e > .kt-inside-inner-col{flex-direction:column;}}@media all and (max-width: 767px){.kadence-column16351_a5fdae-9e > .kt-inside-inner-col{flex-direction:column;}}<\/style>\n<div class=\"wp-block-kadence-column kadence-column16351_a5fdae-9e\"><div class=\"kt-inside-inner-col\"><style>.wp-block-kadence-advancedheading.kt-adv-heading16351_21a8e1-a4, .wp-block-kadence-advancedheading.kt-adv-heading16351_21a8e1-a4[data-kb-block=\"kb-adv-heading16351_21a8e1-a4\"]{margin-bottom:var(--global-kb-spacing-xs, 1rem);text-align:center;font-size:var(--global-kb-font-size-xxl, 4rem);font-style:normal;}.wp-block-kadence-advancedheading.kt-adv-heading16351_21a8e1-a4 mark.kt-highlight, .wp-block-kadence-advancedheading.kt-adv-heading16351_21a8e1-a4[data-kb-block=\"kb-adv-heading16351_21a8e1-a4\"] mark.kt-highlight{font-style:normal;color:#f76a0c;padding-top:0px;padding-right:0px;padding-bottom:0px;padding-left:0px;}<\/style>\n<h1 class=\"kt-adv-heading16351_21a8e1-a4 wp-block-kadence-advancedheading\" data-kb-block=\"kb-adv-heading16351_21a8e1-a4\">Uniformes<\/h1>\n\n\n<nav id=\"kadence-breadcrumbs\" aria-label=\"Migas de pan\"  class=\"kadence-breadcrumbs\"><div class=\"kadence-breadcrumb-container\"><span><a href=\"https:\/\/padredamian.onlinevalles.club\/es\/\" title=\"Inicio\" itemprop=\"url\" class=\"kadence-bc-home kadence-bc-home-icon\" ><span><span class=\"kadence-svg-iconset svg-baseline\"><svg aria-hidden=\"true\" class=\"kadence-svg-icon kadence-home-svg\" fill=\"currentColor\" version=\"1.1\" xmlns=\"http:\/\/www.w3.org\/2000\/svg\" width=\"24\" height=\"24\" viewbox=\"0 0 24 24\"><title>Inicio<\/title><path d=\"M9.984 20.016h-4.969v-8.016h-3l9.984-9 9.984 9h-3v8.016h-4.969v-6h-4.031v6z\"><\/path>\n\t\t\t\t<\/svg><\/span><\/span><\/a><\/span> <span class=\"bc-delimiter\">\/<\/span> <span class=\"kadence-bread-current\">Uniformes<\/span><\/div><\/nav>\n<\/div><\/div>\n\n<\/div><\/div>\n\n<style>.kb-row-layout-id16351_d02b3d-00 > .kt-row-column-wrap{align-content:start;}:where(.kb-row-layout-id16351_d02b3d-00 > .kt-row-column-wrap) > .wp-block-kadence-column{justify-content:start;}.kb-row-layout-id16351_d02b3d-00 > .kt-row-column-wrap{column-gap:var(--global-kb-gap-lg, 4rem);row-gap:var(--global-kb-gap-md, 2rem);max-width:var( --global-content-width, 1290px );padding-left:var(--global-content-edge-padding);padding-right:var(--global-content-edge-padding);padding-top:var(--global-kb-spacing-lg, 3rem);padding-bottom:var(--global-kb-spacing-xl, 4rem);grid-template-columns:minmax(0, calc(25% - ((var(--global-kb-gap-lg, 4rem) * 1 )\/2)))minmax(0, calc(75% - ((var(--global-kb-gap-lg, 4rem) * 1 )\/2)));}.kb-row-layout-id16351_d02b3d-00 > .kt-row-layout-overlay{opacity:0.30;}@media all and (max-width: 1024px){.kb-row-layout-id16351_d02b3d-00 > .kt-row-column-wrap{grid-template-columns:minmax(0, 1fr) minmax(0, 2fr);}}@media all and (max-width: 767px){.kb-row-layout-id16351_d02b3d-00 > .kt-row-column-wrap{grid-template-columns:minmax(0, 1fr);}.kb-row-layout-id16351_d02b3d-00 > .kt-row-column-wrap > .wp-block-kadence-column:nth-child(1){order:2;}.kb-row-layout-id16351_d02b3d-00 > .kt-row-column-wrap > .wp-block-kadence-column:nth-child(2){order:1;}.kb-row-layout-id16351_d02b3d-00 > .kt-row-column-wrap > .wp-block-kadence-column:nth-child(3){order:12;}.kb-row-layout-id16351_d02b3d-00 > .kt-row-column-wrap > .wp-block-kadence-column:nth-child(4){order:11;}.kb-row-layout-id16351_d02b3d-00 > .kt-row-column-wrap > .wp-block-kadence-column:nth-child(5){order:22;}.kb-row-layout-id16351_d02b3d-00 > .kt-row-column-wrap > .wp-block-kadence-column:nth-child(6){order:21;}.kb-row-layout-id16351_d02b3d-00 > .kt-row-column-wrap > .wp-block-kadence-column:nth-child(7){order:32;}.kb-row-layout-id16351_d02b3d-00 > .kt-row-column-wrap > .wp-block-kadence-column:nth-child(8){order:31;}}<\/style><div class=\"kb-row-layout-wrap kb-row-layout-id16351_d02b3d-00 alignnone wp-block-kadence-rowlayout\"><div class=\"kt-row-column-wrap kt-has-2-columns kt-row-layout-right-golden kt-tab-layout-inherit kt-mobile-layout-row kt-row-valign-top kb-theme-content-width\">\n<style>#wrapper.site{overflow:clip;}.kadence-column16351_b4d472-48{--kb-section-setting-offset:80px;}.kadence-column16351_b4d472-48 > .kt-inside-inner-col,.kadence-column16351_b4d472-48 > .kt-inside-inner-col:before{border-top-left-radius:0px;border-top-right-radius:0px;border-bottom-right-radius:0px;border-bottom-left-radius:0px;}.kadence-column16351_b4d472-48 > .kt-inside-inner-col{column-gap:var(--global-kb-gap-sm, 1rem);}.kadence-column16351_b4d472-48 > .kt-inside-inner-col{flex-direction:column;}.kadence-column16351_b4d472-48 > .kt-inside-inner-col > .aligncenter{width:100%;}.kadence-column16351_b4d472-48 > .kt-inside-inner-col:before{opacity:0.3;}.kadence-column16351_b4d472-48{position:relative;}@media all and (max-width: 1024px){.kadence-column16351_b4d472-48 > .kt-inside-inner-col{flex-direction:column;}}@media all and (max-width: 767px){.kadence-column16351_b4d472-48 > .kt-inside-inner-col{flex-direction:column;}}<\/style>\n<div class=\"wp-block-kadence-column kadence-column16351_b4d472-48 kb-section-is-sticky\"><div class=\"kt-inside-inner-col\"><div class=\"shortcode-menu\"><ul class=\"shortcode-menu\"><li class=\"\"><a href=\"https:\/\/padredamian.onlinevalles.club\/es\/serveis\/acolliment-i-permanencia\/\">Acogida y permanencia<\/a><\/li><li class=\"\"><a href=\"https:\/\/padredamian.onlinevalles.club\/es\/serveis\/menjador\/\">Comedor<\/a><\/li><li class=\"\"><a href=\"https:\/\/padredamian.onlinevalles.club\/es\/serveis\/infermeria\/\">Enfermer\u00eda<\/a><\/li><li class=\"\"><a href=\"https:\/\/padredamian.onlinevalles.club\/es\/serveis\/transport-escolar\/\">Transporte escolar<\/a><\/li><li class=\"\"><a href=\"https:\/\/padredamian.onlinevalles.club\/es\/serveis\/compra-de-llibres-i-material\/\">Compra de libros y material<\/a><\/li><li class=\"active\"><a href=\"https:\/\/padredamian.onlinevalles.club\/es\/serveis\/uniformes\/\">Uniformes<\/a><\/li><li class=\"\"><a href=\"https:\/\/padredamian.onlinevalles.club\/es\/serveis\/cantina\/\">Cantina<\/a><\/li><li class=\"\"><a href=\"https:\/\/padredamian.onlinevalles.club\/es\/serveis\/logopedia\/\">Logopedia<\/a><\/li><\/ul><\/div>\n<\/div><\/div>\n\n\n<style>.kadence-column16351_c068f3-21 > .kt-inside-inner-col,.kadence-column16351_c068f3-21 > .kt-inside-inner-col:before{border-top-left-radius:0px;border-top-right-radius:0px;border-bottom-right-radius:0px;border-bottom-left-radius:0px;}.kadence-column16351_c068f3-21 > .kt-inside-inner-col{column-gap:var(--global-kb-gap-sm, 1rem);}.kadence-column16351_c068f3-21 > .kt-inside-inner-col{flex-direction:column;}.kadence-column16351_c068f3-21 > .kt-inside-inner-col > .aligncenter{width:100%;}.kadence-column16351_c068f3-21 > .kt-inside-inner-col:before{opacity:0.3;}.kadence-column16351_c068f3-21{position:relative;}@media all and (max-width: 1024px){.kadence-column16351_c068f3-21 > .kt-inside-inner-col{flex-direction:column;}}@media all and (max-width: 767px){.kadence-column16351_c068f3-21 > .kt-inside-inner-col{flex-direction:column;}}<\/style>\n<div class=\"wp-block-kadence-column kadence-column16351_c068f3-21\"><div class=\"kt-inside-inner-col\">\n<p>Todos los alumnos del colegio de educaci\u00f3n Infantil, Primaria y ESO deben llevar el uniforme del colegio y para las clases de educaci\u00f3n f\u00edsica el uniforme de deporte.<\/p>\n\n\n\n<p>La\u00a0<strong>venta de uniformes\u00a0<\/strong>es un servicio m\u00e1s que ofrece el colegio. Si necesita comprar alguna pieza del uniforme, puede hacerlo enviando un correo a\u00a0<a href=\"mailto:uniformes@padredamiansscc.net\" target=\"_blank\" rel=\"noreferrer noopener\">uniformes@padredamiansscc.net<\/a>\u00a0o llamando al tel\u00e9fono de la escuela y lo entregaremos a su hijo\/a. Le llegar\u00e1 un correo conforme se ha entregado el pedido, el importe y c\u00f3mo realizar el pago. Los cambios los puede realizar el alumno desde las 11h hasta las 11.30 h. Si alguien quiere hacerlo presencialmente,\u00a0<strong>la tienda permanecer\u00e1 abierta los martes y viernes de 17h a 17:30h.<\/strong><\/p>\n\n\n\n<p>Para poder realizar la compra de las equipaciones deportivas de extraescolares&nbsp;<a href=\"https:\/\/www.4tres3.com\/825-escola-padre-damian-sagrados-corazones\" target=\"_blank\" rel=\"noreferrer noopener\">haga clic aqu\u00ed<\/a>.<\/p>\n\n\n\n<p>Aprovechamos para recordarle la normativa del uniforme escolar que tiene en la agenda. El uso del uniforme completo es obligatorio para todos los alumnos de Educaci\u00f3n Infantil, Primaria y ESO y consta de: polo blanco de manga corta o larga, jersey o chaqueta granates, falda o pantal\u00f3n gris, calcetines, leotardos o medias granates. El calzado debe ser de color azul marino o negro. Los alumnos de Infantil y Primaria tambi\u00e9n deben llevar bata. Todas las prendas deben ir debidamente marcadas.<\/p>\n\n\n\n<div class=\"wp-block-group\"><div class=\"wp-block-group__inner-container is-layout-constrained wp-block-group-is-layout-constrained\">\n<div class=\"wp-block-columns is-layout-flex wp-container-core-columns-is-layout-9d6595d7 wp-block-columns-is-layout-flex\">\n<div class=\"wp-block-column is-layout-flow wp-block-column-is-layout-flow\" style=\"flex-basis:100%\"><style>.wp-block-kadence-advancedgallery .kb-gallery-type-masonry.kb-gallery-id-16351_4f93e6-af{margin:-5px;}.kb-gallery-type-masonry.kb-gallery-id-16351_4f93e6-af .kadence-blocks-gallery-item{padding:5px;}.kb-gallery-id-16351_4f93e6-af .kadence-blocks-gallery-item .kb-gal-image-radius{border-radius:0px 0px 0px 0px;;}<\/style><div class=\"kb-gallery-wrap-id-16351_4f93e6-af alignfull alignfull wp-block-kadence-advancedgallery\"><ul class=\"kb-gallery-ul kb-gallery-non-static kb-gallery-type-masonry kb-masonry-init kb-gallery-id-16351_4f93e6-af kb-gallery-caption-style-bottom-hover kb-gallery-filter-none kb-gallery-magnific-init\" data-image-filter=\"none\" data-item-selector=\".kadence-blocks-gallery-item\" data-lightbox-caption=\"true\" data-columns-xxl=\"1\" data-columns-xl=\"1\" data-columns-md=\"1\" data-columns-sm=\"1\" data-columns-xs=\"1\" data-columns-ss=\"1\"><li class=\"kadence-blocks-gallery-item\"><div class=\"kadence-blocks-gallery-item-inner\"><figure class=\"kb-gallery-figure kb-gallery-item-has-link kadence-blocks-gallery-item-hide-caption\" \"><a href=\"https:\/\/padredamian.onlinevalles.club\/wp-content\/uploads\/2024\/10\/Diseno-sin-titulo-7.jpg\" class=\"kb-gallery-item-link\"  ><div class=\"kb-gal-image-radius\" style=\"max-width:1024px;\"><div class=\"kb-gallery-image-contain kadence-blocks-gallery-intrinsic\" style=\"padding-bottom:56%;\"><img loading=\"lazy\" decoding=\"async\" src=\"https:\/\/padredamian.onlinevalles.club\/wp-content\/uploads\/2024\/10\/Diseno-sin-titulo-7-1024x576.jpg\" width=\"1024\" height=\"576\" alt=\"\" data-full-image=\"https:\/\/padredamian.onlinevalles.club\/wp-content\/uploads\/2024\/10\/Diseno-sin-titulo-7.jpg\" data-light-image=\"https:\/\/padredamian.onlinevalles.club\/wp-content\/uploads\/2024\/10\/Diseno-sin-titulo-7.jpg\" data-id=\"18489\" class=\"wp-image-18489\" srcset=\"https:\/\/padredamian.onlinevalles.club\/wp-content\/uploads\/2024\/10\/Diseno-sin-titulo-7-1024x576.jpg 1024w, https:\/\/padredamian.onlinevalles.club\/wp-content\/uploads\/2024\/10\/Diseno-sin-titulo-7-300x169.jpg 300w, https:\/\/padredamian.onlinevalles.club\/wp-content\/uploads\/2024\/10\/Diseno-sin-titulo-7-768x432.jpg 768w, https:\/\/padredamian.onlinevalles.club\/wp-content\/uploads\/2024\/10\/Diseno-sin-titulo-7-1536x864.jpg 1536w, https:\/\/padredamian.onlinevalles.club\/wp-content\/uploads\/2024\/10\/Diseno-sin-titulo-7-18x10.jpg 18w, https:\/\/padredamian.onlinevalles.club\/wp-content\/uploads\/2024\/10\/Diseno-sin-titulo-7-128x72.jpg 128w, https:\/\/padredamian.onlinevalles.club\/wp-content\/uploads\/2024\/10\/Diseno-sin-titulo-7-32x18.jpg 32w, https:\/\/padredamian.onlinevalles.club\/wp-content\/uploads\/2024\/10\/Diseno-sin-titulo-7.jpg 1920w\" sizes=\"auto, (max-width: 1024px) 100vw, 1024px\" \/><\/div><\/div><\/a><\/figure><\/div><\/li><li class=\"kadence-blocks-gallery-item\"><div class=\"kadence-blocks-gallery-item-inner\"><figure class=\"kb-gallery-figure kb-gallery-item-has-link kadence-blocks-gallery-item-hide-caption\" \"><a href=\"https:\/\/padredamian.onlinevalles.club\/wp-content\/uploads\/2024\/10\/chandal.jpg\" class=\"kb-gallery-item-link\"  ><div class=\"kb-gal-image-radius\" style=\"max-width:1024px;\"><div class=\"kb-gallery-image-contain kadence-blocks-gallery-intrinsic\" style=\"padding-bottom:56%;\"><img loading=\"lazy\" decoding=\"async\" src=\"https:\/\/padredamian.onlinevalles.club\/wp-content\/uploads\/2024\/10\/chandal-1024x576.jpg\" width=\"1024\" height=\"576\" alt=\"\" data-full-image=\"https:\/\/padredamian.onlinevalles.club\/wp-content\/uploads\/2024\/10\/chandal.jpg\" data-light-image=\"https:\/\/padredamian.onlinevalles.club\/wp-content\/uploads\/2024\/10\/chandal.jpg\" data-id=\"18485\" class=\"wp-image-18485\" srcset=\"https:\/\/padredamian.onlinevalles.club\/wp-content\/uploads\/2024\/10\/chandal-1024x576.jpg 1024w, https:\/\/padredamian.onlinevalles.club\/wp-content\/uploads\/2024\/10\/chandal-300x169.jpg 300w, https:\/\/padredamian.onlinevalles.club\/wp-content\/uploads\/2024\/10\/chandal-768x432.jpg 768w, https:\/\/padredamian.onlinevalles.club\/wp-content\/uploads\/2024\/10\/chandal-1536x864.jpg 1536w, https:\/\/padredamian.onlinevalles.club\/wp-content\/uploads\/2024\/10\/chandal-18x10.jpg 18w, https:\/\/padredamian.onlinevalles.club\/wp-content\/uploads\/2024\/10\/chandal-128x72.jpg 128w, https:\/\/padredamian.onlinevalles.club\/wp-content\/uploads\/2024\/10\/chandal-32x18.jpg 32w, https:\/\/padredamian.onlinevalles.club\/wp-content\/uploads\/2024\/10\/chandal.jpg 1920w\" sizes=\"auto, (max-width: 1024px) 100vw, 1024px\" \/><\/div><\/div><\/a><\/figure><\/div><\/li><\/ul><\/div><\/div>\n<\/div>\n<\/div><\/div>\n<\/div><\/div>\n\n<\/div><\/div>","protected":false},"excerpt":{"rendered":"<p>Uniformes Tots els alumnes del col\u00b7legi d\u2019educaci\u00f3 Infantil, Prim\u00e0ria i ESO han de dur l\u2019uniforme de l\u2019escola i per a les classes d\u2019educaci\u00f3 f\u00edsica l\u2019uniforme d\u2019esport. La\u00a0venda d\u2019uniformes\u00a0\u00e9s un servei m\u00e9s que ofereix l\u2019escola. Si necessiteu comprar alguna pe\u00e7a de l&#8217;uniforme, ho podeu fer enviant un correu a\u00a0uniformes@padredamiansscc.net\u00a0o trucant al tel\u00e8fon de l&#8217;escola i ho&#8230;<\/p>","protected":false},"author":1,"featured_media":17594,"parent":16359,"menu_order":33,"comment_status":"closed","ping_status":"closed","template":"","meta":{"_acf_changed":false,"_kad_blocks_custom_css":"","_kad_blocks_head_custom_js":"","_kad_blocks_body_custom_js":"","_kad_blocks_footer_custom_js":"","_kadence_starter_templates_imported_post":false,"_kad_post_transparent":"","_kad_post_title":"hide","_kad_post_layout":"fullwidth","_kad_post_sidebar_id":"","_kad_post_content_style":"unboxed","_kad_post_vertical_padding":"","_kad_post_feature":"","_kad_post_feature_position":"","_kad_post_header":false,"_kad_post_footer":false,"_joinchat":[],"footnotes":""},"class_list":["post-16351","page","type-page","status-publish","has-post-thumbnail","hentry"],"acf":[],"taxonomy_info":[],"featured_image_src_large":["https:\/\/padredamian.onlinevalles.club\/wp-content\/uploads\/2024\/05\/DSCF4243-scaled-e1716884967193-1024x305.jpg",1024,305,true],"author_info":{"display_name":"eloi","author_link":"https:\/\/padredamian.onlinevalles.club\/es\/author\/eloi\/"},"comment_info":0,"_links":{"self":[{"href":"https:\/\/padredamian.onlinevalles.club\/es\/wp-json\/wp\/v2\/pages\/16351","targetHints":{"allow":["GET"]}}],"collection":[{"href":"https:\/\/padredamian.onlinevalles.club\/es\/wp-json\/wp\/v2\/pages"}],"about":[{"href":"https:\/\/padredamian.onlinevalles.club\/es\/wp-json\/wp\/v2\/types\/page"}],"author":[{"embeddable":true,"href":"https:\/\/padredamian.onlinevalles.club\/es\/wp-json\/wp\/v2\/users\/1"}],"replies":[{"embeddable":true,"href":"https:\/\/padredamian.onlinevalles.club\/es\/wp-json\/wp\/v2\/comments?post=16351"}],"version-history":[{"count":8,"href":"https:\/\/padredamian.onlinevalles.club\/es\/wp-json\/wp\/v2\/pages\/16351\/revisions"}],"predecessor-version":[{"id":18492,"href":"https:\/\/padredamian.onlinevalles.club\/es\/wp-json\/wp\/v2\/pages\/16351\/revisions\/18492"}],"up":[{"embeddable":true,"href":"https:\/\/padredamian.onlinevalles.club\/es\/wp-json\/wp\/v2\/pages\/16359"}],"wp:featuredmedia":[{"embeddable":true,"href":"https:\/\/padredamian.onlinevalles.club\/es\/wp-json\/wp\/v2\/media\/17594"}],"wp:attachment":[{"href":"https:\/\/padredamian.onlinevalles.club\/es\/wp-json\/wp\/v2\/media?parent=16351"}],"curies":[{"name":"wp","href":"https:\/\/api.w.org\/{rel}","templated":true}]}}