{"id":16355,"date":"2024-01-31T08:41:16","date_gmt":"2024-01-31T07:41:16","guid":{"rendered":"https:\/\/padredamian.onlinevalles.club\/?page_id=16355"},"modified":"2024-10-23T14:08:49","modified_gmt":"2024-10-23T12:08:49","slug":"menjador","status":"publish","type":"page","link":"https:\/\/padredamian.onlinevalles.club\/es\/serveis\/menjador\/","title":{"rendered":"Comedor"},"content":{"rendered":"<style>.kb-row-layout-id16355_afc33d-01 > .kt-row-column-wrap{align-content:center;}:where(.kb-row-layout-id16355_afc33d-01 > .kt-row-column-wrap) > .wp-block-kadence-column{justify-content:center;}.kb-row-layout-id16355_afc33d-01 > .kt-row-column-wrap{column-gap:var(--global-kb-gap-md, 2rem);row-gap:var(--global-kb-gap-md, 2rem);max-width:var( --global-content-width, 1290px );padding-left:var(--global-content-edge-padding);padding-right:var(--global-content-edge-padding);padding-top:var(--global-kb-spacing-lg, 3rem);padding-bottom:var(--global-kb-spacing-lg, 3rem);min-height:400px;grid-template-columns:minmax(0, 1fr);}.kb-row-layout-id16355_afc33d-01{background-image:url('https:\/\/padredamian.onlinevalles.club\/wp-content\/uploads\/2024\/05\/325-Foto-Escola-Padre-Damian-BCN.jpg');background-size:cover;background-position:48% 54%;background-attachment:scroll;background-repeat:no-repeat;}.kb-row-layout-id16355_afc33d-01 > .kt-row-layout-overlay{opacity:0.30;background-color:var(--global-palette3, #1A202C);mix-blend-mode:multiply;}.kb-row-layout-id16355_afc33d-01 ,.kb-row-layout-id16355_afc33d-01 h1,.kb-row-layout-id16355_afc33d-01 h2,.kb-row-layout-id16355_afc33d-01 h3,.kb-row-layout-id16355_afc33d-01 h4,.kb-row-layout-id16355_afc33d-01 h5,.kb-row-layout-id16355_afc33d-01 h6{color:var(--global-palette9, #ffffff);}.kb-row-layout-id16355_afc33d-01 a{color:var(--global-palette9, #ffffff);}.kb-row-layout-id16355_afc33d-01 a:hover{color:var(--global-palette8, #F7FAFC);}@media all and (max-width: 1024px){.kb-row-layout-id16355_afc33d-01 > .kt-row-column-wrap{grid-template-columns:minmax(0, 1fr);}}@media all and (max-width: 767px){.kb-row-layout-id16355_afc33d-01 > .kt-row-column-wrap{grid-template-columns:minmax(0, 1fr);}}.kb-row-layout-id16355_afc33d-01 {text-align: center;}<\/style><div class=\"kb-row-layout-wrap kb-row-layout-id16355_afc33d-01 alignnone has-theme-palette1-background-color kt-row-has-bg page-title wp-block-kadence-rowlayout\"><div class=\"kt-row-layout-overlay kt-row-overlay-normal\"><\/div><div class=\"kt-row-column-wrap kt-has-1-columns kt-row-layout-equal kt-tab-layout-inherit kt-mobile-layout-row kt-row-valign-middle kb-theme-content-width\">\n<style>.kadence-column16355_a52e9a-ed > .kt-inside-inner-col,.kadence-column16355_a52e9a-ed > .kt-inside-inner-col:before{border-top-left-radius:0px;border-top-right-radius:0px;border-bottom-right-radius:0px;border-bottom-left-radius:0px;}.kadence-column16355_a52e9a-ed > .kt-inside-inner-col{column-gap:var(--global-kb-gap-sm, 1rem);}.kadence-column16355_a52e9a-ed > .kt-inside-inner-col{flex-direction:column;}.kadence-column16355_a52e9a-ed > .kt-inside-inner-col > .aligncenter{width:100%;}.kadence-column16355_a52e9a-ed > .kt-inside-inner-col:before{opacity:0.3;}.kadence-column16355_a52e9a-ed{position:relative;}@media all and (max-width: 1024px){.kadence-column16355_a52e9a-ed > .kt-inside-inner-col{flex-direction:column;}}@media all and (max-width: 767px){.kadence-column16355_a52e9a-ed > .kt-inside-inner-col{flex-direction:column;}}<\/style>\n<div class=\"wp-block-kadence-column kadence-column16355_a52e9a-ed\"><div class=\"kt-inside-inner-col\"><style>.wp-block-kadence-advancedheading.kt-adv-heading16355_9ae72c-36, .wp-block-kadence-advancedheading.kt-adv-heading16355_9ae72c-36[data-kb-block=\"kb-adv-heading16355_9ae72c-36\"]{margin-bottom:var(--global-kb-spacing-xs, 1rem);text-align:center;font-size:var(--global-kb-font-size-xxl, 4rem);font-style:normal;}.wp-block-kadence-advancedheading.kt-adv-heading16355_9ae72c-36 mark.kt-highlight, .wp-block-kadence-advancedheading.kt-adv-heading16355_9ae72c-36[data-kb-block=\"kb-adv-heading16355_9ae72c-36\"] mark.kt-highlight{font-style:normal;color:#f76a0c;padding-top:0px;padding-right:0px;padding-bottom:0px;padding-left:0px;}<\/style>\n<h1 class=\"kt-adv-heading16355_9ae72c-36 wp-block-kadence-advancedheading\" data-kb-block=\"kb-adv-heading16355_9ae72c-36\">Comedor<\/h1>\n\n\n<nav id=\"kadence-breadcrumbs\" aria-label=\"Migas de pan\"  class=\"kadence-breadcrumbs\"><div class=\"kadence-breadcrumb-container\"><span><a href=\"https:\/\/padredamian.onlinevalles.club\/es\/\" title=\"Inicio\" itemprop=\"url\" class=\"kadence-bc-home kadence-bc-home-icon\" ><span><span class=\"kadence-svg-iconset svg-baseline\"><svg aria-hidden=\"true\" class=\"kadence-svg-icon kadence-home-svg\" fill=\"currentColor\" version=\"1.1\" xmlns=\"http:\/\/www.w3.org\/2000\/svg\" width=\"24\" height=\"24\" viewbox=\"0 0 24 24\"><title>Inicio<\/title><path d=\"M9.984 20.016h-4.969v-8.016h-3l9.984-9 9.984 9h-3v8.016h-4.969v-6h-4.031v6z\"><\/path>\n\t\t\t\t<\/svg><\/span><\/span><\/a><\/span> <span class=\"bc-delimiter\">\/<\/span> <span class=\"kadence-bread-current\">Comedor<\/span><\/div><\/nav>\n<\/div><\/div>\n\n<\/div><\/div>\n\n<style>.kb-row-layout-id16355_f38840-97 > .kt-row-column-wrap{align-content:start;}:where(.kb-row-layout-id16355_f38840-97 > .kt-row-column-wrap) > .wp-block-kadence-column{justify-content:start;}.kb-row-layout-id16355_f38840-97 > .kt-row-column-wrap{column-gap:var(--global-kb-gap-lg, 4rem);row-gap:var(--global-kb-gap-md, 2rem);max-width:var( --global-content-width, 1290px );padding-left:var(--global-content-edge-padding);padding-right:var(--global-content-edge-padding);padding-top:var(--global-kb-spacing-lg, 3rem);padding-bottom:var(--global-kb-spacing-xl, 4rem);grid-template-columns:minmax(0, calc(25% - ((var(--global-kb-gap-lg, 4rem) * 1 )\/2)))minmax(0, calc(75% - ((var(--global-kb-gap-lg, 4rem) * 1 )\/2)));}.kb-row-layout-id16355_f38840-97 > .kt-row-layout-overlay{opacity:0.30;}@media all and (max-width: 1024px){.kb-row-layout-id16355_f38840-97 > .kt-row-column-wrap{grid-template-columns:minmax(0, 1fr) minmax(0, 2fr);}}@media all and (max-width: 767px){.kb-row-layout-id16355_f38840-97 > .kt-row-column-wrap{grid-template-columns:minmax(0, 1fr);}.kb-row-layout-id16355_f38840-97 > .kt-row-column-wrap > .wp-block-kadence-column:nth-child(1){order:2;}.kb-row-layout-id16355_f38840-97 > .kt-row-column-wrap > .wp-block-kadence-column:nth-child(2){order:1;}.kb-row-layout-id16355_f38840-97 > .kt-row-column-wrap > .wp-block-kadence-column:nth-child(3){order:12;}.kb-row-layout-id16355_f38840-97 > .kt-row-column-wrap > .wp-block-kadence-column:nth-child(4){order:11;}.kb-row-layout-id16355_f38840-97 > .kt-row-column-wrap > .wp-block-kadence-column:nth-child(5){order:22;}.kb-row-layout-id16355_f38840-97 > .kt-row-column-wrap > .wp-block-kadence-column:nth-child(6){order:21;}.kb-row-layout-id16355_f38840-97 > .kt-row-column-wrap > .wp-block-kadence-column:nth-child(7){order:32;}.kb-row-layout-id16355_f38840-97 > .kt-row-column-wrap > .wp-block-kadence-column:nth-child(8){order:31;}}<\/style><div class=\"kb-row-layout-wrap kb-row-layout-id16355_f38840-97 alignnone wp-block-kadence-rowlayout\"><div class=\"kt-row-column-wrap kt-has-2-columns kt-row-layout-right-golden kt-tab-layout-inherit kt-mobile-layout-row kt-row-valign-top kb-theme-content-width\">\n<style>#wrapper.site{overflow:clip;}.kadence-column16355_3bf242-14{--kb-section-setting-offset:80px;}.kadence-column16355_3bf242-14 > .kt-inside-inner-col,.kadence-column16355_3bf242-14 > .kt-inside-inner-col:before{border-top-left-radius:0px;border-top-right-radius:0px;border-bottom-right-radius:0px;border-bottom-left-radius:0px;}.kadence-column16355_3bf242-14 > .kt-inside-inner-col{column-gap:var(--global-kb-gap-sm, 1rem);}.kadence-column16355_3bf242-14 > .kt-inside-inner-col{flex-direction:column;}.kadence-column16355_3bf242-14 > .kt-inside-inner-col > .aligncenter{width:100%;}.kadence-column16355_3bf242-14 > .kt-inside-inner-col:before{opacity:0.3;}.kadence-column16355_3bf242-14{position:relative;}@media all and (max-width: 1024px){.kadence-column16355_3bf242-14 > .kt-inside-inner-col{flex-direction:column;}}@media all and (max-width: 767px){.kadence-column16355_3bf242-14 > .kt-inside-inner-col{flex-direction:column;}}<\/style>\n<div class=\"wp-block-kadence-column kadence-column16355_3bf242-14 kb-section-is-sticky\"><div class=\"kt-inside-inner-col\"><div class=\"shortcode-menu\"><ul class=\"shortcode-menu\"><li class=\"\"><a href=\"https:\/\/padredamian.onlinevalles.club\/es\/serveis\/acolliment-i-permanencia\/\">Acogida y permanencia<\/a><\/li><li class=\"active\"><a href=\"https:\/\/padredamian.onlinevalles.club\/es\/serveis\/menjador\/\">Comedor<\/a><\/li><li class=\"\"><a href=\"https:\/\/padredamian.onlinevalles.club\/es\/serveis\/infermeria\/\">Enfermer\u00eda<\/a><\/li><li class=\"\"><a href=\"https:\/\/padredamian.onlinevalles.club\/es\/serveis\/transport-escolar\/\">Transporte escolar<\/a><\/li><li class=\"\"><a href=\"https:\/\/padredamian.onlinevalles.club\/es\/serveis\/compra-de-llibres-i-material\/\">Compra de libros y material<\/a><\/li><li class=\"\"><a href=\"https:\/\/padredamian.onlinevalles.club\/es\/serveis\/uniformes\/\">Uniformes<\/a><\/li><li class=\"\"><a href=\"https:\/\/padredamian.onlinevalles.club\/es\/serveis\/cantina\/\">Cantina<\/a><\/li><li class=\"\"><a href=\"https:\/\/padredamian.onlinevalles.club\/es\/serveis\/logopedia\/\">Logopedia<\/a><\/li><\/ul><\/div>\n<\/div><\/div>\n\n\n<style>.kadence-column16355_775dd2-df > .kt-inside-inner-col,.kadence-column16355_775dd2-df > .kt-inside-inner-col:before{border-top-left-radius:0px;border-top-right-radius:0px;border-bottom-right-radius:0px;border-bottom-left-radius:0px;}.kadence-column16355_775dd2-df > .kt-inside-inner-col{column-gap:var(--global-kb-gap-sm, 1rem);}.kadence-column16355_775dd2-df > .kt-inside-inner-col{flex-direction:column;}.kadence-column16355_775dd2-df > .kt-inside-inner-col > .aligncenter{width:100%;}.kadence-column16355_775dd2-df > .kt-inside-inner-col:before{opacity:0.3;}.kadence-column16355_775dd2-df{position:relative;}@media all and (max-width: 1024px){.kadence-column16355_775dd2-df > .kt-inside-inner-col{flex-direction:column;}}@media all and (max-width: 767px){.kadence-column16355_775dd2-df > .kt-inside-inner-col{flex-direction:column;}}<\/style>\n<div class=\"wp-block-kadence-column kadence-column16355_775dd2-df\"><div class=\"kt-inside-inner-col\"><style>.wp-block-kadence-advancedheading.kt-adv-heading16355_6cebe2-a6, .wp-block-kadence-advancedheading.kt-adv-heading16355_6cebe2-a6[data-kb-block=\"kb-adv-heading16355_6cebe2-a6\"]{font-style:normal;}.wp-block-kadence-advancedheading.kt-adv-heading16355_6cebe2-a6 mark.kt-highlight, .wp-block-kadence-advancedheading.kt-adv-heading16355_6cebe2-a6[data-kb-block=\"kb-adv-heading16355_6cebe2-a6\"] mark.kt-highlight{font-style:normal;color:#f76a0c;padding-top:0px;padding-right:0px;padding-bottom:0px;padding-left:0px;}<\/style>\n<h2 class=\"kt-adv-heading16355_6cebe2-a6 wp-block-kadence-advancedheading\" data-kb-block=\"kb-adv-heading16355_6cebe2-a6\">El colegio ofrece un<strong> servicio de comedor <\/strong>con cocina propia y men\u00fas elaborados por un nutricionista<\/h2>\n\n\n\n<p>Los encargados de vigilar el comedor son los propios profesores.<\/p>\n\n\n\n<p>El Colegio Padre Dami\u00e1n Sagrados Corazones dispone de <strong>cocina propia<\/strong> de 180 metros cuadrados en Avenida Vallvidrera 10 y la comida se elabora a diario en nuestras instalaciones. El servicio de cocina est\u00e1 a cargo de Algadi, prestigiosa empresa de restauraci\u00f3n. <\/p>\n\n\n\n<p>Los men\u00fas se elaboran de com\u00fan acuerdo entre la direcci\u00f3n del Colegio Padre Dami\u00e1n Sagrados Corazones y Algadi. Adem\u00e1s, el alumnado que se queda a comer dispone de un rato de recreo en el que el colegio proporciona varios juegos y espacios donde seguir desarrollando sus capacidades as\u00ed como una amplia oferta de<a href=\"https:\/\/padredamiansscc.org\/inscripcio-extraescolars\/\" target=\"_blank\" rel=\"noreferrer noopener\">actividades extraescolares<\/a>.<\/p>\n\n\n\n<p>Los men\u00fas se actualizan mensualmente en este apartado de la p\u00e1gina web. Adem\u00e1s de los men\u00fas diarios que se hacen en el colegio encontrar\u00e9is una propuesta equilibrada para las cenas.<\/p>\n\n\n<style>.kb-row-layout-id16355_350604-eb > .kt-row-column-wrap{align-content:start;}:where(.kb-row-layout-id16355_350604-eb > .kt-row-column-wrap) > .wp-block-kadence-column{justify-content:start;}.kb-row-layout-id16355_350604-eb > .kt-row-column-wrap{column-gap:var(--global-kb-gap-md, 2rem);row-gap:var(--global-kb-gap-md, 2rem);max-width:var( --global-content-width, 1290px );padding-left:var(--global-content-edge-padding);padding-right:var(--global-content-edge-padding);padding-top:0px;padding-right:0px;padding-bottom:var(--global-kb-spacing-md, 2rem);padding-left:0px;grid-template-columns:repeat(4, minmax(0, 1fr));}.kb-row-layout-id16355_350604-eb > .kt-row-layout-overlay{opacity:0.30;}@media all and (max-width: 1024px){.kb-row-layout-id16355_350604-eb > .kt-row-column-wrap{grid-template-columns:repeat(4, minmax(0, 1fr));}}@media all and (max-width: 767px){.kb-row-layout-id16355_350604-eb > .kt-row-column-wrap{grid-template-columns:minmax(0, 1fr);}}<\/style><div class=\"kb-row-layout-wrap kb-row-layout-id16355_350604-eb alignnone wp-block-kadence-rowlayout\"><div class=\"kt-row-column-wrap kt-has-4-columns kt-row-layout-equal kt-tab-layout-inherit kt-mobile-layout-row kt-row-valign-top kb-theme-content-width\">\n<style>.kadence-column16355_57bc79-57 > .kt-inside-inner-col,.kadence-column16355_57bc79-57 > .kt-inside-inner-col:before{border-top-left-radius:0px;border-top-right-radius:0px;border-bottom-right-radius:0px;border-bottom-left-radius:0px;}.kadence-column16355_57bc79-57 > .kt-inside-inner-col{column-gap:var(--global-kb-gap-sm, 1rem);}.kadence-column16355_57bc79-57 > .kt-inside-inner-col{flex-direction:column;}.kadence-column16355_57bc79-57 > .kt-inside-inner-col > .aligncenter{width:100%;}.kadence-column16355_57bc79-57 > .kt-inside-inner-col:before{opacity:0.3;}.kadence-column16355_57bc79-57{position:relative;}@media all and (max-width: 1024px){.kadence-column16355_57bc79-57 > .kt-inside-inner-col{flex-direction:column;}}@media all and (max-width: 767px){.kadence-column16355_57bc79-57 > .kt-inside-inner-col{flex-direction:column;}}<\/style>\n<div class=\"wp-block-kadence-column kadence-column16355_57bc79-57\"><div class=\"kt-inside-inner-col\">\n<div class=\"wp-block-custom-blocks-pdf-link pdf-embed\"><a href=\"https:\/\/padredamian.onlinevalles.club\/wp-content\/uploads\/2024\/10\/COLLEGI-PADRE-DAMIAN-VALLVIDRERA_MENU-LLAR.pdf\" target=\"_blank\" title=\"MENU HOGAR\" class=\"pdf-link\" rel=\"noopener\"><div class=\"custom-pdf\"><div class=\"pdf-image\"><img decoding=\"async\" src=\"https:\/\/padredamian.onlinevalles.club\/wp-content\/uploads\/2024\/10\/COLLEGI-PADRE-DAMIAN-VALLVIDRERA_MENU-LLAR-pdf.jpg\" alt=\"\" style=\"max-width:100%\"\/><\/div><h3 class=\"pdf-title\">MENU HOGAR<span class=\"pdf-size\">0.80 MB<\/span><\/h3><\/div><\/a><\/div>\n<\/div><\/div>\n\n\n<style>.kadence-column16355_9630af-ff > .kt-inside-inner-col,.kadence-column16355_9630af-ff > .kt-inside-inner-col:before{border-top-left-radius:0px;border-top-right-radius:0px;border-bottom-right-radius:0px;border-bottom-left-radius:0px;}.kadence-column16355_9630af-ff > .kt-inside-inner-col{column-gap:var(--global-kb-gap-sm, 1rem);}.kadence-column16355_9630af-ff > .kt-inside-inner-col{flex-direction:column;}.kadence-column16355_9630af-ff > .kt-inside-inner-col > .aligncenter{width:100%;}.kadence-column16355_9630af-ff > .kt-inside-inner-col:before{opacity:0.3;}.kadence-column16355_9630af-ff{position:relative;}@media all and (max-width: 1024px){.kadence-column16355_9630af-ff > .kt-inside-inner-col{flex-direction:column;}}@media all and (max-width: 767px){.kadence-column16355_9630af-ff > .kt-inside-inner-col{flex-direction:column;}}<\/style>\n<div class=\"wp-block-kadence-column kadence-column16355_9630af-ff\"><div class=\"kt-inside-inner-col\">\n<div class=\"wp-block-custom-blocks-pdf-link pdf-embed\"><a href=\"https:\/\/padredamian.onlinevalles.club\/wp-content\/uploads\/2024\/10\/COLLEGI-PADRE-DAMIAN-VALLVIDRERA_MENU-BASAL.pdf\" target=\"_blank\" title=\"MENU BASAL\" class=\"pdf-link\" rel=\"noopener\"><div class=\"custom-pdf\"><div class=\"pdf-image\"><img decoding=\"async\" src=\"https:\/\/padredamian.onlinevalles.club\/wp-content\/uploads\/2024\/10\/COLLEGI-PADRE-DAMIAN-VALLVIDRERA_MENU-BASAL-pdf.jpg\" alt=\"\" style=\"max-width:100%\"\/><\/div><h3 class=\"pdf-title\">MENU BASAL<span class=\"pdf-size\">0.81 MB<\/span><\/h3><\/div><\/a><\/div>\n<\/div><\/div>\n\n\n<style>.kadence-column16355_6522fb-9e > .kt-inside-inner-col,.kadence-column16355_6522fb-9e > .kt-inside-inner-col:before{border-top-left-radius:0px;border-top-right-radius:0px;border-bottom-right-radius:0px;border-bottom-left-radius:0px;}.kadence-column16355_6522fb-9e > .kt-inside-inner-col{column-gap:var(--global-kb-gap-sm, 1rem);}.kadence-column16355_6522fb-9e > .kt-inside-inner-col{flex-direction:column;}.kadence-column16355_6522fb-9e > .kt-inside-inner-col > .aligncenter{width:100%;}.kadence-column16355_6522fb-9e > .kt-inside-inner-col:before{opacity:0.3;}.kadence-column16355_6522fb-9e{position:relative;}@media all and (max-width: 1024px){.kadence-column16355_6522fb-9e > .kt-inside-inner-col{flex-direction:column;}}@media all and (max-width: 767px){.kadence-column16355_6522fb-9e > .kt-inside-inner-col{flex-direction:column;}}<\/style>\n<div class=\"wp-block-kadence-column kadence-column16355_6522fb-9e\"><div class=\"kt-inside-inner-col\">\n<div class=\"wp-block-custom-blocks-pdf-link pdf-embed\"><a href=\"https:\/\/padredamian.onlinevalles.club\/wp-content\/uploads\/2024\/10\/COLLEGI-PADRE-DAMIAN-VALLVIDRERA_SENSE-GLUTEN.pdf\" target=\"_blank\" title=\"SIN GLUTEN\" class=\"pdf-link\" rel=\"noopener\"><div class=\"custom-pdf\"><div class=\"pdf-image\"><img decoding=\"async\" src=\"https:\/\/padredamian.onlinevalles.club\/wp-content\/uploads\/2024\/10\/COLLEGI-PADRE-DAMIAN-VALLVIDRERA_SENSE-GLUTEN-pdf.jpg\" alt=\"\" style=\"max-width:100%\"\/><\/div><h3 class=\"pdf-title\">SIN GLUTEN<span class=\"pdf-size\">0.79 MB<\/span><\/h3><\/div><\/a><\/div>\n<\/div><\/div>\n\n\n<style>.kadence-column16355_86ab6c-b2 > .kt-inside-inner-col,.kadence-column16355_86ab6c-b2 > .kt-inside-inner-col:before{border-top-left-radius:0px;border-top-right-radius:0px;border-bottom-right-radius:0px;border-bottom-left-radius:0px;}.kadence-column16355_86ab6c-b2 > .kt-inside-inner-col{column-gap:var(--global-kb-gap-sm, 1rem);}.kadence-column16355_86ab6c-b2 > .kt-inside-inner-col{flex-direction:column;}.kadence-column16355_86ab6c-b2 > .kt-inside-inner-col > .aligncenter{width:100%;}.kadence-column16355_86ab6c-b2 > .kt-inside-inner-col:before{opacity:0.3;}.kadence-column16355_86ab6c-b2{position:relative;}@media all and (max-width: 1024px){.kadence-column16355_86ab6c-b2 > .kt-inside-inner-col{flex-direction:column;}}@media all and (max-width: 767px){.kadence-column16355_86ab6c-b2 > .kt-inside-inner-col{flex-direction:column;}}<\/style>\n<div class=\"wp-block-kadence-column kadence-column16355_86ab6c-b2\"><div class=\"kt-inside-inner-col\">\n<div class=\"wp-block-custom-blocks-pdf-link pdf-embed\"><a href=\"https:\/\/padredamian.onlinevalles.club\/wp-content\/uploads\/2024\/10\/COLLEGI-PADRE-DAMIAN-VALLVIDRERA_SENSE-OU.pdf\" target=\"_blank\" title=\"SIN HUEVO\" class=\"pdf-link\" rel=\"noopener\"><div class=\"custom-pdf\"><div class=\"pdf-image\"><img decoding=\"async\" src=\"https:\/\/padredamian.onlinevalles.club\/wp-content\/uploads\/2024\/10\/COLLEGI-PADRE-DAMIAN-VALLVIDRERA_SENSE-OU-pdf.jpg\" alt=\"\" style=\"max-width:100%\"\/><\/div><h3 class=\"pdf-title\">SIN HUEVO<span class=\"pdf-size\">0.79 MB<\/span><\/h3><\/div><\/a><\/div>\n<\/div><\/div>\n\n<\/div><\/div>\n\n<style>.wp-block-kadence-advancedgallery .kb-gallery-type-masonry.kb-gallery-id-16355_c912fe-6a{margin:-5px;}.kb-gallery-type-masonry.kb-gallery-id-16355_c912fe-6a .kadence-blocks-gallery-item{padding:5px;}.kb-gallery-id-16355_c912fe-6a .kadence-blocks-gallery-item .kb-gal-image-radius{border-radius:0px 0px 0px 0px;;}<\/style><div class=\"kb-gallery-wrap-id-16355_c912fe-6a alignnone wp-block-kadence-advancedgallery\"><ul class=\"kb-gallery-ul kb-gallery-non-static kb-gallery-type-masonry kb-masonry-init kb-gallery-id-16355_c912fe-6a kb-gallery-caption-style-bottom-hover kb-gallery-filter-none kb-gallery-magnific-init\" data-image-filter=\"none\" data-item-selector=\".kadence-blocks-gallery-item\" data-lightbox-caption=\"true\" data-columns-xxl=\"2\" data-columns-xl=\"2\" data-columns-md=\"2\" data-columns-sm=\"2\" data-columns-xs=\"1\" data-columns-ss=\"1\"><li class=\"kadence-blocks-gallery-item\"><div class=\"kadence-blocks-gallery-item-inner\"><figure class=\"kb-gallery-figure kb-gallery-item-has-link kadence-blocks-gallery-item-hide-caption\" \"><a href=\"https:\/\/padredamian.onlinevalles.club\/wp-content\/uploads\/2024\/01\/1J2A5112.jpg\" class=\"kb-gallery-item-link\"  ><div class=\"kb-gal-image-radius\" style=\"max-width:1024px;\"><div class=\"kb-gallery-image-contain kadence-blocks-gallery-intrinsic\" style=\"padding-bottom:66%;\"><img loading=\"lazy\" decoding=\"async\" src=\"https:\/\/padredamian.onlinevalles.club\/wp-content\/uploads\/2024\/01\/1J2A5112-1024x683.jpg\" width=\"1024\" height=\"683\" alt=\"\" data-full-image=\"https:\/\/padredamian.onlinevalles.club\/wp-content\/uploads\/2024\/01\/1J2A5112.jpg\" data-light-image=\"https:\/\/padredamian.onlinevalles.club\/wp-content\/uploads\/2024\/01\/1J2A5112.jpg\" data-id=\"1121\" class=\"wp-image-1121\" srcset=\"https:\/\/padredamian.onlinevalles.club\/wp-content\/uploads\/2024\/01\/1J2A5112-1024x683.jpg 1024w, https:\/\/padredamian.onlinevalles.club\/wp-content\/uploads\/2024\/01\/1J2A5112-300x200.jpg 300w, https:\/\/padredamian.onlinevalles.club\/wp-content\/uploads\/2024\/01\/1J2A5112-768x512.jpg 768w, https:\/\/padredamian.onlinevalles.club\/wp-content\/uploads\/2024\/01\/1J2A5112-1536x1025.jpg 1536w, https:\/\/padredamian.onlinevalles.club\/wp-content\/uploads\/2024\/01\/1J2A5112.jpg 1799w\" sizes=\"auto, (max-width: 1024px) 100vw, 1024px\" \/><\/div><\/div><\/a><\/figure><\/div><\/li><li class=\"kadence-blocks-gallery-item\"><div class=\"kadence-blocks-gallery-item-inner\"><figure class=\"kb-gallery-figure kb-gallery-item-has-link kadence-blocks-gallery-item-hide-caption\" \"><a href=\"https:\/\/padredamian.onlinevalles.club\/wp-content\/uploads\/2024\/01\/1J2A5074.jpg\" class=\"kb-gallery-item-link\"  ><div class=\"kb-gal-image-radius\" style=\"max-width:1024px;\"><div class=\"kb-gallery-image-contain kadence-blocks-gallery-intrinsic\" style=\"padding-bottom:66%;\"><img loading=\"lazy\" decoding=\"async\" src=\"https:\/\/padredamian.onlinevalles.club\/wp-content\/uploads\/2024\/01\/1J2A5074-1024x683.jpg\" width=\"1024\" height=\"683\" alt=\"\" data-full-image=\"https:\/\/padredamian.onlinevalles.club\/wp-content\/uploads\/2024\/01\/1J2A5074.jpg\" data-light-image=\"https:\/\/padredamian.onlinevalles.club\/wp-content\/uploads\/2024\/01\/1J2A5074.jpg\" data-id=\"1184\" class=\"wp-image-1184\" srcset=\"https:\/\/padredamian.onlinevalles.club\/wp-content\/uploads\/2024\/01\/1J2A5074-1024x683.jpg 1024w, https:\/\/padredamian.onlinevalles.club\/wp-content\/uploads\/2024\/01\/1J2A5074-300x200.jpg 300w, https:\/\/padredamian.onlinevalles.club\/wp-content\/uploads\/2024\/01\/1J2A5074-768x512.jpg 768w, https:\/\/padredamian.onlinevalles.club\/wp-content\/uploads\/2024\/01\/1J2A5074-1536x1025.jpg 1536w, https:\/\/padredamian.onlinevalles.club\/wp-content\/uploads\/2024\/01\/1J2A5074.jpg 1799w\" sizes=\"auto, (max-width: 1024px) 100vw, 1024px\" \/><\/div><\/div><\/a><\/figure><\/div><\/li><\/ul><\/div><\/div><\/div>\n\n<\/div><\/div>","protected":false},"excerpt":{"rendered":"<p>Menjador L\u2019escola ofereix un servei de menjador amb cuina pr\u00f2pia i men\u00fas elaborat sota la supervisi\u00f3 d\u2019un nutricionista Els encarregats de vigilar el menjador s\u00f3n els mateixos professors. El Col\u00b7legi Padre Dami\u00e1n Sagrados Corazones disposa de cuina pr\u00f2pia de 180 metres quadrats a Avinguda Vallvidrera 10 i el menjar s\u2019elabora di\u00e0riament a les nostres instal\u00b7lacions&#8230;.<\/p>","protected":false},"author":1,"featured_media":17322,"parent":16359,"menu_order":29,"comment_status":"closed","ping_status":"closed","template":"","meta":{"_acf_changed":false,"_kad_blocks_custom_css":"","_kad_blocks_head_custom_js":"","_kad_blocks_body_custom_js":"","_kad_blocks_footer_custom_js":"","_kadence_starter_templates_imported_post":false,"_kad_post_transparent":"","_kad_post_title":"hide","_kad_post_layout":"fullwidth","_kad_post_sidebar_id":"","_kad_post_content_style":"unboxed","_kad_post_vertical_padding":"","_kad_post_feature":"","_kad_post_feature_position":"","_kad_post_header":false,"_kad_post_footer":false,"_joinchat":[],"footnotes":""},"class_list":["post-16355","page","type-page","status-publish","has-post-thumbnail","hentry"],"acf":[],"taxonomy_info":[],"featured_image_src_large":["https:\/\/padredamian.onlinevalles.club\/wp-content\/uploads\/2024\/05\/325-Foto-Escola-Padre-Damian-BCN-1-1024x493.jpg",1024,493,true],"author_info":{"display_name":"eloi","author_link":"https:\/\/padredamian.onlinevalles.club\/es\/author\/eloi\/"},"comment_info":0,"_links":{"self":[{"href":"https:\/\/padredamian.onlinevalles.club\/es\/wp-json\/wp\/v2\/pages\/16355","targetHints":{"allow":["GET"]}}],"collection":[{"href":"https:\/\/padredamian.onlinevalles.club\/es\/wp-json\/wp\/v2\/pages"}],"about":[{"href":"https:\/\/padredamian.onlinevalles.club\/es\/wp-json\/wp\/v2\/types\/page"}],"author":[{"embeddable":true,"href":"https:\/\/padredamian.onlinevalles.club\/es\/wp-json\/wp\/v2\/users\/1"}],"replies":[{"embeddable":true,"href":"https:\/\/padredamian.onlinevalles.club\/es\/wp-json\/wp\/v2\/comments?post=16355"}],"version-history":[{"count":10,"href":"https:\/\/padredamian.onlinevalles.club\/es\/wp-json\/wp\/v2\/pages\/16355\/revisions"}],"predecessor-version":[{"id":18709,"href":"https:\/\/padredamian.onlinevalles.club\/es\/wp-json\/wp\/v2\/pages\/16355\/revisions\/18709"}],"up":[{"embeddable":true,"href":"https:\/\/padredamian.onlinevalles.club\/es\/wp-json\/wp\/v2\/pages\/16359"}],"wp:featuredmedia":[{"embeddable":true,"href":"https:\/\/padredamian.onlinevalles.club\/es\/wp-json\/wp\/v2\/media\/17322"}],"wp:attachment":[{"href":"https:\/\/padredamian.onlinevalles.club\/es\/wp-json\/wp\/v2\/media?parent=16355"}],"curies":[{"name":"wp","href":"https:\/\/api.w.org\/{rel}","templated":true}]}}