{"id":17648,"date":"2024-06-04T08:42:20","date_gmt":"2024-06-04T06:42:20","guid":{"rendered":"https:\/\/padredamian.onlinevalles.club\/?page_id=17648"},"modified":"2024-10-03T11:46:20","modified_gmt":"2024-10-03T09:46:20","slug":"cantina","status":"publish","type":"page","link":"https:\/\/padredamian.onlinevalles.club\/es\/serveis\/cantina\/","title":{"rendered":"Cantina"},"content":{"rendered":"<style>.kb-row-layout-id17648_8f4ac8-25 > .kt-row-column-wrap{align-content:center;}:where(.kb-row-layout-id17648_8f4ac8-25 > .kt-row-column-wrap) > .wp-block-kadence-column{justify-content:center;}.kb-row-layout-id17648_8f4ac8-25 > .kt-row-column-wrap{column-gap:var(--global-kb-gap-md, 2rem);row-gap:var(--global-kb-gap-md, 2rem);max-width:var( --global-content-width, 1290px );padding-left:var(--global-content-edge-padding);padding-right:var(--global-content-edge-padding);padding-top:var(--global-kb-spacing-lg, 3rem);padding-bottom:var(--global-kb-spacing-lg, 3rem);min-height:400px;grid-template-columns:minmax(0, 1fr);}.kb-row-layout-id17648_8f4ac8-25{background-image:url('https:\/\/padredamian.onlinevalles.club\/wp-content\/uploads\/2024\/01\/1J2A5179-1.jpg');background-size:cover;background-position:50% 21%;background-attachment:scroll;background-repeat:no-repeat;}.kb-row-layout-id17648_8f4ac8-25 > .kt-row-layout-overlay{opacity:0.30;background-color:var(--global-palette3, #1A202C);mix-blend-mode:multiply;}.kb-row-layout-id17648_8f4ac8-25 ,.kb-row-layout-id17648_8f4ac8-25 h1,.kb-row-layout-id17648_8f4ac8-25 h2,.kb-row-layout-id17648_8f4ac8-25 h3,.kb-row-layout-id17648_8f4ac8-25 h4,.kb-row-layout-id17648_8f4ac8-25 h5,.kb-row-layout-id17648_8f4ac8-25 h6{color:var(--global-palette9, #ffffff);}.kb-row-layout-id17648_8f4ac8-25 a{color:var(--global-palette9, #ffffff);}.kb-row-layout-id17648_8f4ac8-25 a:hover{color:var(--global-palette8, #F7FAFC);}@media all and (max-width: 1024px){.kb-row-layout-id17648_8f4ac8-25 > .kt-row-column-wrap{grid-template-columns:minmax(0, 1fr);}}@media all and (max-width: 767px){.kb-row-layout-id17648_8f4ac8-25 > .kt-row-column-wrap{grid-template-columns:minmax(0, 1fr);}}.kb-row-layout-id17648_8f4ac8-25 {text-align: center;}<\/style><div class=\"kb-row-layout-wrap kb-row-layout-id17648_8f4ac8-25 alignnone has-theme-palette1-background-color kt-row-has-bg page-title wp-block-kadence-rowlayout\"><div class=\"kt-row-layout-overlay kt-row-overlay-normal\"><\/div><div class=\"kt-row-column-wrap kt-has-1-columns kt-row-layout-equal kt-tab-layout-inherit kt-mobile-layout-row kt-row-valign-middle kb-theme-content-width\">\n<style>.kadence-column17648_688ac5-5b > .kt-inside-inner-col,.kadence-column17648_688ac5-5b > .kt-inside-inner-col:before{border-top-left-radius:0px;border-top-right-radius:0px;border-bottom-right-radius:0px;border-bottom-left-radius:0px;}.kadence-column17648_688ac5-5b > .kt-inside-inner-col{column-gap:var(--global-kb-gap-sm, 1rem);}.kadence-column17648_688ac5-5b > .kt-inside-inner-col{flex-direction:column;}.kadence-column17648_688ac5-5b > .kt-inside-inner-col > .aligncenter{width:100%;}.kadence-column17648_688ac5-5b > .kt-inside-inner-col:before{opacity:0.3;}.kadence-column17648_688ac5-5b{position:relative;}@media all and (max-width: 1024px){.kadence-column17648_688ac5-5b > .kt-inside-inner-col{flex-direction:column;}}@media all and (max-width: 767px){.kadence-column17648_688ac5-5b > .kt-inside-inner-col{flex-direction:column;}}<\/style>\n<div class=\"wp-block-kadence-column kadence-column17648_688ac5-5b\"><div class=\"kt-inside-inner-col\"><style>.wp-block-kadence-advancedheading.kt-adv-heading17648_197896-b2, .wp-block-kadence-advancedheading.kt-adv-heading17648_197896-b2[data-kb-block=\"kb-adv-heading17648_197896-b2\"]{margin-bottom:var(--global-kb-spacing-xs, 1rem);text-align:center;font-size:var(--global-kb-font-size-xxl, 4rem);font-style:normal;}.wp-block-kadence-advancedheading.kt-adv-heading17648_197896-b2 mark.kt-highlight, .wp-block-kadence-advancedheading.kt-adv-heading17648_197896-b2[data-kb-block=\"kb-adv-heading17648_197896-b2\"] mark.kt-highlight{font-style:normal;color:#f76a0c;padding-top:0px;padding-right:0px;padding-bottom:0px;padding-left:0px;}<\/style>\n<h1 class=\"kt-adv-heading17648_197896-b2 wp-block-kadence-advancedheading\" data-kb-block=\"kb-adv-heading17648_197896-b2\">Cantina<\/h1>\n\n\n<nav id=\"kadence-breadcrumbs\" aria-label=\"Migas de pan\"  class=\"kadence-breadcrumbs\"><div class=\"kadence-breadcrumb-container\"><span><a href=\"https:\/\/padredamian.onlinevalles.club\/es\/\" title=\"Inicio\" itemprop=\"url\" class=\"kadence-bc-home kadence-bc-home-icon\" ><span><span class=\"kadence-svg-iconset svg-baseline\"><svg aria-hidden=\"true\" class=\"kadence-svg-icon kadence-home-svg\" fill=\"currentColor\" version=\"1.1\" xmlns=\"http:\/\/www.w3.org\/2000\/svg\" width=\"24\" height=\"24\" viewbox=\"0 0 24 24\"><title>Inicio<\/title><path d=\"M9.984 20.016h-4.969v-8.016h-3l9.984-9 9.984 9h-3v8.016h-4.969v-6h-4.031v6z\"><\/path>\n\t\t\t\t<\/svg><\/span><\/span><\/a><\/span> <span class=\"bc-delimiter\">\/<\/span> <span class=\"kadence-bread-current\">Cantina<\/span><\/div><\/nav>\n<\/div><\/div>\n\n<\/div><\/div>\n\n<style>.kb-row-layout-id17648_962eba-29 > .kt-row-column-wrap{align-content:start;}:where(.kb-row-layout-id17648_962eba-29 > .kt-row-column-wrap) > .wp-block-kadence-column{justify-content:start;}.kb-row-layout-id17648_962eba-29 > .kt-row-column-wrap{column-gap:var(--global-kb-gap-lg, 4rem);row-gap:var(--global-kb-gap-md, 2rem);max-width:var( --global-content-width, 1290px );padding-left:var(--global-content-edge-padding);padding-right:var(--global-content-edge-padding);padding-top:var(--global-kb-spacing-lg, 3rem);padding-bottom:var(--global-kb-spacing-xl, 4rem);grid-template-columns:minmax(0, calc(25% - ((var(--global-kb-gap-lg, 4rem) * 1 )\/2)))minmax(0, calc(75% - ((var(--global-kb-gap-lg, 4rem) * 1 )\/2)));}.kb-row-layout-id17648_962eba-29 > .kt-row-layout-overlay{opacity:0.30;}@media all and (max-width: 1024px){.kb-row-layout-id17648_962eba-29 > .kt-row-column-wrap{grid-template-columns:minmax(0, 1fr) minmax(0, 2fr);}}@media all and (max-width: 767px){.kb-row-layout-id17648_962eba-29 > .kt-row-column-wrap{grid-template-columns:minmax(0, 1fr);}.kb-row-layout-id17648_962eba-29 > .kt-row-column-wrap > .wp-block-kadence-column:nth-child(1){order:2;}.kb-row-layout-id17648_962eba-29 > .kt-row-column-wrap > .wp-block-kadence-column:nth-child(2){order:1;}.kb-row-layout-id17648_962eba-29 > .kt-row-column-wrap > .wp-block-kadence-column:nth-child(3){order:12;}.kb-row-layout-id17648_962eba-29 > .kt-row-column-wrap > .wp-block-kadence-column:nth-child(4){order:11;}.kb-row-layout-id17648_962eba-29 > .kt-row-column-wrap > .wp-block-kadence-column:nth-child(5){order:22;}.kb-row-layout-id17648_962eba-29 > .kt-row-column-wrap > .wp-block-kadence-column:nth-child(6){order:21;}.kb-row-layout-id17648_962eba-29 > .kt-row-column-wrap > .wp-block-kadence-column:nth-child(7){order:32;}.kb-row-layout-id17648_962eba-29 > .kt-row-column-wrap > .wp-block-kadence-column:nth-child(8){order:31;}}<\/style><div class=\"kb-row-layout-wrap kb-row-layout-id17648_962eba-29 alignnone wp-block-kadence-rowlayout\"><div class=\"kt-row-column-wrap kt-has-2-columns kt-row-layout-right-golden kt-tab-layout-inherit kt-mobile-layout-row kt-row-valign-top kb-theme-content-width\">\n<style>#wrapper.site{overflow:clip;}.kadence-column17648_015b2f-d9{--kb-section-setting-offset:80px;}.kadence-column17648_015b2f-d9 > .kt-inside-inner-col,.kadence-column17648_015b2f-d9 > .kt-inside-inner-col:before{border-top-left-radius:0px;border-top-right-radius:0px;border-bottom-right-radius:0px;border-bottom-left-radius:0px;}.kadence-column17648_015b2f-d9 > .kt-inside-inner-col{column-gap:var(--global-kb-gap-sm, 1rem);}.kadence-column17648_015b2f-d9 > .kt-inside-inner-col{flex-direction:column;}.kadence-column17648_015b2f-d9 > .kt-inside-inner-col > .aligncenter{width:100%;}.kadence-column17648_015b2f-d9 > .kt-inside-inner-col:before{opacity:0.3;}.kadence-column17648_015b2f-d9{position:relative;}@media all and (max-width: 1024px){.kadence-column17648_015b2f-d9 > .kt-inside-inner-col{flex-direction:column;}}@media all and (max-width: 767px){.kadence-column17648_015b2f-d9 > .kt-inside-inner-col{flex-direction:column;}}<\/style>\n<div class=\"wp-block-kadence-column kadence-column17648_015b2f-d9 kb-section-is-sticky\"><div class=\"kt-inside-inner-col\"><div class=\"shortcode-menu\"><ul class=\"shortcode-menu\"><li class=\"\"><a href=\"https:\/\/padredamian.onlinevalles.club\/es\/serveis\/acolliment-i-permanencia\/\">Acogida y permanencia<\/a><\/li><li class=\"\"><a href=\"https:\/\/padredamian.onlinevalles.club\/es\/serveis\/menjador\/\">Comedor<\/a><\/li><li class=\"\"><a href=\"https:\/\/padredamian.onlinevalles.club\/es\/serveis\/infermeria\/\">Enfermer\u00eda<\/a><\/li><li class=\"\"><a href=\"https:\/\/padredamian.onlinevalles.club\/es\/serveis\/transport-escolar\/\">Transporte escolar<\/a><\/li><li class=\"\"><a href=\"https:\/\/padredamian.onlinevalles.club\/es\/serveis\/compra-de-llibres-i-material\/\">Compra de libros y material<\/a><\/li><li class=\"\"><a href=\"https:\/\/padredamian.onlinevalles.club\/es\/serveis\/uniformes\/\">Uniformes<\/a><\/li><li class=\"active\"><a href=\"https:\/\/padredamian.onlinevalles.club\/es\/serveis\/cantina\/\">Cantina<\/a><\/li><li class=\"\"><a href=\"https:\/\/padredamian.onlinevalles.club\/es\/serveis\/logopedia\/\">Logopedia<\/a><\/li><\/ul><\/div>\n<\/div><\/div>\n\n\n<style>.kadence-column17648_b684f2-e7 > .kt-inside-inner-col,.kadence-column17648_b684f2-e7 > .kt-inside-inner-col:before{border-top-left-radius:0px;border-top-right-radius:0px;border-bottom-right-radius:0px;border-bottom-left-radius:0px;}.kadence-column17648_b684f2-e7 > .kt-inside-inner-col{column-gap:var(--global-kb-gap-sm, 1rem);}.kadence-column17648_b684f2-e7 > .kt-inside-inner-col{flex-direction:column;}.kadence-column17648_b684f2-e7 > .kt-inside-inner-col > .aligncenter{width:100%;}.kadence-column17648_b684f2-e7 > .kt-inside-inner-col:before{opacity:0.3;}.kadence-column17648_b684f2-e7{position:relative;}@media all and (max-width: 1024px){.kadence-column17648_b684f2-e7 > .kt-inside-inner-col{flex-direction:column;}}@media all and (max-width: 767px){.kadence-column17648_b684f2-e7 > .kt-inside-inner-col{flex-direction:column;}}<\/style>\n<div class=\"wp-block-kadence-column kadence-column17648_b684f2-e7\"><div class=\"kt-inside-inner-col\"><style>.wp-block-kadence-advancedheading.kt-adv-heading17648_bf0856-4e, .wp-block-kadence-advancedheading.kt-adv-heading17648_bf0856-4e[data-kb-block=\"kb-adv-heading17648_bf0856-4e\"]{font-style:normal;}.wp-block-kadence-advancedheading.kt-adv-heading17648_bf0856-4e mark.kt-highlight, .wp-block-kadence-advancedheading.kt-adv-heading17648_bf0856-4e[data-kb-block=\"kb-adv-heading17648_bf0856-4e\"] mark.kt-highlight{font-style:normal;color:#f76a0c;padding-top:0px;padding-right:0px;padding-bottom:0px;padding-left:0px;}<\/style>\n<h2 class=\"kt-adv-heading17648_bf0856-4e wp-block-kadence-advancedheading has-theme-palette-1-color has-text-color\" data-kb-block=\"kb-adv-heading17648_bf0856-4e\">Servicio de restauraci\u00f3n externo que ofrece servicio de cafeter\u00eda, ensaladas, pizza y bocadillos<\/h2>\n\n\n<style>.wp-block-kadence-iconlist.kt-svg-icon-list-items17648_03fad8-32:not(.this-stops-third-party-issues){margin-top:0px;margin-bottom:0px;}.wp-block-kadence-iconlist.kt-svg-icon-list-items17648_03fad8-32 ul.kt-svg-icon-list:not(.this-prevents-issues):not(.this-stops-third-party-issues):not(.tijsloc){margin-top:var(--global-kb-spacing-sm, 1.5rem);margin-right:0px;margin-bottom:var(--global-kb-spacing-sm, 1.5rem);margin-left:0px;}.wp-block-kadence-iconlist.kt-svg-icon-list-items17648_03fad8-32 ul.kt-svg-icon-list{grid-row-gap:5px;}.wp-block-kadence-iconlist.kt-svg-icon-list-items17648_03fad8-32 .kb-svg-icon-wrap{color:var(--global-palette1, #3182CE);}.wp-block-kadence-iconlist.kt-svg-icon-list-items17648_03fad8-32 ul.kt-svg-icon-list .kt-svg-icon-list-item-wrap .kt-svg-icon-list-single{margin-right:5px;}.kt-svg-icon-list-items17648_03fad8-32 ul.kt-svg-icon-list .kt-svg-icon-list-level-0 .kt-svg-icon-list-single svg{font-size:20px;}<\/style>\n<div class=\"wp-block-kadence-iconlist kt-svg-icon-list-items kt-svg-icon-list-items17648_03fad8-32 kt-svg-icon-list-columns-1 alignnone\"><ul class=\"kt-svg-icon-list\">\n<li class=\"wp-block-kadence-listitem kt-svg-icon-list-item-wrap kt-svg-icon-list-item-17648_880761-2d\"><span class=\"kb-svg-icon-wrap kb-svg-icon-fe_chevronRight kt-svg-icon-list-single\"><svg viewbox=\"0 0 24 24\"  fill=\"none\" stroke=\"currentColor\" stroke-width=\"2\" stroke-linecap=\"round\" stroke-linejoin=\"round\" xmlns=\"http:\/\/www.w3.org\/2000\/svg\"  aria-hidden=\"true\"><polyline points=\"9 18 15 12 9 6\"\/><\/svg><\/span><span class=\"kt-svg-icon-list-text\">El alumnado de Educaci\u00f3n Primaria y Secundaria puede comprar el desayuno.<\/span><\/li>\n\n\n\n<li class=\"wp-block-kadence-listitem kt-svg-icon-list-item-wrap kt-svg-icon-list-item-17648_eb3109-a6\"><span class=\"kb-svg-icon-wrap kb-svg-icon-fe_chevronRight kt-svg-icon-list-single\"><svg viewbox=\"0 0 24 24\"  fill=\"none\" stroke=\"currentColor\" stroke-width=\"2\" stroke-linecap=\"round\" stroke-linejoin=\"round\" xmlns=\"http:\/\/www.w3.org\/2000\/svg\"  aria-hidden=\"true\"><polyline points=\"9 18 15 12 9 6\"\/><\/svg><\/span><span class=\"kt-svg-icon-list-text\">El alumnado de Bachillerato puede desayunar y almorzar.<\/span><\/li>\n\n\n\n<li class=\"wp-block-kadence-listitem kt-svg-icon-list-item-wrap kt-svg-icon-list-item-17648_f40b7c-7c\"><span class=\"kb-svg-icon-wrap kb-svg-icon-fe_chevronRight kt-svg-icon-list-single\"><svg viewbox=\"0 0 24 24\"  fill=\"none\" stroke=\"currentColor\" stroke-width=\"2\" stroke-linecap=\"round\" stroke-linejoin=\"round\" xmlns=\"http:\/\/www.w3.org\/2000\/svg\"  aria-hidden=\"true\"><polyline points=\"9 18 15 12 9 6\"\/><\/svg><\/span><span class=\"kt-svg-icon-list-text\">El alumno de Secundaria puede utilizar las mesas de la cantina para merendar.&nbsp;<\/span><\/li>\n\n\n\n<li class=\"wp-block-kadence-listitem kt-svg-icon-list-item-wrap kt-svg-icon-list-item-17648_ab6eb8-ed\"><span class=\"kb-svg-icon-wrap kb-svg-icon-fe_chevronRight kt-svg-icon-list-single\"><svg viewbox=\"0 0 24 24\"  fill=\"none\" stroke=\"currentColor\" stroke-width=\"2\" stroke-linecap=\"round\" stroke-linejoin=\"round\" xmlns=\"http:\/\/www.w3.org\/2000\/svg\"  aria-hidden=\"true\"><polyline points=\"9 18 15 12 9 6\"\/><\/svg><\/span><span class=\"kt-svg-icon-list-text\">Servicio de bocadillos, bebidas y almuerzos para padres, madres y familiares del colegio.<\/span><\/li>\n\n\n\n<li class=\"wp-block-kadence-listitem kt-svg-icon-list-item-wrap kt-svg-icon-list-item-17648_b3fe9c-39\"><span class=\"kb-svg-icon-wrap kb-svg-icon-fe_chevronRight kt-svg-icon-list-single\"><svg viewbox=\"0 0 24 24\"  fill=\"none\" stroke=\"currentColor\" stroke-width=\"2\" stroke-linecap=\"round\" stroke-linejoin=\"round\" xmlns=\"http:\/\/www.w3.org\/2000\/svg\"  aria-hidden=\"true\"><polyline points=\"9 18 15 12 9 6\"\/><\/svg><\/span><span class=\"kt-svg-icon-list-text\">Servicio de entrega en clase para Primaria.&nbsp;<\/span><\/li>\n\n\n\n<li class=\"wp-block-kadence-listitem kt-svg-icon-list-item-wrap kt-svg-icon-list-item-17648_271c6f-85\"><span class=\"kb-svg-icon-wrap kb-svg-icon-fe_chevronRight kt-svg-icon-list-single\"><svg viewbox=\"0 0 24 24\"  fill=\"none\" stroke=\"currentColor\" stroke-width=\"2\" stroke-linecap=\"round\" stroke-linejoin=\"round\" xmlns=\"http:\/\/www.w3.org\/2000\/svg\"  aria-hidden=\"true\"><polyline points=\"9 18 15 12 9 6\"\/><\/svg><\/span><span class=\"kt-svg-icon-list-text\">Servicio de fiestas de cumplea\u00f1os.<\/span><\/li>\n<\/ul><\/div>\n\n\n\n<p><strong>M\u00e1s informaci\u00f3n:<\/strong>&nbsp;<a href=\"mailto:cantina@padredamiansscc.net\">cantina@padredamiansscc.net<\/a>&nbsp;<br><strong>Horario:&nbsp;<\/strong>8h00-18h30<\/p>\n\n\n\n<p>\u00a1La Cantina te lo pone aun m\u00e1s f\u00e1cil ahora con <strong>la nueva APP<\/strong>! Desc\u00e1rgala<a href=\"https:\/\/lacantina.app\/\"> aqu\u00ed<\/a>. <\/p>\n\n\n<style>.wp-block-kadence-advancedgallery.kb-gallery-wrap-id-17648_ef0b32-86{overflow:hidden;}.kb-gallery-type-carousel.kb-gallery-id-17648_ef0b32-86 .kt-blocks-carousel .kt-blocks-carousel-init:not( .splide-initialized ){margin-left:-5px;margin-right:-5px;}.kb-gallery-type-carousel.kb-gallery-id-17648_ef0b32-86 .kt-blocks-carousel .kt-blocks-carousel-init:not( .splide-initialized ) .kb-slide-item{padding-left:5px;padding-right:5px;}.kb-gallery-id-17648_ef0b32-86 .kadence-blocks-gallery-item .kb-gal-image-radius{border-radius:0px 0px 0px 0px;;}<\/style><div class=\"kb-gallery-wrap-id-17648_ef0b32-86 alignnone wp-block-kadence-advancedgallery\"><div class=\"kb-gallery-ul kb-gallery-non-static kb-gallery-type-carousel kb-gallery-id-17648_ef0b32-86 kb-gallery-caption-style-bottom-hover kb-gallery-filter-none kb-gallery-magnific-init\" data-image-filter=\"none\" data-lightbox-caption=\"true\"><div class=\"kt-blocks-carousel kt-carousel-container-dotstyle-dark\"><div class=\"kt-blocks-carousel-init kb-gallery-carousel kt-carousel-arrowstyle-whiteondark kt-carousel-dotstyle-dark\" data-columns-xxl=\"2\" data-columns-xl=\"2\" data-columns-md=\"2\" data-columns-sm=\"2\" data-columns-xs=\"1\" data-columns-ss=\"1\" data-slider-anim-speed=\"400\" data-slider-scroll=\"1\" data-slider-arrows=\"true\" data-slider-dots=\"true\" data-slider-hover-pause=\"false\" data-slider-auto=\"\" data-slider-speed=\"7000\" data-slider-gap=\"10px\" data-slider-gap-tablet=\"10px\" data-slider-gap-mobile=\"10px\"><div class=\"kb-slide-item kb-gallery-carousel-item\"><div class=\"kadence-blocks-gallery-item\"><div class=\"kadence-blocks-gallery-item-inner\"><figure class=\"kb-gallery-figure kb-gallery-item-has-link kadence-blocks-gallery-item-hide-caption\" \"><a href=\"https:\/\/padredamian.onlinevalles.club\/wp-content\/uploads\/2024\/07\/182-Foto-Escola-Padre-Damian-BCN.jpg\" class=\"kb-gallery-item-link\"  ><div class=\"kb-gal-image-radius\"><div class=\"kb-gallery-image-contain kadence-blocks-gallery-intrinsic kb-gallery-image-ratio-land32 kb-has-image-ratio-land32\" ><img loading=\"lazy\" decoding=\"async\" src=\"https:\/\/padredamian.onlinevalles.club\/wp-content\/uploads\/2024\/07\/182-Foto-Escola-Padre-Damian-BCN-1024x683.jpg\" width=\"1024\" height=\"683\" alt=\"\" data-full-image=\"https:\/\/padredamian.onlinevalles.club\/wp-content\/uploads\/2024\/07\/182-Foto-Escola-Padre-Damian-BCN.jpg\" data-light-image=\"https:\/\/padredamian.onlinevalles.club\/wp-content\/uploads\/2024\/07\/182-Foto-Escola-Padre-Damian-BCN.jpg\" data-id=\"18161\" class=\"wp-image-18161 skip-lazy\" srcset=\"https:\/\/padredamian.onlinevalles.club\/wp-content\/uploads\/2024\/07\/182-Foto-Escola-Padre-Damian-BCN-1024x683.jpg 1024w, https:\/\/padredamian.onlinevalles.club\/wp-content\/uploads\/2024\/07\/182-Foto-Escola-Padre-Damian-BCN-300x200.jpg 300w, https:\/\/padredamian.onlinevalles.club\/wp-content\/uploads\/2024\/07\/182-Foto-Escola-Padre-Damian-BCN-768x512.jpg 768w, https:\/\/padredamian.onlinevalles.club\/wp-content\/uploads\/2024\/07\/182-Foto-Escola-Padre-Damian-BCN-1536x1024.jpg 1536w, https:\/\/padredamian.onlinevalles.club\/wp-content\/uploads\/2024\/07\/182-Foto-Escola-Padre-Damian-BCN-128x85.jpg 128w, https:\/\/padredamian.onlinevalles.club\/wp-content\/uploads\/2024\/07\/182-Foto-Escola-Padre-Damian-BCN-32x21.jpg 32w, https:\/\/padredamian.onlinevalles.club\/wp-content\/uploads\/2024\/07\/182-Foto-Escola-Padre-Damian-BCN.jpg 2048w\" sizes=\"auto, (max-width: 1024px) 100vw, 1024px\" \/><\/div><\/div><\/a><\/figure><\/div><\/div><\/div><div class=\"kb-slide-item kb-gallery-carousel-item\"><div class=\"kadence-blocks-gallery-item\"><div class=\"kadence-blocks-gallery-item-inner\"><figure class=\"kb-gallery-figure kb-gallery-item-has-link kadence-blocks-gallery-item-hide-caption\" \"><a href=\"https:\/\/padredamian.onlinevalles.club\/wp-content\/uploads\/2024\/10\/WhatsApp-Image-2024-09-30-at-14.58.27.jpeg\" class=\"kb-gallery-item-link\"  ><div class=\"kb-gal-image-radius\"><div class=\"kb-gallery-image-contain kadence-blocks-gallery-intrinsic kb-gallery-image-ratio-land32 kb-has-image-ratio-land32\" ><img loading=\"lazy\" decoding=\"async\" src=\"https:\/\/padredamian.onlinevalles.club\/wp-content\/uploads\/2024\/10\/WhatsApp-Image-2024-09-30-at-14.58.27-1024x612.jpeg\" width=\"1024\" height=\"612\" alt=\"\" data-full-image=\"https:\/\/padredamian.onlinevalles.club\/wp-content\/uploads\/2024\/10\/WhatsApp-Image-2024-09-30-at-14.58.27.jpeg\" data-light-image=\"https:\/\/padredamian.onlinevalles.club\/wp-content\/uploads\/2024\/10\/WhatsApp-Image-2024-09-30-at-14.58.27.jpeg\" data-id=\"18544\" class=\"wp-image-18544 skip-lazy\" srcset=\"https:\/\/padredamian.onlinevalles.club\/wp-content\/uploads\/2024\/10\/WhatsApp-Image-2024-09-30-at-14.58.27-1024x612.jpeg 1024w, https:\/\/padredamian.onlinevalles.club\/wp-content\/uploads\/2024\/10\/WhatsApp-Image-2024-09-30-at-14.58.27-300x179.jpeg 300w, https:\/\/padredamian.onlinevalles.club\/wp-content\/uploads\/2024\/10\/WhatsApp-Image-2024-09-30-at-14.58.27-768x459.jpeg 768w, https:\/\/padredamian.onlinevalles.club\/wp-content\/uploads\/2024\/10\/WhatsApp-Image-2024-09-30-at-14.58.27-1536x919.jpeg 1536w, https:\/\/padredamian.onlinevalles.club\/wp-content\/uploads\/2024\/10\/WhatsApp-Image-2024-09-30-at-14.58.27-18x12.jpeg 18w, https:\/\/padredamian.onlinevalles.club\/wp-content\/uploads\/2024\/10\/WhatsApp-Image-2024-09-30-at-14.58.27-128x77.jpeg 128w, https:\/\/padredamian.onlinevalles.club\/wp-content\/uploads\/2024\/10\/WhatsApp-Image-2024-09-30-at-14.58.27-32x19.jpeg 32w, https:\/\/padredamian.onlinevalles.club\/wp-content\/uploads\/2024\/10\/WhatsApp-Image-2024-09-30-at-14.58.27.jpeg 1600w\" sizes=\"auto, (max-width: 1024px) 100vw, 1024px\" \/><\/div><\/div><\/a><\/figure><\/div><\/div><\/div><\/div><\/div><\/div><\/div><\/div><\/div>\n\n<\/div><\/div>","protected":false},"excerpt":{"rendered":"<p>Cantina Servei de restauraci\u00f3 extern que ofereix servei de cafeteria, amanides, pizza i entrepans M\u00e9s informaci\u00f3:&nbsp;cantina@padredamiansscc.net&nbsp;Horari:&nbsp;8h00-18h30 La Cantina t&#8217;ho posa encara m\u00e9s f\u00e0cil ara amb la nova APP! Descarr\u00e8ga-la aqu\u00ed.<\/p>","protected":false},"author":1,"featured_media":1122,"parent":16359,"menu_order":34,"comment_status":"closed","ping_status":"closed","template":"","meta":{"_acf_changed":false,"_kad_blocks_custom_css":"","_kad_blocks_head_custom_js":"","_kad_blocks_body_custom_js":"","_kad_blocks_footer_custom_js":"","_kadence_starter_templates_imported_post":false,"_kad_post_transparent":"","_kad_post_title":"hide","_kad_post_layout":"fullwidth","_kad_post_sidebar_id":"","_kad_post_content_style":"unboxed","_kad_post_vertical_padding":"","_kad_post_feature":"","_kad_post_feature_position":"","_kad_post_header":false,"_kad_post_footer":false,"_joinchat":[],"footnotes":""},"class_list":["post-17648","page","type-page","status-publish","has-post-thumbnail","hentry"],"acf":[],"taxonomy_info":[],"featured_image_src_large":["https:\/\/padredamian.onlinevalles.club\/wp-content\/uploads\/2024\/01\/1J2A5179-1-e1719479600221-1024x331.jpg",1024,331,true],"author_info":{"display_name":"eloi","author_link":"https:\/\/padredamian.onlinevalles.club\/es\/author\/eloi\/"},"comment_info":0,"_links":{"self":[{"href":"https:\/\/padredamian.onlinevalles.club\/es\/wp-json\/wp\/v2\/pages\/17648","targetHints":{"allow":["GET"]}}],"collection":[{"href":"https:\/\/padredamian.onlinevalles.club\/es\/wp-json\/wp\/v2\/pages"}],"about":[{"href":"https:\/\/padredamian.onlinevalles.club\/es\/wp-json\/wp\/v2\/types\/page"}],"author":[{"embeddable":true,"href":"https:\/\/padredamian.onlinevalles.club\/es\/wp-json\/wp\/v2\/users\/1"}],"replies":[{"embeddable":true,"href":"https:\/\/padredamian.onlinevalles.club\/es\/wp-json\/wp\/v2\/comments?post=17648"}],"version-history":[{"count":8,"href":"https:\/\/padredamian.onlinevalles.club\/es\/wp-json\/wp\/v2\/pages\/17648\/revisions"}],"predecessor-version":[{"id":18545,"href":"https:\/\/padredamian.onlinevalles.club\/es\/wp-json\/wp\/v2\/pages\/17648\/revisions\/18545"}],"up":[{"embeddable":true,"href":"https:\/\/padredamian.onlinevalles.club\/es\/wp-json\/wp\/v2\/pages\/16359"}],"wp:featuredmedia":[{"embeddable":true,"href":"https:\/\/padredamian.onlinevalles.club\/es\/wp-json\/wp\/v2\/media\/1122"}],"wp:attachment":[{"href":"https:\/\/padredamian.onlinevalles.club\/es\/wp-json\/wp\/v2\/media?parent=17648"}],"curies":[{"name":"wp","href":"https:\/\/api.w.org\/{rel}","templated":true}]}}